{"id":23418,"date":"2026-03-31T12:01:46","date_gmt":"2026-03-31T16:01:46","guid":{"rendered":"https:\/\/calypsopark.com\/?page_id=23418"},"modified":"2026-03-31T13:34:08","modified_gmt":"2026-03-31T17:34:08","slug":"thank-you-group-20-99","status":"publish","type":"page","link":"https:\/\/calypsopark.com\/en\/groups-old\/thank-you-group-20-99\/","title":{"rendered":"Thank you &#8211; Group 20 &#8211; 99"},"content":{"rendered":"<p>[et_pb_section fb_built=&#8221;1&#8243; _builder_version=&#8221;4.27.4&#8243; _module_preset=&#8221;default&#8221; global_colors_info=&#8221;{}&#8221; theme_builder_area=&#8221;post_content&#8221;][et_pb_row _builder_version=&#8221;4.27.4&#8243; _module_preset=&#8221;default&#8221; global_colors_info=&#8221;{}&#8221; column_structure=&#8221;1_2,1_2&#8243; theme_builder_area=&#8221;post_content&#8221;][et_pb_column type=&#8221;1_2&#8243; _builder_version=&#8221;4.27.4&#8243; _module_preset=&#8221;default&#8221; global_colors_info=&#8221;{}&#8221; theme_builder_area=&#8221;post_content&#8221;][et_pb_heading title=&#8221;Thank You!&#8221; _builder_version=&#8221;4.27.4&#8243; _module_preset=&#8221;default&#8221; title_font=&#8221;&#8211;et_global_heading_font|800|||||||&#8221; title_text_align=&#8221;center&#8221; title_text_color=&#8221;#1a4683&#8243; title_font_size=&#8221;39px&#8221; custom_margin=&#8221;0px||0px||true|false&#8221; custom_padding=&#8221;||0px||false|false&#8221; title_font_size_tablet=&#8221;39px&#8221; title_font_size_phone=&#8221;30px&#8221; title_font_size_last_edited=&#8221;on|tablet&#8221; locked=&#8221;off&#8221; global_colors_info=&#8221;{}&#8221; theme_builder_area=&#8221;post_content&#8221;][\/et_pb_heading][et_pb_text _builder_version=&#8221;4.27.4&#8243; _module_preset=&#8221;default&#8221; text_font=&#8221;&#8211;et_global_body_font||||||||&#8221; text_font_size=&#8221;16px&#8221; text_orientation=&#8221;center&#8221; custom_margin=&#8221;0px||0px||true|false&#8221; custom_padding=&#8221;0px||0px||true|false&#8221; locked=&#8221;off&#8221; global_colors_info=&#8221;{}&#8221; theme_builder_area=&#8221;post_content&#8221;][\/et_pb_text][\/et_pb_column][et_pb_column _builder_version=&#8221;4.27.4&#8243; _module_preset=&#8221;default&#8221; type=&#8221;1_2&#8243; theme_builder_area=&#8221;post_content&#8221;][et_pb_heading title=&#8221;Merci !&#8221; _builder_version=&#8221;4.27.4&#8243; _module_preset=&#8221;default&#8221; title_font=&#8221;&#8211;et_global_heading_font|800|||||||&#8221; title_text_align=&#8221;center&#8221; title_text_color=&#8221;#1a4683&#8243; title_font_size=&#8221;39px&#8221; custom_margin=&#8221;0px||0px||true|false&#8221; custom_padding=&#8221;||0px||false|false&#8221; hover_enabled=&#8221;0&#8243; title_font_size_tablet=&#8221;39px&#8221; title_font_size_phone=&#8221;30px&#8221; title_font_size_last_edited=&#8221;on|tablet&#8221; locked=&#8221;off&#8221; global_colors_info=&#8221;{}&#8221; theme_builder_area=&#8221;post_content&#8221; sticky_enabled=&#8221;0&#8243;][\/et_pb_heading][\/et_pb_column][\/et_pb_row][et_pb_row _builder_version=&#8221;4.27.4&#8243; _module_preset=&#8221;default&#8221; custom_margin=&#8221;||30px||false|false&#8221; custom_padding=&#8221;0px||||false|false&#8221; global_colors_info=&#8221;{}&#8221; column_structure=&#8221;1_2,1_2&#8243; theme_builder_area=&#8221;post_content&#8221;][et_pb_column type=&#8221;1_2&#8243; _builder_version=&#8221;4.27.4&#8243; _module_preset=&#8221;default&#8221; global_colors_info=&#8221;{}&#8221; theme_builder_area=&#8221;post_content&#8221;][et_pb_text _builder_version=&#8221;4.27.4&#8243; _module_preset=&#8221;default&#8221; text_font=&#8221;&#8211;et_global_body_font||||||||&#8221; text_font_size=&#8221;16px&#8221; custom_margin=&#8221;0px||0px||true|false&#8221; custom_padding=&#8221;0px||0px||true|false&#8221; hover_enabled=&#8221;0&#8243; locked=&#8221;off&#8221; global_colors_info=&#8221;{}&#8221; theme_builder_area=&#8221;post_content&#8221; sticky_enabled=&#8221;0&#8243;]<\/p>\n<p style=\"text-align: center;\">Check for an email with more information about planning a group event at Calypso.<\/p>\n<p style=\"text-align: center;\">*Please check your SPAM folder*<\/p>\n<p style=\"text-align: center;\">Ready to book? Get started below:<\/p>\n<p>[\/et_pb_text][et_pb_button button_url=&#8221;https:\/\/calypsotickets.parkezpay.com\/?_gl=1*4r5ofv*_gcl_au*MTA3NTYzMTY3Ni4xNzcwNjQ5NTU3*_ga*MjczMTg2MTEwLjE3NzA2NDk1NTg.*_ga_25PSWP0LXG*czE3NzMxNDc0OTYkbzg3JGcxJHQxNzczMTQ5NDMzJGoxJGwwJGgw#\/51\/store\/offer\/632911cd-9c9a-ee11-815f-81304f8e0e88\/76123a89-8a9a-ee11-815f-81304f8e0e88&#8243; button_text=&#8221;Book Now&#8221; button_alignment=&#8221;center&#8221; _builder_version=&#8221;4.27.4&#8243; _module_preset=&#8221;default&#8221; button_text_size=&#8221;22px&#8221; button_text_color=&#8221;#FFFFFF&#8221; button_bg_color=&#8221;#1a4683&#8243; button_font=&#8221;|600||on|||||&#8221; custom_padding=&#8221;6px|20px|6px|20px|true|true&#8221; hover_enabled=&#8221;0&#8243; locked=&#8221;off&#8221; global_colors_info=&#8221;{}&#8221; theme_builder_area=&#8221;post_content&#8221; sticky_enabled=&#8221;0&#8243;][\/et_pb_button][\/et_pb_column][et_pb_column _builder_version=&#8221;4.27.4&#8243; _module_preset=&#8221;default&#8221; type=&#8221;1_2&#8243; theme_builder_area=&#8221;post_content&#8221;][et_pb_text _builder_version=&#8221;4.27.4&#8243; _module_preset=&#8221;default&#8221; text_font=&#8221;&#8211;et_global_body_font||||||||&#8221; text_font_size=&#8221;16px&#8221; custom_margin=&#8221;0px||0px||true|false&#8221; custom_padding=&#8221;0px||0px||true|false&#8221; hover_enabled=&#8221;0&#8243; locked=&#8221;off&#8221; global_colors_info=&#8221;{}&#8221; theme_builder_area=&#8221;post_content&#8221; sticky_enabled=&#8221;0&#8243;]<\/p>\n<p style=\"text-align: center;\">V\u00e9rifiez si vous avez re\u00e7u un e-mail contenant plus d&#8217;informations sur l&#8217;organisation d&#8217;un \u00e9v\u00e9nement de groupe chez Calypso.<\/p>\n<p style=\"text-align: center;\">*V\u00e9rifiez votre dossier \u00ab Courrier ind\u00e9sirable \u00bb*<\/p>\n<p style=\"text-align: center;\">Pr\u00eat \u00e0 r\u00e9server ? Commencez ci-dessous :<\/p>\n<p>[\/et_pb_text][et_pb_button button_url=&#8221;https:\/\/calypsotickets.parkezpay.com\/?_gl=1*90e7jw*_gcl_au*MTE3ODgxMTk3OS4xNzY3NjI3MDkz*_ga*MjA1MzkyNzg3My4xNzM5MzY5NDQ2*_ga_25PSWP0LXG*czE3NzQ5NzgwNzYkbzI0MyRnMSR0MTc3NDk3ODE3MCRqNTIkbDAkaDA.#\/51\/store\/offer\/632911cd-9c9a-ee11-815f-81304f8e0e88\/76123a89-8a9a-ee11-815f-81304f8e0e88&#8243; button_text=&#8221;acheter&#8221; button_alignment=&#8221;center&#8221; _builder_version=&#8221;4.27.4&#8243; _module_preset=&#8221;default&#8221; button_text_size=&#8221;22px&#8221; button_text_color=&#8221;#FFFFFF&#8221; button_bg_color=&#8221;#1a4683&#8243; button_font=&#8221;|600||on|||||&#8221; custom_padding=&#8221;6px|20px|6px|20px|true|true&#8221; hover_enabled=&#8221;0&#8243; locked=&#8221;off&#8221; global_colors_info=&#8221;{}&#8221; theme_builder_area=&#8221;post_content&#8221; sticky_enabled=&#8221;0&#8243;][\/et_pb_button][\/et_pb_column][\/et_pb_row][\/et_pb_section][et_pb_section fb_built=&#8221;1&#8243; fullwidth=&#8221;on&#8221; _builder_version=&#8221;4.27.4&#8243; _module_preset=&#8221;default&#8221; global_colors_info=&#8221;{}&#8221; theme_builder_area=&#8221;post_content&#8221;][\/et_pb_section]<\/p>\n","protected":false},"excerpt":{"rendered":"<p>Check for an email with more information about planning a group event at Calypso. *Please check your SPAM folder* Ready to book? Get started below:V\u00e9rifiez si vous avez re\u00e7u un e-mail contenant plus d&#8217;informations sur l&#8217;organisation d&#8217;un \u00e9v\u00e9nement de groupe chez Calypso. *V\u00e9rifiez votre dossier \u00ab Courrier ind\u00e9sirable \u00bb* Pr\u00eat \u00e0 r\u00e9server ? Commencez ci-dessous :<\/p>\n","protected":false},"author":62,"featured_media":0,"parent":4228,"menu_order":0,"comment_status":"closed","ping_status":"closed","template":"","meta":{"_acf_changed":false,"_et_pb_use_builder":"on","_et_pb_old_content":"<!-- wp:divi\/placeholder \/-->","_et_gb_content_width":"","footnotes":""},"class_list":["post-23418","page","type-page","status-publish","hentry"],"acf":[],"_links":{"self":[{"href":"https:\/\/calypsopark.com\/en\/wp-json\/wp\/v2\/pages\/23418","targetHints":{"allow":["GET"]}}],"collection":[{"href":"https:\/\/calypsopark.com\/en\/wp-json\/wp\/v2\/pages"}],"about":[{"href":"https:\/\/calypsopark.com\/en\/wp-json\/wp\/v2\/types\/page"}],"author":[{"embeddable":true,"href":"https:\/\/calypsopark.com\/en\/wp-json\/wp\/v2\/users\/62"}],"replies":[{"embeddable":true,"href":"https:\/\/calypsopark.com\/en\/wp-json\/wp\/v2\/comments?post=23418"}],"version-history":[{"count":0,"href":"https:\/\/calypsopark.com\/en\/wp-json\/wp\/v2\/pages\/23418\/revisions"}],"up":[{"embeddable":true,"href":"https:\/\/calypsopark.com\/en\/wp-json\/wp\/v2\/pages\/4228"}],"wp:attachment":[{"href":"https:\/\/calypsopark.com\/en\/wp-json\/wp\/v2\/media?parent=23418"}],"curies":[{"name":"wp","href":"https:\/\/api.w.org\/{rel}","templated":true}]}}