{"id":20190,"date":"2025-03-03T02:33:58","date_gmt":"2025-03-03T07:33:58","guid":{"rendered":"https:\/\/079ef7049b.nxcli.io\/cabanas\/"},"modified":"2025-10-22T12:30:08","modified_gmt":"2025-10-22T16:30:08","slug":"cabanas","status":"publish","type":"page","link":"https:\/\/calypsopark.com\/fr\/cabanas\/","title":{"rendered":"Location de cabanes"},"content":{"rendered":"<p>[et_pb_section fb_built=\u00a0\u00bb1&Prime; admin_label=\u00a0\u00bbsection\u00a0\u00bb _builder_version=\u00a0\u00bb4.16&Prime; _module_preset=\u00a0\u00bbdefault\u00a0\u00bb global_colors_info=\u00a0\u00bb{}\u00a0\u00bb theme_builder_area=\u00a0\u00bbpost_content\u00a0\u00bb][et_pb_row column_structure=\u00a0\u00bb1_2,1_2&Prime; admin_label=\u00a0\u00bbrang\u00e9e\u00a0\u00bb _builder_version=\u00a0\u00bb4.16&Prime; _module_preset=\u00a0\u00bbdefault\u00a0\u00bb background_size=\u00a0\u00bbinitial\u00a0\u00bb background_position=\u00a0\u00bbtop_left\u00a0\u00bb background_repeat=\u00a0\u00bbrepeat\u00a0\u00bb custom_padding=\u00a0\u00bb||40px|||\u00a0\u00bb global_colors_info=\u00a0\u00bb{}\u00a0\u00bb theme_builder_area=\u00a0\u00bbpost_content\u00a0\u00bb][et_pb_column type=\u00a0\u00bb1_2&Prime; _builder_version=\u00a0\u00bb4.16&Prime; _module_preset=\u00a0\u00bbdefault\u00a0\u00bb custom_padding=\u00a0\u00bb|||\u00a0\u00bb global_colors_info=\u00a0\u00bb{}\u00a0\u00bb custom_padding__hover=\u00a0\u00bb|||\u00a0\u00bb theme_builder_area=\u00a0\u00bbpost_content\u00a0\u00bb][et_pb_image src=\u00a0\u00bbhttps:\/\/calypsopark.com\/wp-content\/uploads\/2025\/04\/IMG_1569-scaled.jpg\u00a0\u00bb alt=\u00a0\u00bbFamille assise pr\u00e8s de la cabane\u00a0\u00bb title_text=\u00a0\u00bbIMG_1569&Prime; _builder_version=\u00a0\u00bb4.27.4&Prime; _module_preset=\u00a0\u00bbdefault\u00a0\u00bb global_colors_info=\u00a0\u00bb{}\u00a0\u00bb theme_builder_area=\u00a0\u00bbpost_content\u00a0\u00bb][\/et_pb_image][\/et_pb_column][et_pb_column type=\u00a0\u00bb1_2&Prime; _builder_version=\u00a0\u00bb4.16&Prime; _module_preset=\u00a0\u00bbdefault\u00a0\u00bb custom_padding=\u00a0\u00bb|||\u00a0\u00bb global_colors_info=\u00a0\u00bb{}\u00a0\u00bb custom_padding__hover=\u00a0\u00bb|||\u00a0\u00bb theme_builder_area=\u00a0\u00bbpost_content\u00a0\u00bb][et_pb_text _builder_version=\u00a0\u00bb4.27.4&Prime; _module_preset=\u00a0\u00bb_initial\u00a0\u00bb custom_margin=\u00a0\u00bb||42px|||\u00a0\u00bb global_colors_info=\u00a0\u00bb{}\u00a0\u00bb theme_builder_area=\u00a0\u00bbpost_content\u00a0\u00bb]<\/p>\n<h2>R\u00e9servez votre cabana d\u00e8s aujourd&rsquo;hui !<\/h2>\n<p>Votre oasis VIP priv\u00e9e vous attend.<\/p>\n<p>Am\u00e9liorer votre journ\u00e9e au paradis d&rsquo;une cabane de luxe. Faites une pause dans l&rsquo;action dans votre \u00ab\u00a0base\u00a0\u00bb o\u00f9 vous pouvez vous retrouver et vous d\u00e9tendre \u00e0 l&rsquo;ombre.<\/p>\n<p><strong>R\u00e9servez votre espace en ligne d\u00e8s aujourd&rsquo;hui. Les prix commencent \u00e0 204,99 $ plus taxes.<\/strong><\/p>\n<p><strong>L\u2019admission n\u2019est pas incluse dans le prix de la cabane. Chaque cabane peut accueillir jusqu\u2019\u00e0 4 personnes. Des invit\u00e9s suppl\u00e9mentaires peuvent \u00eatre ajout\u00e9s moyennant des frais additionnels.<\/strong><\/p>\n<article class=\"text-token-text-primary w-full focus:outline-none scroll-mt-[calc(var(--header-height)+min(200px,max(70px,20svh)))]\" dir=\"auto\" data-testid=\"conversation-turn-4\" data-scroll-anchor=\"true\" data-turn=\"assistant\" tabindex=\"-1\">\n<div class=\"text-base my-auto mx-auto pb-10 [--thread-content-margin:--spacing(4)] @[37rem]:[--thread-content-margin:--spacing(6)] @[72rem]:[--thread-content-margin:--spacing(16)] px-(--thread-content-margin)\">\n<div class=\"[--thread-content-max-width:32rem] @[34rem]:[--thread-content-max-width:40rem] @[64rem]:[--thread-content-max-width:48rem] mx-auto max-w-(--thread-content-max-width) flex-1 group\/turn-messages focus-visible:outline-hidden relative flex w-full min-w-0 flex-col agent-turn\" tabindex=\"-1\">\n<div class=\"flex max-w-full flex-col grow\">\n<div data-message-author-role=\"assistant\" data-message-id=\"56b5747d-80df-41c2-8079-ca22537141ea\" dir=\"auto\" class=\"min-h-8 text-message relative flex w-full flex-col items-end gap-2 text-start break-words whitespace-normal [.text-message+&amp;]:mt-5\" data-message-model-slug=\"gpt-4o\">\n<div class=\"flex w-full flex-col gap-1 empty:hidden first:pt-[3px]\">\n<div class=\"markdown prose dark:prose-invert w-full break-words dark\">\n<p data-start=\"0\" data-end=\"60\" data-is-last-node=\"\" data-is-only-node=\"\"><span class=\"_fadeIn_m1hgl_8\" style=\"font-size: 17px;\">Voyez <\/span><span class=\"_fadeIn_m1hgl_8\" style=\"font-size: 17px;\">ci-<\/span><span class=\"_fadeIn_m1hgl_8\" style=\"font-size: 17px;\">dessous <\/span><span class=\"_fadeIn_m1hgl_8\" style=\"font-size: 17px;\">comment <\/span><span class=\"_fadeIn_m1hgl_8\" style=\"font-size: 17px;\">les <\/span><span class=\"_fadeIn_m1hgl_8\" style=\"font-size: 17px;\">visiteurs avec un Passeport Prestige<\/span><span class=\"_fadeIn_m1hgl_8\" style=\"font-size: 17px;\">\u00a0<\/span><span class=\"_fadeIn_m1hgl_8\" style=\"font-size: 17px;\">peuvent <\/span><span class=\"_fadeIn_m1hgl_8\" style=\"font-size: 17px;\">\u00e9conomiser 2<\/span><span class=\"_fadeIn_m1hgl_8\" style=\"font-size: 17px;\">0 % <\/span><span class=\"_fadeIn_m1hgl_8\" style=\"font-size: 17px;\">sur <\/span><span class=\"_fadeIn_m1hgl_8\" style=\"font-size: 17px;\">les <\/span><span class=\"_fadeIn_m1hgl_8\" style=\"font-size: 17px;\">cabanas Panorama Pub p<\/span><span class=\"_fadeIn_m1hgl_8\" style=\"font-size: 17px;\">endant la <\/span><span class=\"_fadeIn_m1hgl_8\" style=\"font-size: 17px;\">semaine (r\u00e9servez en ligne seulement) !<\/span><\/p>\n<\/div>\n<\/div>\n<\/div>\n<\/div>\n<\/div>\n<\/div>\n<\/article>\n<p>[\/et_pb_text][\/et_pb_column][\/et_pb_row][et_pb_row _builder_version=\u00a0\u00bb4.25.1&Prime; _module_preset=\u00a0\u00bbdefault\u00a0\u00bb custom_padding=\u00a0\u00bb||2px|||\u00a0\u00bb global_colors_info=\u00a0\u00bb{}\u00a0\u00bb theme_builder_area=\u00a0\u00bbpost_content\u00a0\u00bb][et_pb_column type=\u00a0\u00bb4_4&Prime; _builder_version=\u00a0\u00bb4.25.1&Prime; _module_preset=\u00a0\u00bbdefault\u00a0\u00bb global_colors_info=\u00a0\u00bb{}\u00a0\u00bb theme_builder_area=\u00a0\u00bbpost_content\u00a0\u00bb][et_pb_text _builder_version=\u00a0\u00bb4.27.4&Prime; _module_preset=\u00a0\u00bb_initial\u00a0\u00bb global_colors_info=\u00a0\u00bb{}\u00a0\u00bb theme_builder_area=\u00a0\u00bbpost_content\u00a0\u00bb]<\/p>\n<h2 class=\"wp-block-heading\">Vous avez le choix entre trois options de cabane :<\/h2>\n<p>[\/et_pb_text][\/et_pb_column][\/et_pb_row][et_pb_row column_structure=\u00a0\u00bb1_2,1_2&Prime; admin_label=\u00a0\u00bbrang\u00e9e\u00a0\u00bb _builder_version=\u00a0\u00bb4.16&Prime; _module_preset=\u00a0\u00bbdefault\u00a0\u00bb background_size=\u00a0\u00bbinitial\u00a0\u00bb background_position=\u00a0\u00bbtop_left\u00a0\u00bb background_repeat=\u00a0\u00bbrepeat\u00a0\u00bb global_colors_info=\u00a0\u00bb{}\u00a0\u00bb theme_builder_area=\u00a0\u00bbpost_content\u00a0\u00bb][et_pb_column type=\u00a0\u00bb1_2&Prime; _builder_version=\u00a0\u00bb4.16&Prime; _module_preset=\u00a0\u00bbdefault\u00a0\u00bb custom_padding=\u00a0\u00bb|||\u00a0\u00bb global_colors_info=\u00a0\u00bb{}\u00a0\u00bb custom_padding__hover=\u00a0\u00bb|||\u00a0\u00bb theme_builder_area=\u00a0\u00bbpost_content\u00a0\u00bb][et_pb_image src=\u00a0\u00bbhttps:\/\/calypsopark.com\/wp-content\/uploads\/2025\/04\/Cabanas-pics.jpg\u00a0\u00bb alt=\u00a0\u00bbCabana infront of Jungle Run\u00a0\u00bb title_text=\u00a0\u00bbCabana infront of Jungle Run\u00a0\u00bb _builder_version=\u00a0\u00bb4.27.4&Prime; _module_preset=\u00a0\u00bbdefault\u00a0\u00bb global_colors_info=\u00a0\u00bb{}\u00a0\u00bb theme_builder_area=\u00a0\u00bbpost_content\u00a0\u00bb][\/et_pb_image][et_pb_text _builder_version=\u00a0\u00bb4.27.4&Prime; _module_preset=\u00a0\u00bb_initial\u00a0\u00bb custom_margin=\u00a0\u00bb||0px||false|false\u00a0\u00bb custom_padding=\u00a0\u00bb0px|||||\u00a0\u00bb global_colors_info=\u00a0\u00bb{}\u00a0\u00bb theme_builder_area=\u00a0\u00bbpost_content\u00a0\u00bb]<\/p>\n<h2>Panorama Pub et Cabanas<\/h2>\n<p><span style=\"font-size: large;\"><strong>204,99 $ + taxes<\/strong><\/span><\/p>\n<ul>\n<li><span>Cabane priv\u00e9e pour la journ\u00e9e avec acc\u00e8s devant l&rsquo;attraction Jungle Run<\/span><\/li>\n<li>Pour 4 personnes seulement<span><\/span><\/li>\n<li><span>Choisissez parmi 20 emplacements disponibles<\/span><\/li>\n<li>Salon pour quatre personnes<\/li>\n<li>Table \u00e0 manger<\/li>\n<li>Mini-r\u00e9frig\u00e9rateur<\/li>\n<li>Bo\u00eete \u00e0 cl\u00e9 de s\u00e9curit\u00e9<\/li>\n<li>Quatre bouteilles d&rsquo;eau gratuites<\/li>\n<li>Il est possible d&rsquo;ajouter jusqu&rsquo;\u00e0 deux invit\u00e9s suppl\u00e9mentaires pour 24,99 $ chacun.<\/li>\n<\/ul>\n<p>[\/et_pb_text][et_pb_button button_url=\u00a0\u00bbhttps:\/\/calypsotickets.parkezpay.com\/#\/51\/store\/offer\/26f6f775-1cff-ed11-814f-000c297face5\/7244a6cd-67ef-ed11-814e-000c297face5&Prime; url_new_window=\u00a0\u00bbon\u00a0\u00bb button_text=\u00a0\u00bbACHETER\u00a0\u00bb button_alignment=\u00a0\u00bbcenter\u00a0\u00bb _builder_version=\u00a0\u00bb4.27.4&Prime; _module_preset=\u00a0\u00bbf228fc1e-22ea-47e6-a54f-459c9f5304fa\u00a0\u00bb button_bg_color_gradient_stops=\u00a0\u00bb#f08834 47%|rgba(237, 120, 52, 1) 50%|#ea6733 100%\u00a0\u00bb custom_margin=\u00a0\u00bb||40px|||\u00a0\u00bb global_colors_info=\u00a0\u00bb{}\u00a0\u00bb button_bg_color_gradient_stops__hover=\u00a0\u00bb#f08834 47%|rgba(237, 120, 52, 1) 50%|#ea6733 99%\u00a0\u00bb button_bg_color_gradient_direction__hover=\u00a0\u00bb0deg\u00a0\u00bb theme_builder_area=\u00a0\u00bbpost_content\u00a0\u00bb][\/et_pb_button][\/et_pb_column][et_pb_column type=\u00a0\u00bb1_2&Prime; _builder_version=\u00a0\u00bb4.16&Prime; _module_preset=\u00a0\u00bbdefault\u00a0\u00bb custom_padding=\u00a0\u00bb|||\u00a0\u00bb global_colors_info=\u00a0\u00bb{}\u00a0\u00bb custom_padding__hover=\u00a0\u00bb|||\u00a0\u00bb theme_builder_area=\u00a0\u00bbpost_content\u00a0\u00bb][et_pb_image src=\u00a0\u00bbhttps:\/\/calypsopark.com\/wp-content\/uploads\/2025\/07\/1.jpg\u00a0\u00bb alt=\u00a0\u00bbCabana\u00a0\u00bb title_text=\u00a0\u00bb1&Prime; _builder_version=\u00a0\u00bb4.27.4&Prime; _module_preset=\u00a0\u00bbdefault\u00a0\u00bb max_width=\u00a0\u00bb100%\u00a0\u00bb global_colors_info=\u00a0\u00bb{}\u00a0\u00bb theme_builder_area=\u00a0\u00bbpost_content\u00a0\u00bb][\/et_pb_image][et_pb_text _builder_version=\u00a0\u00bb4.27.4&Prime; _module_preset=\u00a0\u00bb_initial\u00a0\u00bb custom_margin=\u00a0\u00bb||0px||false|false\u00a0\u00bb global_colors_info=\u00a0\u00bb{}\u00a0\u00bb theme_builder_area=\u00a0\u00bbpost_content\u00a0\u00bb]<\/p>\n<h2>Cabanas avec vue sur la plage<\/h2>\n<p><span style=\"font-size: large;\"><strong>214,99 $ + taxes<\/strong><\/span><\/p>\n<ul>\n<li><span>Belle cabane priv\u00e9e pour la journ\u00e9e avec vue directe sur la piscine \u00e0 vagues<\/span><\/li>\n<li><span>Pour 4 personnes seulement<\/span><\/li>\n<li><span>Choisissez entre 10 emplacements disponibles<\/span><\/li>\n<li>Salon pour quatre personnes<\/li>\n<li>Table \u00e0 manger<\/li>\n<li>Mini-r\u00e9frig\u00e9rateur<\/li>\n<li>Bo\u00eete \u00e0 cl\u00e9 de s\u00e9curit\u00e9<\/li>\n<li>Quatre bouteilles d&rsquo;eau gratuites<\/li>\n<li>Il est possible d&rsquo;ajouter jusqu&rsquo;\u00e0 deux invit\u00e9s suppl\u00e9mentaires pour 24,99 $ chacun.<\/li>\n<\/ul>\n<p>[\/et_pb_text][et_pb_button button_url=\u00a0\u00bbhttps:\/\/calypsotickets.parkezpay.com\/#\/51\/store\/offer\/26f6f775-1cff-ed11-814f-000c297face5\/54bb35eb-67ef-ed11-814e-000c297face5&Prime; url_new_window=\u00a0\u00bbon\u00a0\u00bb button_text=\u00a0\u00bbACHETER\u00a0\u00bb button_alignment=\u00a0\u00bbcenter\u00a0\u00bb _builder_version=\u00a0\u00bb4.27.4&Prime; _module_preset=\u00a0\u00bbf228fc1e-22ea-47e6-a54f-459c9f5304fa\u00a0\u00bb button_bg_color_gradient_stops=\u00a0\u00bb#f08834 47%|rgba(237, 120, 52, 1) 50%|#ea6733 100%\u00a0\u00bb custom_margin=\u00a0\u00bb||40px|||\u00a0\u00bb global_colors_info=\u00a0\u00bb{}\u00a0\u00bb button_bg_color_gradient_stops__hover=\u00a0\u00bb#f08834 47%|rgba(237, 120, 52, 1) 50%|#ea6733 99%\u00a0\u00bb button_bg_color_gradient_direction__hover=\u00a0\u00bb0deg\u00a0\u00bb theme_builder_area=\u00a0\u00bbpost_content\u00a0\u00bb][\/et_pb_button][\/et_pb_column][\/et_pb_row][et_pb_row column_structure=\u00a0\u00bb1_2,1_2&Prime; admin_label=\u00a0\u00bbrang\u00e9e\u00a0\u00bb _builder_version=\u00a0\u00bb4.16&Prime; _module_preset=\u00a0\u00bbdefault\u00a0\u00bb background_size=\u00a0\u00bbinitial\u00a0\u00bb background_position=\u00a0\u00bbtop_left\u00a0\u00bb background_repeat=\u00a0\u00bbrepeat\u00a0\u00bb global_colors_info=\u00a0\u00bb{}\u00a0\u00bb theme_builder_area=\u00a0\u00bbpost_content\u00a0\u00bb][et_pb_column type=\u00a0\u00bb1_2&Prime; _builder_version=\u00a0\u00bb4.16&Prime; _module_preset=\u00a0\u00bbdefault\u00a0\u00bb custom_padding=\u00a0\u00bb|||\u00a0\u00bb global_colors_info=\u00a0\u00bb{}\u00a0\u00bb custom_padding__hover=\u00a0\u00bb|||\u00a0\u00bb theme_builder_area=\u00a0\u00bbpost_content\u00a0\u00bb][et_pb_image src=\u00a0\u00bbhttps:\/\/calypsopark.com\/wp-content\/uploads\/2025\/08\/three-people-sitting-at-cabana.jpg\u00a0\u00bb alt=\u00a0\u00bbTrois personnes assises dans une cabane priv\u00e9e\u00a0\u00bb title_text=\u00a0\u00bbthree-people-sitting-at-cabana\u00a0\u00bb force_fullwidth=\u00a0\u00bbon\u00a0\u00bb _builder_version=\u00a0\u00bb4.27.4&Prime; _module_preset=\u00a0\u00bbdefault\u00a0\u00bb global_colors_info=\u00a0\u00bb{}\u00a0\u00bb theme_builder_area=\u00a0\u00bbpost_content\u00a0\u00bb][\/et_pb_image][et_pb_text _builder_version=\u00a0\u00bb4.27.4&Prime; _module_preset=\u00a0\u00bb_initial\u00a0\u00bb custom_margin=\u00a0\u00bb||0px||false|false\u00a0\u00bb custom_padding=\u00a0\u00bb0px|||||\u00a0\u00bb global_colors_info=\u00a0\u00bb{}\u00a0\u00bb theme_builder_area=\u00a0\u00bbpost_content\u00a0\u00bb]<\/p>\n<h2>Palace Suites &amp; Bar<\/h2>\n<p><span style=\"font-size: large;\"><strong>224,99 $ + taxes<\/strong><\/span><\/p>\n<p>Les somptueuses Suites Palace<span style=\"font-size: 17px;\"> sont id\u00e9alement situ\u00e9es pr\u00e8s de la piscine \u00e0 vagues, au c\u0153ur de l\u2019action !<\/span><\/p>\n<ul>\n<li><span style=\"font-size: 17px;\">Cabana priv\u00e9e pour la journ\u00e9e, 10 emplacements au choix<\/span><\/li>\n<li><span style=\"font-size: 17px;\">Pour 4 personnes seulement<\/span><\/li>\n<li><span style=\"font-size: 17px;\">Chaises longues pour quatre personnes<\/span><\/li>\n<li><span style=\"font-size: 17px;\">Table \u00e0 manger<\/span><\/li>\n<li><span style=\"font-size: 17px;\">Mini-r\u00e9frig\u00e9rateur<\/span><\/li>\n<li><span style=\"font-size: 17px;\">Coffre-fort de s\u00e9curit\u00e9<\/span><\/li>\n<li><span style=\"font-size: 17px;\">Quatre bouteilles d\u2019eau offertes<\/span><\/li>\n<li><span style=\"font-size: 17px;\">Jusqu\u2019\u00e0 deux invit\u00e9s suppl\u00e9mentaires peuvent \u00eatre ajout\u00e9s pour 24,99 $ chacun<\/span><\/li>\n<\/ul>\n<p>[\/et_pb_text][et_pb_button button_url=\u00a0\u00bbhttps:\/\/calypsotickets.parkezpay.com\/#\/51\/store\/offer\/26f6f775-1cff-ed11-814f-000c297face5\/9e5010fd-67ef-ed11-814e-000c297face5&Prime; url_new_window=\u00a0\u00bbon\u00a0\u00bb button_text=\u00a0\u00bbACHETER\u00a0\u00bb button_alignment=\u00a0\u00bbcenter\u00a0\u00bb _builder_version=\u00a0\u00bb4.27.4&Prime; _module_preset=\u00a0\u00bbf228fc1e-22ea-47e6-a54f-459c9f5304fa\u00a0\u00bb button_bg_color_gradient_stops=\u00a0\u00bb#f08834 47%|rgba(237, 120, 52, 1) 50%|#ea6733 100%\u00a0\u00bb custom_margin=\u00a0\u00bb||40px|||\u00a0\u00bb global_colors_info=\u00a0\u00bb{}\u00a0\u00bb button_bg_color_gradient_stops__hover=\u00a0\u00bb#f08834 47%|rgba(237, 120, 52, 1) 50%|#ea6733 99%\u00a0\u00bb button_bg_color_gradient_direction__hover=\u00a0\u00bb0deg\u00a0\u00bb theme_builder_area=\u00a0\u00bbpost_content\u00a0\u00bb][\/et_pb_button][\/et_pb_column][et_pb_column type=\u00a0\u00bb1_2&Prime; _builder_version=\u00a0\u00bb4.16&Prime; _module_preset=\u00a0\u00bbdefault\u00a0\u00bb custom_padding=\u00a0\u00bb|||\u00a0\u00bb global_colors_info=\u00a0\u00bb{}\u00a0\u00bb custom_padding__hover=\u00a0\u00bb|||\u00a0\u00bb theme_builder_area=\u00a0\u00bbpost_content\u00a0\u00bb][et_pb_image src=\u00a0\u00bbhttps:\/\/calypsopark.com\/wp-content\/uploads\/2025\/08\/1-1.jpg\u00a0\u00bb alt=\u00a0\u00bbCabana\u00a0\u00bb title_text=\u00a0\u00bb1 (1)\u00a0\u00bb _builder_version=\u00a0\u00bb4.27.4&Prime; _module_preset=\u00a0\u00bbdefault\u00a0\u00bb max_width=\u00a0\u00bb100%\u00a0\u00bb global_colors_info=\u00a0\u00bb{}\u00a0\u00bb theme_builder_area=\u00a0\u00bbpost_content\u00a0\u00bb][\/et_pb_image][et_pb_text _builder_version=\u00a0\u00bb4.27.4&Prime; _module_preset=\u00a0\u00bb_initial\u00a0\u00bb custom_margin=\u00a0\u00bb||0px||false|false\u00a0\u00bb global_colors_info=\u00a0\u00bb{}\u00a0\u00bb theme_builder_area=\u00a0\u00bbpost_content\u00a0\u00bb]<\/p>\n<h3>Ajouter une zone priv\u00e9e r\u00e9serv\u00e9e<\/h3>\n<h4><strong>245 $ en semaine \/ 305,99 $ la fin de semaine<\/strong><\/h4>\n<ul>\n<li>Les f\u00eates d&rsquo;anniversaire ont d\u00e9sormais la possibilit\u00e9 de r\u00e9server un espace priv\u00e9 pour leur c\u00e9l\u00e9bration.<\/li>\n<li>L&rsquo;espace r\u00e9serv\u00e9 sera disponible pour votre groupe pendant toute la journ\u00e9e.<\/li>\n<li>D\u00e9gustez votre repas et vos churros dans cet espace exclusif.<\/li>\n<li><span>Faites une pause dans l&rsquo;action \u00e0 votre \u00ab\u00a0base\u00a0\u00bb o\u00f9 vous pourrez vous retrouver et vous d\u00e9tendre \u00e0 l&rsquo;ombre tout au long de la journ\u00e9e.<\/span><\/li>\n<\/ul>\n<p><span><\/span><\/p>\n<ul><\/ul>\n<p>[\/et_pb_text][et_pb_button button_url=\u00a0\u00bbhttps:\/\/calypsotickets.parkezpay.com\/#\/51\/store\/offers\/632911cd-9c9a-ee11-815f-81304f8e0e88&Prime; url_new_window=\u00a0\u00bbon\u00a0\u00bb button_text=\u00a0\u00bbACHETER\u00a0\u00bb button_alignment=\u00a0\u00bbcenter\u00a0\u00bb _builder_version=\u00a0\u00bb4.27.4&Prime; _module_preset=\u00a0\u00bbf228fc1e-22ea-47e6-a54f-459c9f5304fa\u00a0\u00bb button_bg_color_gradient_stops=\u00a0\u00bb#f08834 47%|rgba(237, 120, 52, 1) 50%|#ea6733 100%\u00a0\u00bb custom_margin=\u00a0\u00bb||40px|||\u00a0\u00bb global_colors_info=\u00a0\u00bb{}\u00a0\u00bb button_bg_color_gradient_stops__hover=\u00a0\u00bb#f08834 47%|rgba(237, 120, 52, 1) 50%|#ea6733 99%\u00a0\u00bb button_bg_color_gradient_direction__hover=\u00a0\u00bb0deg\u00a0\u00bb theme_builder_area=\u00a0\u00bbpost_content\u00a0\u00bb][\/et_pb_button][\/et_pb_column][\/et_pb_row][et_pb_row _builder_version=\u00a0\u00bb4.27.4&Prime; _module_preset=\u00a0\u00bbdefault\u00a0\u00bb custom_margin=\u00a0\u00bb-53px||||false|false\u00a0\u00bb global_colors_info=\u00a0\u00bb{}\u00a0\u00bb theme_builder_area=\u00a0\u00bbpost_content\u00a0\u00bb][et_pb_column type=\u00a0\u00bb4_4&Prime; _builder_version=\u00a0\u00bb4.24.2&Prime; _module_preset=\u00a0\u00bbdefault\u00a0\u00bb global_colors_info=\u00a0\u00bb{}\u00a0\u00bb theme_builder_area=\u00a0\u00bbpost_content\u00a0\u00bb][et_pb_text _builder_version=\u00a0\u00bb4.27.4&Prime; _module_preset=\u00a0\u00bb_initial\u00a0\u00bb global_colors_info=\u00a0\u00bb{}\u00a0\u00bb theme_builder_area=\u00a0\u00bbpost_content\u00a0\u00bb]<\/p>\n<p>&nbsp;<\/p>\n<h3 style=\"text-align: center;\">Les d\u00e9tenteurs d&rsquo;un Passeport Prestige \u00e9conomisent 20 % sur les Panorama Pub Cabanas en semaine (r\u00e9servation en ligne seulement).<\/h3>\n<p style=\"text-align: center;\">Les d\u00e9tenteurs d&rsquo;un Passeport Prestige peuvent r\u00e9server des cabanas Panorama Pub en semaine \u00e0 20 % jusqu&rsquo;\u00e0 deux fois par an. R\u00e9servez votre cabane en utilisant le bouton sp\u00e9cial ci-dessous, puis entrez votre num\u00e9ro de carte de saison Prestige et votre nom. Cette offre est exclusivement r\u00e9serv\u00e9e aux d\u00e9tenteurs d&rsquo;un Passeport Prestige.<\/p>\n<p>[\/et_pb_text][et_pb_button button_url=\u00a0\u00bbhttps:\/\/calypsotickets.parkezpay.com\/#\/51\/store\/offers\/0b8507f2-d20f-f011-8161-0050568e16ff\u00a0\u00bb url_new_window=\u00a0\u00bbon\u00a0\u00bb button_text=\u00a0\u00bbACHETER\u00a0\u00bb button_alignment=\u00a0\u00bbcenter\u00a0\u00bb _builder_version=\u00a0\u00bb4.27.4&Prime; _module_preset=\u00a0\u00bbdefault\u00a0\u00bb custom_margin=\u00a0\u00bb-23px||13px||false|false\u00a0\u00bb global_colors_info=\u00a0\u00bb{}\u00a0\u00bb theme_builder_area=\u00a0\u00bbpost_content\u00a0\u00bb][\/et_pb_button][\/et_pb_column][\/et_pb_row][et_pb_row _builder_version=\u00a0\u00bb4.24.2&Prime; _module_preset=\u00a0\u00bbdefault\u00a0\u00bb global_colors_info=\u00a0\u00bb{}\u00a0\u00bb theme_builder_area=\u00a0\u00bbpost_content\u00a0\u00bb][et_pb_column type=\u00a0\u00bb4_4&Prime; _builder_version=\u00a0\u00bb4.24.2&Prime; _module_preset=\u00a0\u00bbdefault\u00a0\u00bb global_colors_info=\u00a0\u00bb{}\u00a0\u00bb theme_builder_area=\u00a0\u00bbpost_content\u00a0\u00bb][et_pb_text _builder_version=\u00a0\u00bb4.27.4&Prime; _module_preset=\u00a0\u00bb_initial\u00a0\u00bb text_text_color=\u00a0\u00bb#FFFFFF\u00a0\u00bb header_2_text_color=\u00a0\u00bb#FFFFFF\u00a0\u00bb header_3_text_color=\u00a0\u00bb#FFFFFF\u00a0\u00bb background_color=\u00a0\u00bb#0A9CD4&Prime; text_orientation=\u00a0\u00bbcenter\u00a0\u00bb background_layout=\u00a0\u00bbdark\u00a0\u00bb custom_padding=\u00a0\u00bb30px|30px|30px|30px|true|true\u00a0\u00bb border_radii=\u00a0\u00bbon|12px|12px|12px|12px\u00a0\u00bb global_colors_info=\u00a0\u00bb{}\u00a0\u00bb theme_builder_area=\u00a0\u00bbpost_content\u00a0\u00bb]<\/p>\n<h3 style=\"text-align: left;\">AU CAS O\u00d9 VOUS DEVRIEZ REPORTER VOTRE R\u00c9SERVATION :<\/h3>\n<ul>\n<li style=\"text-align: left;\">Les r\u00e9servations de cabanas <strong data-start=\"110\" data-end=\"152\">ne peuvent pas \u00eatre modifi\u00e9es en ligne<\/strong>. Pour reporter votre r\u00e9servation, vous devez <strong data-start=\"198\" data-end=\"233\">appeler le parc au 613-443-9995<\/strong> dans un d\u00e9lai de <strong data-start=\"251\" data-end=\"279\">48 heures suivant l\u2019avis<\/strong>. Veuillez noter que <strong data-start=\"300\" data-end=\"362\">chaque r\u00e9servation ne peut \u00eatre report\u00e9e qu\u2019une seule fois<\/strong>.<\/li>\n<li style=\"text-align: left;\"><span>Les r\u00e9servations ne sont ni remboursables ni transf\u00e9rables \u00e0 une autre saison.<\/span><\/li>\n<\/ul>\n<p>[\/et_pb_text][\/et_pb_column][\/et_pb_row][\/et_pb_section]<\/p>\n","protected":false},"excerpt":{"rendered":"<p>R\u00e9servez votre cabana d\u00e8s aujourd&rsquo;hui ! Votre oasis VIP priv\u00e9e vous attend. Am\u00e9liorer votre journ\u00e9e au paradis d&rsquo;une cabane de luxe. Faites une pause dans l&rsquo;action dans votre \u00ab\u00a0base\u00a0\u00bb o\u00f9 vous pouvez vous retrouver et vous d\u00e9tendre \u00e0 l&rsquo;ombre. R\u00e9servez votre espace en ligne d\u00e8s aujourd&rsquo;hui. Les prix commencent \u00e0 204,99 $ plus taxes. L\u2019admission n\u2019est pas incluse dans le prix de la cabane. Chaque cabane peut accueillir jusqu\u2019\u00e0 4 personnes. Des invit\u00e9s suppl\u00e9mentaires peuvent \u00eatre ajout\u00e9s moyennant des frais additionnels. Voyez ci-dessous comment les visiteurs avec un Passeport Prestige\u00a0peuvent \u00e9conomiser 20 % sur les cabanas Panorama Pub pendant la semaine (r\u00e9servez en ligne seulement) ! Vous avez le choix entre trois options de cabane :Panorama Pub et Cabanas 204,99 $ + taxes Cabane priv\u00e9e pour la journ\u00e9e avec acc\u00e8s devant l&rsquo;attraction Jungle Run Pour 4 personnes seulement Choisissez parmi 20 emplacements disponibles Salon pour quatre personnes Table \u00e0 manger Mini-r\u00e9frig\u00e9rateur Bo\u00eete \u00e0 cl\u00e9 de s\u00e9curit\u00e9 Quatre bouteilles d&rsquo;eau gratuites Il est possible d&rsquo;ajouter jusqu&rsquo;\u00e0 deux invit\u00e9s suppl\u00e9mentaires pour 24,99 $ chacun. Cabanas avec vue sur la plage 214,99 $ + taxes Belle cabane priv\u00e9e pour la journ\u00e9e avec vue directe sur la piscine \u00e0 vagues Pour 4 personnes seulement [&hellip;]<\/p>\n","protected":false},"author":62,"featured_media":0,"parent":0,"menu_order":0,"comment_status":"closed","ping_status":"closed","template":"","meta":{"_acf_changed":false,"_et_pb_use_builder":"on","_et_pb_old_content":"","_et_gb_content_width":"","footnotes":""},"class_list":["post-20190","page","type-page","status-publish","hentry"],"acf":[],"_links":{"self":[{"href":"https:\/\/calypsopark.com\/fr\/wp-json\/wp\/v2\/pages\/20190","targetHints":{"allow":["GET"]}}],"collection":[{"href":"https:\/\/calypsopark.com\/fr\/wp-json\/wp\/v2\/pages"}],"about":[{"href":"https:\/\/calypsopark.com\/fr\/wp-json\/wp\/v2\/types\/page"}],"author":[{"embeddable":true,"href":"https:\/\/calypsopark.com\/fr\/wp-json\/wp\/v2\/users\/62"}],"replies":[{"embeddable":true,"href":"https:\/\/calypsopark.com\/fr\/wp-json\/wp\/v2\/comments?post=20190"}],"version-history":[{"count":0,"href":"https:\/\/calypsopark.com\/fr\/wp-json\/wp\/v2\/pages\/20190\/revisions"}],"wp:attachment":[{"href":"https:\/\/calypsopark.com\/fr\/wp-json\/wp\/v2\/media?parent=20190"}],"curies":[{"name":"wp","href":"https:\/\/api.w.org\/{rel}","templated":true}]}}