{"id":20200,"date":"2025-03-27T05:35:47","date_gmt":"2025-03-27T09:35:47","guid":{"rendered":"https:\/\/079ef7049b.nxcli.io\/demande-dinformations-sur-le-groupe\/"},"modified":"2026-04-01T11:20:19","modified_gmt":"2026-04-01T15:20:19","slug":"demande-dinformations-sur-le-groupe","status":"publish","type":"page","link":"https:\/\/calypsopark.com\/fr\/demande-dinformations-sur-le-groupe\/","title":{"rendered":"Demande d&rsquo;informations sur le groupe"},"content":{"rendered":"<p>[et_pb_section fb_built=\u00a0\u00bb1&Prime; _builder_version=\u00a0\u00bb4.27.4&Prime; _module_preset=\u00a0\u00bbdefault\u00a0\u00bb global_colors_info=\u00a0\u00bb{}\u00a0\u00bb theme_builder_area=\u00a0\u00bbpost_content\u00a0\u00bb][et_pb_row admin_label=\u00a0\u00bbrang\u00e9e\u00a0\u00bb _builder_version=\u00a0\u00bb4.16&Prime; _module_preset=\u00a0\u00bbdefault\u00a0\u00bb background_size=\u00a0\u00bbinitial\u00a0\u00bb background_position=\u00a0\u00bbtop_left\u00a0\u00bb background_repeat=\u00a0\u00bbrepeat\u00a0\u00bb locked=\u00a0\u00bboff\u00a0\u00bb global_colors_info=\u00a0\u00bb{}\u00a0\u00bb theme_builder_area=\u00a0\u00bbpost_content\u00a0\u00bb][et_pb_column type=\u00a0\u00bb4_4&Prime; _builder_version=\u00a0\u00bb4.16&Prime; _module_preset=\u00a0\u00bbdefault\u00a0\u00bb custom_padding=\u00a0\u00bb|||\u00a0\u00bb global_colors_info=\u00a0\u00bb{}\u00a0\u00bb custom_padding__hover=\u00a0\u00bb|||\u00a0\u00bb theme_builder_area=\u00a0\u00bbpost_content\u00a0\u00bb][et_pb_text admin_label=\u00a0\u00bbText\u00a0\u00bb _builder_version=\u00a0\u00bb4.27.4&Prime; _module_preset=\u00a0\u00bbdefault\u00a0\u00bb background_size=\u00a0\u00bbinitial\u00a0\u00bb background_position=\u00a0\u00bbtop_left\u00a0\u00bb background_repeat=\u00a0\u00bbrepeat\u00a0\u00bb global_colors_info=\u00a0\u00bb{}\u00a0\u00bb theme_builder_area=\u00a0\u00bbpost_content\u00a0\u00bb]<\/p>\n<h2 class=\"wp-block-heading has-text-align-left\" id=\"2022-education-days\">Contactez nos planificateurs d&rsquo;\u00e9v\u00e9nements de groupe d\u00e8s aujourd&rsquo;hui<\/h2>\n<p>Nous sommes impatients de vous aider \u00e0 organiser la plus belle journ\u00e9e de l&rsquo;\u00e9t\u00e9 pour votre groupe. Il vous suffit de nous communiquer quelques informations ci-dessous et notre \u00e9quipe d&rsquo;organisation d&rsquo;\u00e9v\u00e9nements vous contactera pour commencer et r\u00e9pondre \u00e0 vos questions.<\/p>\n<p>Des r\u00e9servations \u00e0 l&rsquo;avance sont n\u00e9cessaires et les places sont r\u00e9serv\u00e9es dans l&rsquo;ordre de r\u00e9ception des demandes, alors commencez \u00e0 planifier t\u00f4t pour vous assurer le meilleur choix de dates.<\/p>\n<p>[\/et_pb_text][et_pb_code disabled_on=\u00a0\u00bboff|off|off\u00a0\u00bb _builder_version=\u00a0\u00bb4.27.4&Prime; _module_preset=\u00a0\u00bbdefault\u00a0\u00bb hover_enabled=\u00a0\u00bb0&Prime; global_colors_info=\u00a0\u00bb{}\u00a0\u00bb theme_builder_area=\u00a0\u00bbpost_content\u00a0\u00bb sticky_enabled=\u00a0\u00bb0&Prime;]<iframe src=\"https:\/\/api.leadconnectorhq.com\/widget\/survey\/pLFR0N6GoCHxuRzTIxRP\" style=\"border:none;width:100%;\" scrolling=\"no\" id=\"pLFR0N6GoCHxuRzTIxRP\" title=\"survey\"><\/iframe><!-- [et_pb_line_break_holder] --><script src=\"https:\/\/link.msgsndr.com\/js\/form_embed.js\"><\/script>[\/et_pb_code][\/et_pb_column][\/et_pb_row][\/et_pb_section]<\/p>\n","protected":false},"excerpt":{"rendered":"<p>Contactez nos planificateurs d&rsquo;\u00e9v\u00e9nements de groupe d\u00e8s aujourd&rsquo;hui Nous sommes impatients de vous aider \u00e0 organiser la plus belle journ\u00e9e de l&rsquo;\u00e9t\u00e9 pour votre groupe. Il vous suffit de nous communiquer quelques informations ci-dessous et notre \u00e9quipe d&rsquo;organisation d&rsquo;\u00e9v\u00e9nements vous contactera pour commencer et r\u00e9pondre \u00e0 vos questions. Des r\u00e9servations \u00e0 l&rsquo;avance sont n\u00e9cessaires et les places sont r\u00e9serv\u00e9es dans l&rsquo;ordre de r\u00e9ception des demandes, alors commencez \u00e0 planifier t\u00f4t pour vous assurer le meilleur choix de dates.<\/p>\n","protected":false},"author":62,"featured_media":0,"parent":0,"menu_order":0,"comment_status":"closed","ping_status":"closed","template":"","meta":{"_acf_changed":false,"_et_pb_use_builder":"on","_et_pb_old_content":"","_et_gb_content_width":"","footnotes":""},"class_list":["post-20200","page","type-page","status-publish","hentry"],"acf":[],"_links":{"self":[{"href":"https:\/\/calypsopark.com\/fr\/wp-json\/wp\/v2\/pages\/20200","targetHints":{"allow":["GET"]}}],"collection":[{"href":"https:\/\/calypsopark.com\/fr\/wp-json\/wp\/v2\/pages"}],"about":[{"href":"https:\/\/calypsopark.com\/fr\/wp-json\/wp\/v2\/types\/page"}],"author":[{"embeddable":true,"href":"https:\/\/calypsopark.com\/fr\/wp-json\/wp\/v2\/users\/62"}],"replies":[{"embeddable":true,"href":"https:\/\/calypsopark.com\/fr\/wp-json\/wp\/v2\/comments?post=20200"}],"version-history":[{"count":0,"href":"https:\/\/calypsopark.com\/fr\/wp-json\/wp\/v2\/pages\/20200\/revisions"}],"wp:attachment":[{"href":"https:\/\/calypsopark.com\/fr\/wp-json\/wp\/v2\/media?parent=20200"}],"curies":[{"name":"wp","href":"https:\/\/api.w.org\/{rel}","templated":true}]}}