{"id":20228,"date":"2025-02-06T23:23:49","date_gmt":"2025-02-07T04:23:49","guid":{"rendered":"https:\/\/079ef7049b.nxcli.io\/a-propos-calypso\/"},"modified":"2025-08-20T13:54:51","modified_gmt":"2025-08-20T17:54:51","slug":"a-propos-calypso","status":"publish","type":"page","link":"https:\/\/calypsopark.com\/fr\/a-propos-calypso\/","title":{"rendered":"\u00c0 propos du parc aquatique Calypso"},"content":{"rendered":"<p>[et_pb_section fb_built=\u00a0\u00bb1&Prime; _builder_version=\u00a0\u00bb4.27.4&Prime; _module_preset=\u00a0\u00bbdefault\u00a0\u00bb global_colors_info=\u00a0\u00bb{}\u00a0\u00bb theme_builder_area=\u00a0\u00bbpost_content\u00a0\u00bb][et_pb_row _builder_version=\u00a0\u00bb4.27.4&Prime; _module_preset=\u00a0\u00bbdefault\u00a0\u00bb global_colors_info=\u00a0\u00bb{}\u00a0\u00bb theme_builder_area=\u00a0\u00bbpost_content\u00a0\u00bb][et_pb_column type=\u00a0\u00bb4_4&Prime; _builder_version=\u00a0\u00bb4.27.4&Prime; _module_preset=\u00a0\u00bbdefault\u00a0\u00bb global_colors_info=\u00a0\u00bb{}\u00a0\u00bb theme_builder_area=\u00a0\u00bbpost_content\u00a0\u00bb][et_pb_text _builder_version=\u00a0\u00bb4.27.4&Prime; _module_preset=\u00a0\u00bbdefault\u00a0\u00bb global_colors_info=\u00a0\u00bb{}\u00a0\u00bb theme_builder_area=\u00a0\u00bbpost_content\u00a0\u00bb]<\/p>\n<p><span>Le parc aquatique Calypso est le lieu estival par excellence pour les enfants et les amateurs de sensations fortes. Plus grand parc aquatique du Canada, cet investissement de 65 millions de dollars propose une grande vari\u00e9t\u00e9 d&rsquo;attractions pour les personnes de tous \u00e2ges : 35 glissades, 100 jeux d&rsquo;eau et deux rivi\u00e8res th\u00e9matiques ! Il abrite \u00e9galement la plus grande piscine \u00e0 vagues du pays, des glissades excitants pour tous, des aires de jeux pour les jeunes familles, trois zones VIP et un grand choix de restaurants. Avec tant de choses \u00e0 faire et \u00e0 voir, une journ\u00e9e au parc aquatique Calypso est tout simplement inoubliable ! <\/span><\/p>\n<h2>L&rsquo;histoire<\/h2>\n<h3 class=\"o-drawer__head\"><span class=\"a-title-base o-drawer__title\">2010<\/span><\/h3>\n<ul>\n<li>7 juin 2010 &#8211; Ouverture du parc aquatique<\/li>\n<\/ul>\n<h3 class=\"o-drawer__head\"><span class=\"a-title-base o-drawer__title\">2011<\/span><\/h3>\n<ul>\n<li>La nouvelle Summit Tower, la plus haute tour de glissades d&rsquo;eau autoportante au Canada, avec 10 nouvelles glissades d&rsquo;eau, dont deux AquaLoops, quatre glissades d&rsquo;eau \u00e0 grande vitesse et quatre glissades en serpentin pour toute la famille. Cette nouvelle attraction a repr\u00e9sent\u00e9 un investissement de 5 millions de dollars.<\/li>\n<li>Nouvelle zone VIP avec des cabanas luxueuses et priv\u00e9es.<\/li>\n<\/ul>\n<h3 class=\"o-drawer__head\"><span class=\"a-title-base o-drawer__title\">2012<\/span><\/h3>\n<ul>\n<li>New Jungle Challenge et de nombreuses am\u00e9liorations apport\u00e9es aux installations existantes du parc aquatique, ce qui repr\u00e9sente un investissement total d&rsquo;un million de dollars.<\/li>\n<\/ul>\n<h3 class=\"o-drawer__head\"><span class=\"a-title-base o-drawer__title\">2013<\/span><\/h3>\n<ul>\n<li>New Kongo Expedition, une rivi\u00e8re \u00e0 th\u00e8me \u00e0 travers la savane africaine, trois nouveaux restaurants (un sous-marinier, un fast-food et un bar laitier) et un nouvel espace bois\u00e9 avec 150 tables de pique-nique, repr\u00e9sentant un investissement de 7 millions de dollars.<\/li>\n<li>Huit nouvelles cabanas luxueuses et priv\u00e9es dans la zone VIP du parc aquatique Calypso.<\/li>\n<\/ul>\n<h3 class=\"o-drawer__head\"><span class=\"a-title-base o-drawer__title\">2016<\/span><\/h3>\n<ul>\n<li>Nouvelles suites luxueuses Palace, situ\u00e9es au c\u0153ur de l&rsquo;action, \u00e0 c\u00f4t\u00e9 de la piscine \u00e0 vagues.<\/li>\n<\/ul>\n<h3 class=\"o-drawer__head\"><span class=\"a-title-base o-drawer__title\">2025<\/span><\/h3>\n<ul>\n<li>Une nouvelle entr\u00e9e \u00e9tonnante et une Mainstreet r\u00e9nov\u00e9e avec une boutiques et des restaurants.<\/li>\n<\/ul>\n<p>[\/et_pb_text][\/et_pb_column][\/et_pb_row][\/et_pb_section]<\/p>\n","protected":false},"excerpt":{"rendered":"<p>Le parc aquatique Calypso est le lieu estival par excellence pour les enfants et les amateurs de sensations fortes. Plus grand parc aquatique du Canada, cet investissement de 65 millions de dollars propose une grande vari\u00e9t\u00e9 d&rsquo;attractions pour les personnes de tous \u00e2ges : 35 glissades, 100 jeux d&rsquo;eau et deux rivi\u00e8res th\u00e9matiques ! Il abrite \u00e9galement la plus grande piscine \u00e0 vagues du pays, des glissades excitants pour tous, des aires de jeux pour les jeunes familles, trois zones VIP et un grand choix de restaurants. Avec tant de choses \u00e0 faire et \u00e0 voir, une journ\u00e9e au parc aquatique Calypso est tout simplement inoubliable ! L&rsquo;histoire 2010 7 juin 2010 &#8211; Ouverture du parc aquatique 2011 La nouvelle Summit Tower, la plus haute tour de glissades d&rsquo;eau autoportante au Canada, avec 10 nouvelles glissades d&rsquo;eau, dont deux AquaLoops, quatre glissades d&rsquo;eau \u00e0 grande vitesse et quatre glissades en serpentin pour toute la famille. Cette nouvelle attraction a repr\u00e9sent\u00e9 un investissement de 5 millions de dollars. Nouvelle zone VIP avec des cabanas luxueuses et priv\u00e9es. 2012 New Jungle Challenge et de nombreuses am\u00e9liorations apport\u00e9es aux installations existantes du parc aquatique, ce qui repr\u00e9sente un investissement total d&rsquo;un million de [&hellip;]<\/p>\n","protected":false},"author":62,"featured_media":18437,"parent":0,"menu_order":0,"comment_status":"closed","ping_status":"closed","template":"","meta":{"_acf_changed":false,"_et_pb_use_builder":"on","_et_pb_old_content":"","_et_gb_content_width":"","footnotes":""},"class_list":["post-20228","page","type-page","status-publish","has-post-thumbnail","hentry"],"acf":[],"_links":{"self":[{"href":"https:\/\/calypsopark.com\/fr\/wp-json\/wp\/v2\/pages\/20228","targetHints":{"allow":["GET"]}}],"collection":[{"href":"https:\/\/calypsopark.com\/fr\/wp-json\/wp\/v2\/pages"}],"about":[{"href":"https:\/\/calypsopark.com\/fr\/wp-json\/wp\/v2\/types\/page"}],"author":[{"embeddable":true,"href":"https:\/\/calypsopark.com\/fr\/wp-json\/wp\/v2\/users\/62"}],"replies":[{"embeddable":true,"href":"https:\/\/calypsopark.com\/fr\/wp-json\/wp\/v2\/comments?post=20228"}],"version-history":[{"count":0,"href":"https:\/\/calypsopark.com\/fr\/wp-json\/wp\/v2\/pages\/20228\/revisions"}],"wp:featuredmedia":[{"embeddable":true,"href":"https:\/\/calypsopark.com\/fr\/wp-json\/wp\/v2\/media\/18437"}],"wp:attachment":[{"href":"https:\/\/calypsopark.com\/fr\/wp-json\/wp\/v2\/media?parent=20228"}],"curies":[{"name":"wp","href":"https:\/\/api.w.org\/{rel}","templated":true}]}}