{"id":20250,"date":"2022-02-28T03:57:22","date_gmt":"2022-02-28T08:57:22","guid":{"rendered":"https:\/\/079ef7049b.nxcli.io\/groupes\/"},"modified":"2026-03-12T11:40:07","modified_gmt":"2026-03-12T15:40:07","slug":"groupes-old","status":"publish","type":"page","link":"https:\/\/calypsopark.com\/fr\/groupes-old\/","title":{"rendered":"Groupes"},"content":{"rendered":"<p>[et_pb_section fb_built=\u00a0\u00bb1&Prime; admin_label=\u00a0\u00bbsection\u00a0\u00bb _builder_version=\u00a0\u00bb4.16&Prime; _module_preset=\u00a0\u00bbdefault\u00a0\u00bb global_colors_info=\u00a0\u00bb{}\u00a0\u00bb theme_builder_area=\u00a0\u00bbpost_content\u00a0\u00bb][et_pb_row _builder_version=\u00a0\u00bb4.27.4&Prime; _module_preset=\u00a0\u00bbdefault\u00a0\u00bb global_colors_info=\u00a0\u00bb{}\u00a0\u00bb theme_builder_area=\u00a0\u00bbpost_content\u00a0\u00bb][et_pb_column type=\u00a0\u00bb4_4&Prime; _builder_version=\u00a0\u00bb4.27.4&Prime; _module_preset=\u00a0\u00bbdefault\u00a0\u00bb global_colors_info=\u00a0\u00bb{}\u00a0\u00bb theme_builder_area=\u00a0\u00bbpost_content\u00a0\u00bb][et_pb_text _builder_version=\u00a0\u00bb4.27.4&Prime; _module_preset=\u00a0\u00bbdefault\u00a0\u00bb global_colors_info=\u00a0\u00bb{}\u00a0\u00bb theme_builder_area=\u00a0\u00bbpost_content\u00a0\u00bb]<\/p>\n<h1>Faites sensation avec votre \u00e9v\u00e9nement de groupe<\/h1>\n<p>Calypso est un plaisir pour tous les membres de votre groupe, qu&rsquo;il s&rsquo;agisse d&rsquo;\u00e9v\u00e9nements d&rsquo;entreprise, de voyages d&rsquo;\u00e9tudes, de sorties en groupe ou de f\u00eates d&rsquo;anniversaire. Montez sur les toboggans, flottez dans les piscines ou allongez-vous sur une chaise longue et observez le spectacle. Il est tr\u00e8s facile d&rsquo;organiser une journ\u00e9e au parc pour des groupes de 20 \u00e0 15,000 personnes.  <\/p>\n<p>[\/et_pb_text][\/et_pb_column][\/et_pb_row][et_pb_row column_structure=\u00a0\u00bb1_4,1_4,1_4,1_4&Prime; module_class=\u00a0\u00bbcard-wrapper\u00a0\u00bb _builder_version=\u00a0\u00bb4.27.4&Prime; _module_preset=\u00a0\u00bbdefault\u00a0\u00bb global_colors_info=\u00a0\u00bb{}\u00a0\u00bb theme_builder_area=\u00a0\u00bbpost_content\u00a0\u00bb][et_pb_column type=\u00a0\u00bb1_4&Prime; _builder_version=\u00a0\u00bb4.27.4&Prime; _module_preset=\u00a0\u00bbdefault\u00a0\u00bb global_colors_info=\u00a0\u00bb{}\u00a0\u00bb theme_builder_area=\u00a0\u00bbpost_content\u00a0\u00bb][dsm_card title=\u00a0\u00bbBillets de groupe\u00a0\u00bb image=\u00a0\u00bbhttps:\/\/calypsopark.com\/wp-content\/uploads\/2025\/03\/group-in-theme-river.jpg\u00a0\u00bb image_as_background=\u00a0\u00bboff\u00a0\u00bb alt=\u00a0\u00bbGroupe \u00e0 th\u00e8matique rivi\u00e8re\u00a0\u00bb button_text=\u00a0\u00bbEn savoir plus\u00a0\u00bb button_url=\u00a0\u00bb\/fr\/billets-groupe\/\u00a0\u00bb button_url_new_window=\u00a0\u00bb1&Prime; module_class=\u00a0\u00bbno-pb\u00a0\u00bb _builder_version=\u00a0\u00bb4.27.4&Prime; _module_preset=\u00a0\u00bbdefault\u00a0\u00bb body_font_size=\u00a0\u00bb16px\u00a0\u00bb subhead_font=\u00a0\u00bb|600|||||||\u00a0\u00bb custom_button=\u00a0\u00bbon\u00a0\u00bb button_text_size=\u00a0\u00bb17px\u00a0\u00bb button_text_color=\u00a0\u00bb#FFFFFF\u00a0\u00bb button_bg_use_color_gradient=\u00a0\u00bbon\u00a0\u00bb button_bg_color_gradient_stops=\u00a0\u00bb#f08834 49%|#ea6733 51%\u00a0\u00bb button_font=\u00a0\u00bb|700||on|||||\u00a0\u00bb button_use_icon=\u00a0\u00bboff\u00a0\u00bb button_alignment=\u00a0\u00bbcenter\u00a0\u00bb button_custom_padding=\u00a0\u00bb16px|20px|16px|20px|true|true\u00a0\u00bb text_orientation=\u00a0\u00bbcenter\u00a0\u00bb border_width_all=\u00a0\u00bb1px\u00a0\u00bb border_color_all=\u00a0\u00bb#B2B2B2&Prime; global_colors_info=\u00a0\u00bb%91%93&Prime; button_bg_color__hover_enabled=\u00a0\u00bbon|hover\u00a0\u00bb button_bg_color_gradient_stops__hover=\u00a0\u00bb#ea6733 49%|#f08834 51%\u00a0\u00bb button_bg_use_color_gradient__hover=\u00a0\u00bbon\u00a0\u00bb button_bg_color_gradient_direction__hover=\u00a0\u00bb180deg\u00a0\u00bb theme_builder_area=\u00a0\u00bbpost_content\u00a0\u00bb]<\/p>\n<p>Billets d&rsquo;entr\u00e9e \u00e0 prix r\u00e9duit \u00e0 partir de 20 personnes.<\/p>\n<p>[\/dsm_card][\/et_pb_column][et_pb_column type=\u00a0\u00bb1_4&Prime; _builder_version=\u00a0\u00bb4.27.4&Prime; _module_preset=\u00a0\u00bbdefault\u00a0\u00bb global_colors_info=\u00a0\u00bb{}\u00a0\u00bb theme_builder_area=\u00a0\u00bbpost_content\u00a0\u00bb][dsm_card title=\u00a0\u00bbPique-niques de groupe\u00a0\u00bb image=\u00a0\u00bbhttps:\/\/calypsopark.com\/wp-content\/uploads\/2025\/03\/picnic-meal-serving-line.jpg\u00a0\u00bb image_as_background=\u00a0\u00bboff\u00a0\u00bb alt=\u00a0\u00bbRepas pique-nique au Calypso\u00a0\u00bb button_text=\u00a0\u00bbEN SAVOIR PLUS\u00a0\u00bb button_url=\u00a0\u00bb\/fr\/forfait-groupe\/\u00a0\u00bb button_url_new_window=\u00a0\u00bb1&Prime; module_class=\u00a0\u00bbno-pb\u00a0\u00bb _builder_version=\u00a0\u00bb4.27.4&Prime; _module_preset=\u00a0\u00bbdefault\u00a0\u00bb body_font_size=\u00a0\u00bb16px\u00a0\u00bb subhead_font=\u00a0\u00bb|600|||||||\u00a0\u00bb custom_button=\u00a0\u00bbon\u00a0\u00bb button_text_size=\u00a0\u00bb17px\u00a0\u00bb button_text_color=\u00a0\u00bb#FFFFFF\u00a0\u00bb button_bg_use_color_gradient=\u00a0\u00bbon\u00a0\u00bb button_bg_color_gradient_stops=\u00a0\u00bb#f08834 49%|#ea6733 51%\u00a0\u00bb button_font=\u00a0\u00bb|700||on|||||\u00a0\u00bb button_use_icon=\u00a0\u00bboff\u00a0\u00bb button_alignment=\u00a0\u00bbcenter\u00a0\u00bb button_custom_padding=\u00a0\u00bb16px|20px|16px|20px|true|true\u00a0\u00bb text_orientation=\u00a0\u00bbcenter\u00a0\u00bb border_width_all=\u00a0\u00bb1px\u00a0\u00bb border_color_all=\u00a0\u00bb#B2B2B2&Prime; global_colors_info=\u00a0\u00bb%91%93&Prime; button_bg_color__hover_enabled=\u00a0\u00bbon|hover\u00a0\u00bb button_bg_color_gradient_stops__hover=\u00a0\u00bb#ea6733 49%|#f08834 51%\u00a0\u00bb button_bg_use_color_gradient__hover=\u00a0\u00bbon\u00a0\u00bb button_bg_color_gradient_direction__hover=\u00a0\u00bb180deg\u00a0\u00bb theme_builder_area=\u00a0\u00bbpost_content\u00a0\u00bb]<\/p>\n<p class=\"has-text-align-center\">Comprend l&rsquo;entr\u00e9e au parc et un repas barbecue dans une zone r\u00e9serv\u00e9e pour 20 personnes ou plus.<\/p>\n<p>[\/dsm_card][\/et_pb_column][et_pb_column type=\u00a0\u00bb1_4&Prime; _builder_version=\u00a0\u00bb4.27.4&Prime; _module_preset=\u00a0\u00bbdefault\u00a0\u00bb global_colors_info=\u00a0\u00bb{}\u00a0\u00bb theme_builder_area=\u00a0\u00bbpost_content\u00a0\u00bb][dsm_card title=\u00a0\u00bb\u00c9coles et camps\u00a0\u00bb image=\u00a0\u00bbhttps:\/\/calypsopark.com\/wp-content\/uploads\/2025\/03\/school-group-by-pool.jpg\u00a0\u00bb image_as_background=\u00a0\u00bboff\u00a0\u00bb alt=\u00a0\u00bbGroupe scolaire au bord d&rsquo;une piscine\u00a0\u00bb button_text=\u00a0\u00bbEN SAVOIR PLUS\u00a0\u00bb button_url=\u00a0\u00bb\/fr\/sorties-jeunesse\/\u00a0\u00bb button_url_new_window=\u00a0\u00bb1&Prime; module_class=\u00a0\u00bbno-pb\u00a0\u00bb _builder_version=\u00a0\u00bb4.27.4&Prime; _module_preset=\u00a0\u00bbdefault\u00a0\u00bb body_font_size=\u00a0\u00bb16px\u00a0\u00bb subhead_font=\u00a0\u00bb|600|||||||\u00a0\u00bb custom_button=\u00a0\u00bbon\u00a0\u00bb button_text_size=\u00a0\u00bb17px\u00a0\u00bb button_text_color=\u00a0\u00bb#FFFFFF\u00a0\u00bb button_bg_use_color_gradient=\u00a0\u00bbon\u00a0\u00bb button_bg_color_gradient_stops=\u00a0\u00bb#f08834 49%|#ea6733 51%\u00a0\u00bb button_font=\u00a0\u00bb|700||on|||||\u00a0\u00bb button_use_icon=\u00a0\u00bboff\u00a0\u00bb button_alignment=\u00a0\u00bbcenter\u00a0\u00bb button_custom_padding=\u00a0\u00bb16px|20px|16px|20px|true|true\u00a0\u00bb text_orientation=\u00a0\u00bbcenter\u00a0\u00bb border_width_all=\u00a0\u00bb1px\u00a0\u00bb border_color_all=\u00a0\u00bb#B2B2B2&Prime; global_colors_info=\u00a0\u00bb%91%93&Prime; button_bg_color__hover_enabled=\u00a0\u00bbon|hover\u00a0\u00bb button_bg_color_gradient_stops__hover=\u00a0\u00bb#ea6733 49%|#f08834 51%\u00a0\u00bb button_bg_use_color_gradient__hover=\u00a0\u00bbon\u00a0\u00bb button_bg_color_gradient_direction__hover=\u00a0\u00bb180deg\u00a0\u00bb theme_builder_area=\u00a0\u00bbpost_content\u00a0\u00bb]<\/p>\n<p>Tarifs sp\u00e9ciaux pour les \u00e9coles et les camps. Des forfaits \u00e9ducatifs sont disponibles. <\/p>\n<p>[\/dsm_card][\/et_pb_column][et_pb_column type=\u00a0\u00bb1_4&Prime; _builder_version=\u00a0\u00bb4.27.4&Prime; _module_preset=\u00a0\u00bbdefault\u00a0\u00bb global_colors_info=\u00a0\u00bb{}\u00a0\u00bb theme_builder_area=\u00a0\u00bbpost_content\u00a0\u00bb][dsm_card title=\u00a0\u00bbF\u00eate d&rsquo;Anniversaire\u00a0\u00bb image=\u00a0\u00bbhttps:\/\/calypsopark.com\/wp-content\/uploads\/2025\/03\/kids-at-birthday-party.jpg\u00a0\u00bb image_as_background=\u00a0\u00bboff\u00a0\u00bb alt=\u00a0\u00bbEnfants \u00e0 une f\u00eate d&rsquo;anniversaire\u00a0\u00bb button_text=\u00a0\u00bbEN SAVOIR PLUS\u00a0\u00bb button_url=\u00a0\u00bb\/fr\/fete-anniversaire\/\u00a0\u00bb button_url_new_window=\u00a0\u00bb1&Prime; module_class=\u00a0\u00bbno-pb\u00a0\u00bb _builder_version=\u00a0\u00bb4.27.4&Prime; _module_preset=\u00a0\u00bbdefault\u00a0\u00bb body_font_size=\u00a0\u00bb16px\u00a0\u00bb subhead_font=\u00a0\u00bb|600|||||||\u00a0\u00bb custom_button=\u00a0\u00bbon\u00a0\u00bb button_text_size=\u00a0\u00bb17px\u00a0\u00bb button_text_color=\u00a0\u00bb#FFFFFF\u00a0\u00bb button_bg_use_color_gradient=\u00a0\u00bbon\u00a0\u00bb button_bg_color_gradient_stops=\u00a0\u00bb#f08834 49%|#ea6733 51%\u00a0\u00bb button_font=\u00a0\u00bb|700||on|||||\u00a0\u00bb button_use_icon=\u00a0\u00bboff\u00a0\u00bb button_alignment=\u00a0\u00bbcenter\u00a0\u00bb button_custom_padding=\u00a0\u00bb16px|20px|16px|20px|true|true\u00a0\u00bb text_orientation=\u00a0\u00bbcenter\u00a0\u00bb border_width_all=\u00a0\u00bb1px\u00a0\u00bb border_color_all=\u00a0\u00bb#B2B2B2&Prime; global_colors_info=\u00a0\u00bb%91%93&Prime; button_bg_color__hover_enabled=\u00a0\u00bbon|hover\u00a0\u00bb button_bg_color_gradient_stops__hover=\u00a0\u00bb#ea6733 49%|#f08834 51%\u00a0\u00bb button_bg_use_color_gradient__hover=\u00a0\u00bbon\u00a0\u00bb button_bg_color_gradient_direction__hover=\u00a0\u00bb180deg\u00a0\u00bb theme_builder_area=\u00a0\u00bbpost_content\u00a0\u00bb]<\/p>\n<p>C\u00e9l\u00e9brez avec style au parc aquatique Calypso ! Forfaits disponibles pour 10 personnes ou plus. <\/p>\n<p>[\/dsm_card][\/et_pb_column][\/et_pb_row][\/et_pb_section][et_pb_section fb_built=\u00a0\u00bb1&Prime; fullwidth=\u00a0\u00bbon\u00a0\u00bb _builder_version=\u00a0\u00bb4.27.4&Prime; _module_preset=\u00a0\u00bbdefault\u00a0\u00bb global_colors_info=\u00a0\u00bb{}\u00a0\u00bb theme_builder_area=\u00a0\u00bbpost_content\u00a0\u00bb][et_pb_fullwidth_header title=\u00a0\u00bbEspace priv\u00e9 pour petit groupe &#8211; Max 20 personnes\u00a0\u00bb button_one_text=\u00a0\u00bbEn savoir plus\u00a0\u00bb button_one_url=\u00a0\u00bbhttps:\/\/calypsotickets.parkezpay.com\/?_gl=1*16jvlh2*_gcl_au*MTg4OTY5NTM0OC4xNzU0MjU2NjYz*_ga*MjEwNTQ0MjczNC4xNzU0MjU2NjY0*_ga_25PSWP0LXG*czE3NTQyNTY2NjQkbzEkZzEkdDE3NTQyNTcxNTckajE0JGwwJGgw#\/51\/store\/offers\/632911cd-9c9a-ee11-815f-81304f8e0e88&Prime; _builder_version=\u00a0\u00bb4.27.4&Prime; _module_preset=\u00a0\u00bbdefault\u00a0\u00bb hover_enabled=\u00a0\u00bb0&Prime; global_colors_info=\u00a0\u00bb{}\u00a0\u00bb theme_builder_area=\u00a0\u00bbpost_content\u00a0\u00bb sticky_enabled=\u00a0\u00bb0&Prime;]<\/p>\n<p data-start=\"0\" data-end=\"121\">Un espace priv\u00e9 r\u00e9serv\u00e9 pour les anniversaires, c\u00e9l\u00e9brations, retrouvailles familiales, sorties de groupe et plus encore.<\/p>\n<p data-start=\"123\" data-end=\"240\">R\u00e9servez en ligne et r\u00e9cup\u00e9rez vos bracelets pour acc\u00e9der \u00e0 la zone \u00e0 notre \u00eelot d&rsquo;information situ\u00e9 sur la rue Principale.<\/p>\n<p data-start=\"242\" data-end=\"279\" data-is-last-node=\"\" data-is-only-node=\"\">Peut accueillir jusqu\u2019\u00e0 20 personnes maximum.<\/p>\n<p>[\/et_pb_fullwidth_header][\/et_pb_section]<\/p>\n","protected":false},"excerpt":{"rendered":"<p>Faites sensation avec votre \u00e9v\u00e9nement de groupe Calypso est un plaisir pour tous les membres de votre groupe, qu&rsquo;il s&rsquo;agisse d&rsquo;\u00e9v\u00e9nements d&rsquo;entreprise, de voyages d&rsquo;\u00e9tudes, de sorties en groupe ou de f\u00eates d&rsquo;anniversaire. Montez sur les toboggans, flottez dans les piscines ou allongez-vous sur une chaise longue et observez le spectacle. Il est tr\u00e8s facile d&rsquo;organiser une journ\u00e9e au parc pour des groupes de 20 \u00e0 15,000 personnes. <div class=\"et_pb_with_border et_pb_module dsm_card dsm_card_0 no-pb et_pb_bg_layout_light  dsm_card_layout_stacked\">\n\t\t\t\t\n\t\t\t\t\n\t\t\t\t\n\t\t\t\t\n\t\t\t\t\n\t\t\t\t\n\t\t\t\t<div class=\"et_pb_module_inner\">\n\t\t\t\t\t\n\t\t\t\n\t\t\t<figure class=\"dsm_card_image_wrapper dsm_card_badge_top_right\"><img decoding=\"async\" src=\"https:\/\/calypsopark.com\/wp-content\/uploads\/2025\/03\/group-in-theme-river.jpg\" alt=\"Groupe \u00e0 th\u00e8matique rivi\u00e8re\" srcset=\"https:\/\/calypsopark.com\/wp-content\/uploads\/2025\/03\/group-in-theme-river.jpg 624w, https:\/\/calypsopark.com\/wp-content\/uploads\/2025\/03\/group-in-theme-river-480x360.jpg 480w\" sizes=\"(min-width: 0px) and (max-width: 480px) 480px, (min-width: 481px) 624px, 100vw\" class=\"dsm_card_img dsm_card_image_stretch\" \/><\/figure>\n\t\t\t<div class=\"et_pb_module dsm_card_wrapper et_pb_text_align_center\">\n\t\t\t\t\t\n\t\t\t\t\t<h4 class=\"dsm_card_title et_pb_module_header\">Billets de groupe<\/h4>\n\t\t\t\t\t\n\t\t\t\t\t<div class=\"dsm_card_description\">Billets d&rsquo;entr\u00e9e \u00e0 prix r\u00e9duit \u00e0 partir de 20 personnes.<\/div>\n\t\t\t\t\t<div class=\"et_pb_button_wrapper\"><a class=\"et_pb_button et_pb_more_button \" href=\"\/fr\/billets-groupe\/\">En savoir plus<\/a><\/div>\n\t\t\t\t<\/div>\n\t\t\t\n\t\t\t\t<\/div>\n\t\t\t<\/div><div class=\"et_pb_with_border et_pb_module dsm_card dsm_card_1 no-pb et_pb_bg_layout_light  dsm_card_layout_stacked\">\n\t\t\t\t\n\t\t\t\t\n\t\t\t\t\n\t\t\t\t\n\t\t\t\t\n\t\t\t\t\n\t\t\t\t<div class=\"et_pb_module_inner\">\n\t\t\t\t\t\n\t\t\t\n\t\t\t<figure class=\"dsm_card_image_wrapper dsm_card_badge_top_right\"><img decoding=\"async\" src=\"https:\/\/calypsopark.com\/wp-content\/uploads\/2025\/03\/picnic-meal-serving-line.jpg\" alt=\"Repas pique-nique au Calypso\" srcset=\"https:\/\/calypsopark.com\/wp-content\/uploads\/2025\/03\/picnic-meal-serving-line.jpg 1776w, https:\/\/calypsopark.com\/wp-content\/uploads\/2025\/03\/picnic-meal-serving-line-1280x961.jpg 1280w, https:\/\/calypsopark.com\/wp-content\/uploads\/2025\/03\/picnic-meal-serving-line-980x736.jpg 980w, https:\/\/calypsopark.com\/wp-content\/uploads\/2025\/03\/picnic-meal-serving-line-480x360.jpg 480w\" sizes=\"(min-width: 0px) and (max-width: 480px) 480px, (min-width: 481px) and (max-width: 980px) 980px, (min-width: 981px) and (max-width: 1280px) 1280px, (min-width: 1281px) 1776px, 100vw\" class=\"dsm_card_img dsm_card_image_stretch\" \/><\/figure>\n\t\t\t<div class=\"et_pb_module dsm_card_wrapper et_pb_text_align_center\">\n\t\t\t\t\t\n\t\t\t\t\t<h4 class=\"dsm_card_title et_pb_module_header\">Pique-niques de groupe<\/h4>\n\t\t\t\t\t\n\t\t\t\t\t<div class=\"dsm_card_description\">Comprend l&rsquo;entr\u00e9e au parc et un repas barbecue dans une zone r\u00e9serv\u00e9e pour 20 personnes ou plus.<\/div>\n\t\t\t\t\t<div class=\"et_pb_button_wrapper\"><a class=\"et_pb_button et_pb_more_button \" href=\"\/fr\/forfait-groupe\/\">EN SAVOIR PLUS<\/a><\/div>\n\t\t\t\t<\/div>\n\t\t\t\n\t\t\t\t<\/div>\n\t\t\t<\/div><div class=\"et_pb_module dsm_card dsm_card_2 \u00bbno-pb et_pb_bg_layout_light  dsm_card_layout_stacked\">\n\t\t\t\t\n\t\t\t\t\n\t\t\t\t\n\t\t\t\t\n\t\t\t\t\n\t\t\t\t\n\t\t\t\t<div class=\"et_pb_module_inner\">\n\t\t\t\t\t\n\t\t\t\n\t\t\t<figure class=\"dsm_card_image_wrapper dsm_card_badge_top_right\"><img decoding=\"async\" src=\"\" alt=\"\u00bbGroupe\" class=\"et_multi_view_hidden_image dsm_card_img dsm_card_image_stretch\" \/><\/figure>\n\t\t\t<div class=\"et_pb_module dsm_card_wrapper et_pb_text_align_left\">\n\t\t\t\t\t\n\t\t\t\t\t<h4 class=\"dsm_card_title et_pb_module_header\">\u00bb\u00c9coles<\/h4>\n\t\t\t\t\t\n\t\t\t\t\t\n\t\t\t\t\t<div class=\"et_pb_button_wrapper\"><a class=\"et_pb_button et_pb_more_button \" href=\"http:\/\/\u00bb\/fr\/sorties-jeunesse\/\">\u00bbEN<\/a><\/div>\n\t\t\t\t<\/div>\n\t\t\t\n\t\t\t\t<\/div>\n\t\t\t<\/div><\/p>\n","protected":false},"author":62,"featured_media":0,"parent":0,"menu_order":0,"comment_status":"closed","ping_status":"closed","template":"","meta":{"_acf_changed":false,"_et_pb_use_builder":"on","_et_pb_old_content":"","_et_gb_content_width":"","footnotes":""},"class_list":["post-20250","page","type-page","status-publish","hentry"],"acf":[],"_links":{"self":[{"href":"https:\/\/calypsopark.com\/fr\/wp-json\/wp\/v2\/pages\/20250","targetHints":{"allow":["GET"]}}],"collection":[{"href":"https:\/\/calypsopark.com\/fr\/wp-json\/wp\/v2\/pages"}],"about":[{"href":"https:\/\/calypsopark.com\/fr\/wp-json\/wp\/v2\/types\/page"}],"author":[{"embeddable":true,"href":"https:\/\/calypsopark.com\/fr\/wp-json\/wp\/v2\/users\/62"}],"replies":[{"embeddable":true,"href":"https:\/\/calypsopark.com\/fr\/wp-json\/wp\/v2\/comments?post=20250"}],"version-history":[{"count":0,"href":"https:\/\/calypsopark.com\/fr\/wp-json\/wp\/v2\/pages\/20250\/revisions"}],"wp:attachment":[{"href":"https:\/\/calypsopark.com\/fr\/wp-json\/wp\/v2\/media?parent=20250"}],"curies":[{"name":"wp","href":"https:\/\/api.w.org\/{rel}","templated":true}]}}