{"id":20253,"date":"2025-02-05T02:45:19","date_gmt":"2025-02-05T07:45:19","guid":{"rendered":"https:\/\/079ef7049b.nxcli.io\/stationnement-sans-argent-liquide\/"},"modified":"2026-04-06T09:45:53","modified_gmt":"2026-04-06T13:45:53","slug":"stationnement-sans-argent-liquide","status":"publish","type":"page","link":"https:\/\/calypsopark.com\/fr\/planifier\/stationnement-sans-argent-liquide\/","title":{"rendered":"Paiement sans num\u00e9raire et stationnement"},"content":{"rendered":"<p>[et_pb_section fb_built=\u00a0\u00bb1&Prime; _builder_version=\u00a0\u00bb4.27.4&Prime; _module_preset=\u00a0\u00bbdefault\u00a0\u00bb global_colors_info=\u00a0\u00bb{}\u00a0\u00bb theme_builder_area=\u00a0\u00bbpost_content\u00a0\u00bb][et_pb_row _builder_version=\u00a0\u00bb4.27.4&Prime; _module_preset=\u00a0\u00bbdefault\u00a0\u00bb global_colors_info=\u00a0\u00bb{}\u00a0\u00bb theme_builder_area=\u00a0\u00bbpost_content\u00a0\u00bb][et_pb_column type=\u00a0\u00bb4_4&Prime; _builder_version=\u00a0\u00bb4.27.4&Prime; _module_preset=\u00a0\u00bbdefault\u00a0\u00bb global_colors_info=\u00a0\u00bb{}\u00a0\u00bb theme_builder_area=\u00a0\u00bbpost_content\u00a0\u00bb][et_pb_image src=\u00a0\u00bbhttps:\/\/calypsopark.com\/wp-content\/uploads\/2025\/05\/Island-H2O-Water-Park-4.png\u00a0\u00bb alt=\u00a0\u00bbCash to Card\u00a0\u00bb title_text=\u00a0\u00bbcash-to-card\u00a0\u00bb _builder_version=\u00a0\u00bb4.27.4&Prime; _module_preset=\u00a0\u00bbdefault\u00a0\u00bb global_colors_info=\u00a0\u00bb{}\u00a0\u00bb theme_builder_area=\u00a0\u00bbpost_content\u00a0\u00bb][\/et_pb_image][et_pb_text _builder_version=\u00a0\u00bb4.27.4&Prime; _module_preset=\u00a0\u00bbdefault\u00a0\u00bb hover_enabled=\u00a0\u00bb0&Prime; global_colors_info=\u00a0\u00bb{}\u00a0\u00bb theme_builder_area=\u00a0\u00bbpost_content\u00a0\u00bb sticky_enabled=\u00a0\u00bb0&Prime;]<\/p>\n<h2>Nouveau : Nous n&rsquo;avons plus besoin d&rsquo;argent liquide<\/h2>\n<p>Le parc aquatique Calypso est devenu un parc sans argent liquide, ce qui vous permet d&rsquo;effectuer vos paiements plus rapidement et plus facilement pendant votre visite. Des bornes de paiement par carte sont disponibles \u00e0 l&rsquo;entr\u00e9e et \u00e0 l&rsquo;int\u00e9rieur du parc. <span style=\"font-size: 17px;\">Notre machine accepte seulement les billets, pas les pi\u00e8ces. <\/span><span style=\"font-size: 17px;\">Le paiement en esp\u00e8ces est \u00e9galement n\u00e9cessaire pour le stationnement.<\/span><\/p>\n<div aria-hidden=\"true\" data-edge=\"true\" class=\"pointer-events-none h-px w-px\"><\/div>\n<p>Les chefs de groupe sont pri\u00e9s d&rsquo;informer les membres de leur groupe de l&rsquo;existence des paiements sans num\u00e9raire avant leur visite.<\/p>\n<p>[\/et_pb_text][\/et_pb_column][\/et_pb_row][et_pb_row column_structure=\u00a0\u00bb3_5,2_5&Prime; _builder_version=\u00a0\u00bb4.27.4&Prime; _module_preset=\u00a0\u00bbdefault\u00a0\u00bb global_colors_info=\u00a0\u00bb{}\u00a0\u00bb theme_builder_area=\u00a0\u00bbpost_content\u00a0\u00bb][et_pb_column type=\u00a0\u00bb3_5&Prime; _builder_version=\u00a0\u00bb4.27.4&Prime; _module_preset=\u00a0\u00bbdefault\u00a0\u00bb global_colors_info=\u00a0\u00bb{}\u00a0\u00bb theme_builder_area=\u00a0\u00bbpost_content\u00a0\u00bb][et_pb_text _builder_version=\u00a0\u00bb4.27.4&Prime; _module_preset=\u00a0\u00bbdefault\u00a0\u00bb global_colors_info=\u00a0\u00bb{}\u00a0\u00bb theme_builder_area=\u00a0\u00bbpost_content\u00a0\u00bb]<\/p>\n<h3>Stationnement quotidien : <strong><small>21,00 $ + taxe<\/small><\/strong><\/h3>\n<p><strong>CR\u00c9DIT OU D\u00c9BIT SEULEMENT &#8211; PAS D&rsquo;ARGENT LIQUIDE<\/strong><\/p>\n<p>Le stationnement quotidien n&rsquo;est possible qu&rsquo;en utilisant le syst\u00e8me de stationnement automatique sur place. Le stationnement n&rsquo;est pas disponible en ligne ou \u00e0 nos guichets. Seuls les paiements par carte de cr\u00e9dit ou de d\u00e9bit sont accept\u00e9s.<\/p>\n<p>Le tarif du stationnement quotidien s&rsquo;applique \u00e0 une entr\u00e9e. Si vous quittez le stationnement, vous devrez payer un suppl\u00e9ment de 21 $ + taxes pour entrer \u00e0 nouveau.<\/p>\n<h3>Cartes de stationnement saisonni\u00e8res : 69,99 $ + taxes<\/h3>\n<p><strong>DISPONIBLE EN LIGNE UNIQUEMENT, non vendu \u00e0 nos guichets.<span> <\/span><\/strong>Les passes de stationnement saisonni\u00e8res ne peuvent \u00eatre utilis\u00e9es qu&rsquo;une seule fois par jour pendant toute la saison.<\/p>\n<p><em><small>Le parc aquatique Calypso n&rsquo;est pas responsable des objets perdus, vol\u00e9s ou endommag\u00e9s.<\/small><\/em><\/p>\n<p>[\/et_pb_text][et_pb_button button_text=\u00a0\u00bbAcheter\u00a0\u00bb _builder_version=\u00a0\u00bb4.27.4&Prime; _module_preset=\u00a0\u00bbdefault\u00a0\u00bb theme_builder_area=\u00a0\u00bbpost_content\u00a0\u00bb button_url=\u00a0\u00bbhttps:\/\/calypsotickets.parkezpay.com\/?_gl=1*1yhdctq*_gcl_au*MTA3NTYzMTY3Ni4xNzcwNjQ5NTU3*_ga*MjczMTg2MTEwLjE3NzA2NDk1NTg.*_ga_25PSWP0LXG*czE3NzU0ODA4MTgkbzgkZzEkdDE3NzU0ODMxMTYkajQ3JGwwJGgw#\/51\/store\/offer\/64d4133f-08e5-ed11-814e-000c297face5\/a468728f-2cbf-f011-8161-0050568e16ff\u00a0\u00bb hover_enabled=\u00a0\u00bb0&Prime; sticky_enabled=\u00a0\u00bb0&Prime;][\/et_pb_button][\/et_pb_column][et_pb_column type=\u00a0\u00bb2_5&Prime; _builder_version=\u00a0\u00bb4.27.4&Prime; _module_preset=\u00a0\u00bbdefault\u00a0\u00bb global_colors_info=\u00a0\u00bb{}\u00a0\u00bb theme_builder_area=\u00a0\u00bbpost_content\u00a0\u00bb][et_pb_image src=\u00a0\u00bbhttps:\/\/calypsopark.com\/wp-content\/uploads\/2025\/04\/family-parking.jpg\u00a0\u00bb alt=\u00a0\u00bbStationnement familiale au parc aquatique Calypso\u00a0\u00bb title_text=\u00a0\u00bbstationnement-familiale\u00a0\u00bb _builder_version=\u00a0\u00bb4.27.4&Prime; _module_preset=\u00a0\u00bbdefault\u00a0\u00bb global_colors_info=\u00a0\u00bb{}\u00a0\u00bb theme_builder_area=\u00a0\u00bbpost_content\u00a0\u00bb][\/et_pb_image][\/et_pb_column][\/et_pb_row][\/et_pb_section]<\/p>\n","protected":false},"excerpt":{"rendered":"<p>Nouveau : Nous n&rsquo;avons plus besoin d&rsquo;argent liquide Le parc aquatique Calypso est devenu un parc sans argent liquide, ce qui vous permet d&rsquo;effectuer vos paiements plus rapidement et plus facilement pendant votre visite. Des bornes de paiement par carte sont disponibles \u00e0 l&rsquo;entr\u00e9e et \u00e0 l&rsquo;int\u00e9rieur du parc. Notre machine accepte seulement les billets, pas les pi\u00e8ces. Le paiement en esp\u00e8ces est \u00e9galement n\u00e9cessaire pour le stationnement. Les chefs de groupe sont pri\u00e9s d&rsquo;informer les membres de leur groupe de l&rsquo;existence des paiements sans num\u00e9raire avant leur visite.Stationnement quotidien : 21,00 $ + taxe CR\u00c9DIT OU D\u00c9BIT SEULEMENT &#8211; PAS D&rsquo;ARGENT LIQUIDE Le stationnement quotidien n&rsquo;est possible qu&rsquo;en utilisant le syst\u00e8me de stationnement automatique sur place. Le stationnement n&rsquo;est pas disponible en ligne ou \u00e0 nos guichets. Seuls les paiements par carte de cr\u00e9dit ou de d\u00e9bit sont accept\u00e9s. Le tarif du stationnement quotidien s&rsquo;applique \u00e0 une entr\u00e9e. Si vous quittez le stationnement, vous devrez payer un suppl\u00e9ment de 21 $ + taxes pour entrer \u00e0 nouveau. Cartes de stationnement saisonni\u00e8res : 69,99 $ + taxes DISPONIBLE EN LIGNE UNIQUEMENT, non vendu \u00e0 nos guichets. Les passes de stationnement saisonni\u00e8res ne peuvent \u00eatre utilis\u00e9es qu&rsquo;une seule fois par jour [&hellip;]<\/p>\n","protected":false},"author":62,"featured_media":0,"parent":20262,"menu_order":0,"comment_status":"closed","ping_status":"closed","template":"","meta":{"_acf_changed":false,"_et_pb_use_builder":"on","_et_pb_old_content":"","_et_gb_content_width":"","footnotes":""},"class_list":["post-20253","page","type-page","status-publish","hentry"],"acf":[],"_links":{"self":[{"href":"https:\/\/calypsopark.com\/fr\/wp-json\/wp\/v2\/pages\/20253","targetHints":{"allow":["GET"]}}],"collection":[{"href":"https:\/\/calypsopark.com\/fr\/wp-json\/wp\/v2\/pages"}],"about":[{"href":"https:\/\/calypsopark.com\/fr\/wp-json\/wp\/v2\/types\/page"}],"author":[{"embeddable":true,"href":"https:\/\/calypsopark.com\/fr\/wp-json\/wp\/v2\/users\/62"}],"replies":[{"embeddable":true,"href":"https:\/\/calypsopark.com\/fr\/wp-json\/wp\/v2\/comments?post=20253"}],"version-history":[{"count":0,"href":"https:\/\/calypsopark.com\/fr\/wp-json\/wp\/v2\/pages\/20253\/revisions"}],"up":[{"embeddable":true,"href":"https:\/\/calypsopark.com\/fr\/wp-json\/wp\/v2\/pages\/20262"}],"wp:attachment":[{"href":"https:\/\/calypsopark.com\/fr\/wp-json\/wp\/v2\/media?parent=20253"}],"curies":[{"name":"wp","href":"https:\/\/api.w.org\/{rel}","templated":true}]}}