{"id":20259,"date":"2025-02-05T03:26:04","date_gmt":"2025-02-05T08:26:04","guid":{"rendered":"https:\/\/079ef7049b.nxcli.io\/party-anniversaire\/"},"modified":"2026-04-01T11:25:08","modified_gmt":"2026-04-01T15:25:08","slug":"fete-anniversaire","status":"publish","type":"page","link":"https:\/\/calypsopark.com\/fr\/fete-anniversaire\/","title":{"rendered":"F\u00eate d&rsquo;Anniversaires et C\u00e9l\u00e9brations"},"content":{"rendered":"<p>[et_pb_section fb_built=\u00a0\u00bb1&Prime; admin_label=\u00a0\u00bbsection\u00a0\u00bb _builder_version=\u00a0\u00bb4.16&Prime; _module_preset=\u00a0\u00bbdefault\u00a0\u00bb global_colors_info=\u00a0\u00bb{}\u00a0\u00bb theme_builder_area=\u00a0\u00bbpost_content\u00a0\u00bb][et_pb_row column_structure=\u00a0\u00bb1_2,1_2&Prime; admin_label=\u00a0\u00bbrang\u00e9e\u00a0\u00bb _builder_version=\u00a0\u00bb4.27.4&Prime; _module_preset=\u00a0\u00bbdefault\u00a0\u00bb background_size=\u00a0\u00bbinitial\u00a0\u00bb background_position=\u00a0\u00bbtop_left\u00a0\u00bb background_repeat=\u00a0\u00bbrepeat\u00a0\u00bb custom_padding=\u00a0\u00bb||0px||false|false\u00a0\u00bb global_colors_info=\u00a0\u00bb{}\u00a0\u00bb theme_builder_area=\u00a0\u00bbpost_content\u00a0\u00bb][et_pb_column type=\u00a0\u00bb1_2&Prime; _builder_version=\u00a0\u00bb4.16&Prime; _module_preset=\u00a0\u00bbdefault\u00a0\u00bb custom_padding=\u00a0\u00bb|||\u00a0\u00bb global_colors_info=\u00a0\u00bb{}\u00a0\u00bb custom_padding__hover=\u00a0\u00bb|||\u00a0\u00bb theme_builder_area=\u00a0\u00bbpost_content\u00a0\u00bb][et_pb_image src=\u00a0\u00bbhttps:\/\/calypsopark.com\/wp-content\/uploads\/2025\/03\/4-kids-at-birthday-party.jpg\u00a0\u00bb alt=\u00a0\u00bbQuatre enfants \u00e0 une f\u00eate d&rsquo;anniversaire\u00a0\u00bb title_text=\u00a0\u00bb4-enfants-\u00e0-la-f\u00eate-d&rsquo;anniversaire\u00a0\u00bb _builder_version=\u00a0\u00bb4.27.4&Prime; _module_preset=\u00a0\u00bbdefault\u00a0\u00bb global_colors_info=\u00a0\u00bb{}\u00a0\u00bb theme_builder_area=\u00a0\u00bbpost_content\u00a0\u00bb][\/et_pb_image][\/et_pb_column][et_pb_column type=\u00a0\u00bb1_2&Prime; _builder_version=\u00a0\u00bb4.16&Prime; _module_preset=\u00a0\u00bbdefault\u00a0\u00bb custom_padding=\u00a0\u00bb|||\u00a0\u00bb global_colors_info=\u00a0\u00bb{}\u00a0\u00bb custom_padding__hover=\u00a0\u00bb|||\u00a0\u00bb theme_builder_area=\u00a0\u00bbpost_content\u00a0\u00bb][et_pb_text _builder_version=\u00a0\u00bb4.27.4&Prime; _module_preset=\u00a0\u00bb_initial\u00a0\u00bb custom_margin=\u00a0\u00bb||42px|||\u00a0\u00bb global_colors_info=\u00a0\u00bb{}\u00a0\u00bb theme_builder_area=\u00a0\u00bbpost_content\u00a0\u00bb]<\/p>\n<h2><span style=\"font-size: 22px;\">Forfait c\u00e9l\u00e9bration<\/span><span style=\"font-size: 26px;\"><\/span><\/h2>\n<p><span>Tous vos amis voudront venir \u00e0 cette f\u00eate ! Organiser une f\u00eate d&rsquo;anniversaire inoubliable est facile. <\/span><\/p>\n<p><span>Les parents<\/span><span> peut s&rsquo;asseoir et se d\u00e9tendre. Nous avons pens\u00e9 \u00e0 tout pour que la star du jour puisse passer un agr\u00e9able moment de f\u00eate avec ses amis. <\/span><\/p>\n<p>R\u00e9servez votre f\u00eate en ligne d\u00e8s aujourd&rsquo;hui. Faites de cette f\u00eate d&rsquo;anniversaire un moment inoubliable !<\/p>\n<p>&nbsp;<\/p>\n<p>[\/et_pb_text][\/et_pb_column][\/et_pb_row][et_pb_row column_structure=\u00a0\u00bb1_2,1_2&Prime; admin_label=\u00a0\u00bbrang\u00e9e\u00a0\u00bb _builder_version=\u00a0\u00bb4.27.4&Prime; _module_preset=\u00a0\u00bbdefault\u00a0\u00bb background_size=\u00a0\u00bbinitial\u00a0\u00bb background_position=\u00a0\u00bbtop_left\u00a0\u00bb background_repeat=\u00a0\u00bbrepeat\u00a0\u00bb custom_margin=\u00a0\u00bb15px||||false|false\u00a0\u00bb global_colors_info=\u00a0\u00bb{}\u00a0\u00bb theme_builder_area=\u00a0\u00bbpost_content\u00a0\u00bb][et_pb_column type=\u00a0\u00bb1_2&Prime; _builder_version=\u00a0\u00bb4.16&Prime; _module_preset=\u00a0\u00bbdefault\u00a0\u00bb custom_padding=\u00a0\u00bb|||\u00a0\u00bb global_colors_info=\u00a0\u00bb{}\u00a0\u00bb custom_padding__hover=\u00a0\u00bb|||\u00a0\u00bb theme_builder_area=\u00a0\u00bbpost_content\u00a0\u00bb][et_pb_image src=\u00a0\u00bbhttps:\/\/calypsopark.com\/wp-content\/uploads\/2025\/05\/bday.jpg\u00a0\u00bb alt=\u00a0\u00bbCelebration\u00a0\u00bb title_text=\u00a0\u00bbCelebration\u00a0\u00bb _builder_version=\u00a0\u00bb4.27.4&Prime; _module_preset=\u00a0\u00bbdefault\u00a0\u00bb global_colors_info=\u00a0\u00bb{}\u00a0\u00bb theme_builder_area=\u00a0\u00bbpost_content\u00a0\u00bb][\/et_pb_image][et_pb_text _builder_version=\u00a0\u00bb4.27.4&Prime; _module_preset=\u00a0\u00bb_initial\u00a0\u00bb custom_margin=\u00a0\u00bb||0px||false|false\u00a0\u00bb global_colors_info=\u00a0\u00bb{}\u00a0\u00bb theme_builder_area=\u00a0\u00bbpost_content\u00a0\u00bb]<\/p>\n<h3>Forfait c\u00e9l\u00e9bration<\/h3>\n<p><strong>66,48 $ + taxes par personne \/ 10 personnes<\/strong><\/p>\n<ul>\n<li>Comprend l&rsquo;entr\u00e9e au parc pour 10 personnes.<\/li>\n<li>Un bon de repas par personne avec au choix un hamburger, hot-dog ou une part de pizza, des petites frites et une petite boisson non alcoolis\u00e9e.<\/li>\n<li>Un grand churro par personne.<\/li>\n<li>Des personnes suppl\u00e9mentaires peuvent \u00eatre ajout\u00e9es moyennant un suppl\u00e9ment.<\/li>\n<\/ul>\n<p>[\/et_pb_text][et_pb_button button_url=\u00a0\u00bbhttps:\/\/calypsotickets.parkezpay.com\/#\/51\/store\/offer\/632911cd-9c9a-ee11-815f-81304f8e0e88\/1974b198-c810-f011-8161-0050568e16ff\u00a0\u00bb button_text=\u00a0\u00bbR\u00e9servez maintenant\u00a0\u00bb button_alignment=\u00a0\u00bbcenter\u00a0\u00bb _builder_version=\u00a0\u00bb4.27.4&Prime; _module_preset=\u00a0\u00bbf228fc1e-22ea-47e6-a54f-459c9f5304fa\u00a0\u00bb button_bg_color_gradient_stops=\u00a0\u00bb#f08834 47%|rgba(237, 120, 52, 1) 50%|#ea6733 100%\u00a0\u00bb custom_margin=\u00a0\u00bb||40px|||\u00a0\u00bb global_colors_info=\u00a0\u00bb{}\u00a0\u00bb button_bg_color_gradient_stops__hover=\u00a0\u00bb#f08834 47%|rgba(237, 120, 52, 1) 50%|#ea6733 99%\u00a0\u00bb button_bg_color_gradient_direction__hover=\u00a0\u00bb0deg\u00a0\u00bb theme_builder_area=\u00a0\u00bbpost_content\u00a0\u00bb][\/et_pb_button][\/et_pb_column][et_pb_column type=\u00a0\u00bb1_2&Prime; _builder_version=\u00a0\u00bb4.16&Prime; _module_preset=\u00a0\u00bbdefault\u00a0\u00bb custom_padding=\u00a0\u00bb|||\u00a0\u00bb global_colors_info=\u00a0\u00bb{}\u00a0\u00bb custom_padding__hover=\u00a0\u00bb|||\u00a0\u00bb theme_builder_area=\u00a0\u00bbpost_content\u00a0\u00bb][et_pb_image src=\u00a0\u00bbhttps:\/\/calypsopark.com\/wp-content\/uploads\/2025\/04\/girls-celebrating-at-birthday-party.jpg\u00a0\u00bb alt=\u00a0\u00bbFilles f\u00eatant un anniversaire\u00a0\u00bb title_text=\u00a0\u00bbfilles-f\u00eatant-un-anniversaire\u00a0\u00bb _builder_version=\u00a0\u00bb4.27.4&Prime; _module_preset=\u00a0\u00bbdefault\u00a0\u00bb global_colors_info=\u00a0\u00bb{}\u00a0\u00bb theme_builder_area=\u00a0\u00bbpost_content\u00a0\u00bb][\/et_pb_image][et_pb_text _builder_version=\u00a0\u00bb4.27.4&Prime; _module_preset=\u00a0\u00bb_initial\u00a0\u00bb custom_margin=\u00a0\u00bb||0px||false|false\u00a0\u00bb global_colors_info=\u00a0\u00bb{}\u00a0\u00bb theme_builder_area=\u00a0\u00bbpost_content\u00a0\u00bb]<\/p>\n<h3>Ajouter une zone priv\u00e9e r\u00e9serv\u00e9e<\/h3>\n<h4><strong>245 $ en semaine \/ 305,99 $ la fin de semaine (Admission non incluse)<\/strong><\/h4>\n<ul>\n<li>Les f\u00eates d&rsquo;anniversaire ont d\u00e9sormais la possibilit\u00e9 de r\u00e9server un espace priv\u00e9 pour leur c\u00e9l\u00e9bration.<\/li>\n<li>L&rsquo;espace r\u00e9serv\u00e9 sera disponible pour votre groupe pendant toute la journ\u00e9e.<\/li>\n<li>D\u00e9gustez votre repas et vos churros dans cet espace exclusif.<\/li>\n<li><span>Faites une pause dans l&rsquo;action \u00e0 votre \u00ab\u00a0base\u00a0\u00bb o\u00f9 vous pourrez vous retrouver et vous d\u00e9tendre \u00e0 l&rsquo;ombre tout au long de la journ\u00e9e.<\/span><\/li>\n<\/ul>\n<p>[\/et_pb_text][et_pb_button button_url=\u00a0\u00bbhttps:\/\/calypsotickets.parkezpay.com\/#\/51\/store\/offers\/632911cd-9c9a-ee11-815f-81304f8e0e88&Prime; button_text=\u00a0\u00bbR\u00e9servez maintenant\u00a0\u00bb button_alignment=\u00a0\u00bbcenter\u00a0\u00bb _builder_version=\u00a0\u00bb4.27.4&Prime; _module_preset=\u00a0\u00bbf228fc1e-22ea-47e6-a54f-459c9f5304fa\u00a0\u00bb button_bg_color_gradient_stops=\u00a0\u00bb#f08834 47%|rgba(237, 120, 52, 1) 50%|#ea6733 100%\u00a0\u00bb custom_margin=\u00a0\u00bb||40px|||\u00a0\u00bb global_colors_info=\u00a0\u00bb{}\u00a0\u00bb button_bg_color_gradient_stops__hover=\u00a0\u00bb#f08834 47%|rgba(237, 120, 52, 1) 50%|#ea6733 99%\u00a0\u00bb button_bg_color_gradient_direction__hover=\u00a0\u00bb0deg\u00a0\u00bb theme_builder_area=\u00a0\u00bbpost_content\u00a0\u00bb][\/et_pb_button][\/et_pb_column][\/et_pb_row][et_pb_row _builder_version=\u00a0\u00bb4.24.2&Prime; _module_preset=\u00a0\u00bbdefault\u00a0\u00bb global_colors_info=\u00a0\u00bb{}\u00a0\u00bb theme_builder_area=\u00a0\u00bbpost_content\u00a0\u00bb][et_pb_column type=\u00a0\u00bb4_4&Prime; _builder_version=\u00a0\u00bb4.24.2&Prime; _module_preset=\u00a0\u00bbdefault\u00a0\u00bb global_colors_info=\u00a0\u00bb{}\u00a0\u00bb theme_builder_area=\u00a0\u00bbpost_content\u00a0\u00bb][et_pb_text _builder_version=\u00a0\u00bb4.27.4&Prime; _module_preset=\u00a0\u00bb_initial\u00a0\u00bb text_text_color=\u00a0\u00bb#FFFFFF\u00a0\u00bb header_2_text_color=\u00a0\u00bb#FFFFFF\u00a0\u00bb header_3_text_color=\u00a0\u00bb#FFFFFF\u00a0\u00bb background_color=\u00a0\u00bb#0A9CD4&Prime; text_orientation=\u00a0\u00bbcenter\u00a0\u00bb background_layout=\u00a0\u00bbdark\u00a0\u00bb custom_padding=\u00a0\u00bb30px|30px|30px|30px|true|true\u00a0\u00bb border_radii=\u00a0\u00bbon|12px|12px|12px|12px\u00a0\u00bb global_colors_info=\u00a0\u00bb{}\u00a0\u00bb theme_builder_area=\u00a0\u00bbpost_content\u00a0\u00bb]<\/p>\n<h3 style=\"text-align: left;\">D\u00c9TAILS DE C\u00c9L\u00c9BRATION :<\/h3>\n<ul>\n<li style=\"text-align: left;\"><span>Les enfants, les adultes et l&rsquo;invit\u00e9 d&rsquo;anniversaire doivent \u00eatre inclus dans le d\u00e9compte total.<\/span><\/li>\n<li style=\"text-align: left;\"><span>Vous avez besoin de plus de 10 billets pour votre f\u00eate ? Vous pouvez acheter des billets suppl\u00e9mentaires. Contactez le parc au 613-443-9995 apr\u00e8s avoir r\u00e9serv\u00e9 votre f\u00eate pour ajouter des invit\u00e9s. <\/span><\/li>\n<li style=\"text-align: left;\"><span>La f\u00eate doit \u00eatre r\u00e9serv\u00e9e 72 heures \u00e0 l&rsquo;avance.<\/span><\/li>\n<li style=\"text-align: left;\"><span>Les f\u00eates d&rsquo;anniversaire ne sont ni remboursables, ni transf\u00e9rables, ni \u00e9changeables contre de l&rsquo;argent.<\/span><\/li>\n<\/ul>\n<p>[\/et_pb_text][\/et_pb_column][\/et_pb_row][et_pb_row _builder_version=\u00a0\u00bb4.27.4&Prime; _module_preset=\u00a0\u00bbdefault\u00a0\u00bb custom_padding=\u00a0\u00bb30px||||false|false\u00a0\u00bb locked=\u00a0\u00bboff\u00a0\u00bb global_colors_info=\u00a0\u00bb{}\u00a0\u00bb theme_builder_area=\u00a0\u00bbpost_content\u00a0\u00bb][et_pb_column type=\u00a0\u00bb4_4&Prime; _builder_version=\u00a0\u00bb4.27.4&Prime; _module_preset=\u00a0\u00bbdefault\u00a0\u00bb global_colors_info=\u00a0\u00bb{}\u00a0\u00bb theme_builder_area=\u00a0\u00bbpost_content\u00a0\u00bb][et_pb_heading title=\u00a0\u00bbPlanifions votre journ\u00e9e de groupe remplie d&rsquo;\u00e9claboussures !\u00a0\u00bb _builder_version=\u00a0\u00bb4.27.4&Prime; _module_preset=\u00a0\u00bbdefault\u00a0\u00bb title_font=\u00a0\u00bb&#8211;et_global_heading_font|800|||||||\u00a0\u00bb title_text_align=\u00a0\u00bbcenter\u00a0\u00bb title_text_color=\u00a0\u00bb#000080&Prime; title_font_size=\u00a0\u00bb32px\u00a0\u00bb custom_margin=\u00a0\u00bb0px||0px||true|false\u00a0\u00bb global_colors_info=\u00a0\u00bb{}\u00a0\u00bb theme_builder_area=\u00a0\u00bbpost_content\u00a0\u00bb][\/et_pb_heading][et_pb_text _builder_version=\u00a0\u00bb4.27.4&Prime; _module_preset=\u00a0\u00bbdefault\u00a0\u00bb text_font=\u00a0\u00bb&#8211;et_global_body_font||||||||\u00a0\u00bb text_font_size=\u00a0\u00bb16px\u00a0\u00bb text_orientation=\u00a0\u00bbcenter\u00a0\u00bb custom_margin=\u00a0\u00bb0px||0px||true|false\u00a0\u00bb custom_padding=\u00a0\u00bb||5px||false|false\u00a0\u00bb locked=\u00a0\u00bboff\u00a0\u00bb global_colors_info=\u00a0\u00bb{}\u00a0\u00bb theme_builder_area=\u00a0\u00bbpost_content\u00a0\u00bb]<\/p>\n<p><strong data-start=\"0\" data-end=\"63\">Pas certain quel forfait de groupe vous convient le mieux ? <\/strong>Aucun probl\u00e8me ! Contactez notre \u00e9quipe et nous vous aiderons \u00e0 choisir l\u2019option qui correspond le mieux \u00e0 la taille et aux besoins de votre groupe.<\/p>\n<p>[\/et_pb_text][et_pb_code _builder_version=\u00a0\u00bb4.27.4&Prime; _module_preset=\u00a0\u00bbdefault\u00a0\u00bb global_colors_info=\u00a0\u00bb{}\u00a0\u00bb theme_builder_area=\u00a0\u00bbpost_content\u00a0\u00bb]<iframe src=\"https:\/\/api.leadconnectorhq.com\/widget\/survey\/pLFR0N6GoCHxuRzTIxRP\" style=\"border:none;width:100%;\" scrolling=\"no\" id=\"pLFR0N6GoCHxuRzTIxRP\" title=\"survey\"><\/iframe><!-- [et_pb_line_break_holder] --><script src=\"https:\/\/link.msgsndr.com\/js\/form_embed.js\"><\/script>[\/et_pb_code][et_pb_text _builder_version=\u00a0\u00bb4.27.4&Prime; _module_preset=\u00a0\u00bbdefault\u00a0\u00bb text_font=\u00a0\u00bb&#8211;et_global_body_font||||||||\u00a0\u00bb text_font_size=\u00a0\u00bb15px\u00a0\u00bb text_orientation=\u00a0\u00bbcenter\u00a0\u00bb custom_margin=\u00a0\u00bb0px||0px||true|false\u00a0\u00bb custom_padding=\u00a0\u00bb||0px||false|false\u00a0\u00bb locked=\u00a0\u00bboff\u00a0\u00bb global_colors_info=\u00a0\u00bb{}\u00a0\u00bb theme_builder_area=\u00a0\u00bbpost_content\u00a0\u00bb]<\/p>\n<p>Tous les prix des billets sont soumis \u00e0 la TVH de 13 %. Les achats de billets en ligne peuvent \u00e9galement inclure des frais de traitement par billet. <\/p>\n<p>[\/et_pb_text][\/et_pb_column][\/et_pb_row][\/et_pb_section][et_pb_section fb_built=\u00a0\u00bb1&Prime; _builder_version=\u00a0\u00bb4.27.4&Prime; _module_preset=\u00a0\u00bbdefault\u00a0\u00bb global_colors_info=\u00a0\u00bb{}\u00a0\u00bb theme_builder_area=\u00a0\u00bbpost_content\u00a0\u00bb][\/et_pb_section]<\/p>\n","protected":false},"excerpt":{"rendered":"<p>Forfait c\u00e9l\u00e9bration Tous vos amis voudront venir \u00e0 cette f\u00eate ! Organiser une f\u00eate d&rsquo;anniversaire inoubliable est facile. Les parents peut s&rsquo;asseoir et se d\u00e9tendre. Nous avons pens\u00e9 \u00e0 tout pour que la star du jour puisse passer un agr\u00e9able moment de f\u00eate avec ses amis. R\u00e9servez votre f\u00eate en ligne d\u00e8s aujourd&rsquo;hui. Faites de cette f\u00eate d&rsquo;anniversaire un moment inoubliable ! &nbsp;Forfait c\u00e9l\u00e9bration 66,48 $ + taxes par personne \/ 10 personnes Comprend l&rsquo;entr\u00e9e au parc pour 10 personnes. Un bon de repas par personne avec au choix un hamburger, hot-dog ou une part de pizza, des petites frites et une petite boisson non alcoolis\u00e9e. Un grand churro par personne. Des personnes suppl\u00e9mentaires peuvent \u00eatre ajout\u00e9es moyennant un suppl\u00e9ment. Ajouter une zone priv\u00e9e r\u00e9serv\u00e9e 245 $ en semaine \/ 305,99 $ la fin de semaine (Admission non incluse) Les f\u00eates d&rsquo;anniversaire ont d\u00e9sormais la possibilit\u00e9 de r\u00e9server un espace priv\u00e9 pour leur c\u00e9l\u00e9bration. L&rsquo;espace r\u00e9serv\u00e9 sera disponible pour votre groupe pendant toute la journ\u00e9e. D\u00e9gustez votre repas et vos churros dans cet espace exclusif. Faites une pause dans l&rsquo;action \u00e0 votre \u00ab\u00a0base\u00a0\u00bb o\u00f9 vous pourrez vous retrouver et vous d\u00e9tendre \u00e0 l&rsquo;ombre tout au long de la journ\u00e9e. D\u00c9TAILS [&hellip;]<\/p>\n","protected":false},"author":62,"featured_media":23340,"parent":0,"menu_order":0,"comment_status":"closed","ping_status":"closed","template":"","meta":{"_acf_changed":false,"_et_pb_use_builder":"on","_et_pb_old_content":"","_et_gb_content_width":"","footnotes":""},"class_list":["post-20259","page","type-page","status-publish","has-post-thumbnail","hentry"],"acf":[],"_links":{"self":[{"href":"https:\/\/calypsopark.com\/fr\/wp-json\/wp\/v2\/pages\/20259","targetHints":{"allow":["GET"]}}],"collection":[{"href":"https:\/\/calypsopark.com\/fr\/wp-json\/wp\/v2\/pages"}],"about":[{"href":"https:\/\/calypsopark.com\/fr\/wp-json\/wp\/v2\/types\/page"}],"author":[{"embeddable":true,"href":"https:\/\/calypsopark.com\/fr\/wp-json\/wp\/v2\/users\/62"}],"replies":[{"embeddable":true,"href":"https:\/\/calypsopark.com\/fr\/wp-json\/wp\/v2\/comments?post=20259"}],"version-history":[{"count":0,"href":"https:\/\/calypsopark.com\/fr\/wp-json\/wp\/v2\/pages\/20259\/revisions"}],"wp:featuredmedia":[{"embeddable":true,"href":"https:\/\/calypsopark.com\/fr\/wp-json\/wp\/v2\/media\/23340"}],"wp:attachment":[{"href":"https:\/\/calypsopark.com\/fr\/wp-json\/wp\/v2\/media?parent=20259"}],"curies":[{"name":"wp","href":"https:\/\/api.w.org\/{rel}","templated":true}]}}