{"id":20262,"date":"2025-02-04T23:22:41","date_gmt":"2025-02-05T04:22:41","guid":{"rendered":"https:\/\/079ef7049b.nxcli.io\/planifer\/"},"modified":"2026-02-11T12:01:25","modified_gmt":"2026-02-11T17:01:25","slug":"planifier","status":"publish","type":"page","link":"https:\/\/calypsopark.com\/fr\/planifier\/","title":{"rendered":"Planifiez votre visite"},"content":{"rendered":"<p>[et_pb_section fb_built=\u00a0\u00bb1&Prime; _builder_version=\u00a0\u00bb4.27.4&Prime; _module_preset=\u00a0\u00bbdefault\u00a0\u00bb global_colors_info=\u00a0\u00bb{}\u00a0\u00bb theme_builder_area=\u00a0\u00bbpost_content\u00a0\u00bb][et_pb_row column_structure=\u00a0\u00bb1_4,1_4,1_4,1_4&Prime; module_class=\u00a0\u00bbcard-wrapper\u00a0\u00bb _builder_version=\u00a0\u00bb4.27.4&Prime; _module_preset=\u00a0\u00bbdefault\u00a0\u00bb width=\u00a0\u00bb90%\u00a0\u00bb global_colors_info=\u00a0\u00bb{}\u00a0\u00bb theme_builder_area=\u00a0\u00bbpost_content\u00a0\u00bb][et_pb_column type=\u00a0\u00bb1_4&Prime; _builder_version=\u00a0\u00bb4.27.4&Prime; _module_preset=\u00a0\u00bbdefault\u00a0\u00bb global_colors_info=\u00a0\u00bb{}\u00a0\u00bb theme_builder_area=\u00a0\u00bbpost_content\u00a0\u00bb][dsm_card title=\u00a0\u00bbHeures d&rsquo;ouverture\u00a0\u00bb image=\u00a0\u00bbhttps:\/\/calypsopark.com\/wp-content\/uploads\/2025\/02\/boom2_galerie.jpg\u00a0\u00bb image_as_background=\u00a0\u00bboff\u00a0\u00bb button_text=\u00a0\u00bbVoir\u00a0\u00bb button_url=\u00a0\u00bb@ET-DC@eyJkeW5hbWljIjp0cnVlLCJjb250ZW50IjoicG9zdF9saW5rX3VybF9wYWdlIiwic2V0dGluZ3MiOnsicG9zdF9pZCI6IjQwMTAifX0=@\u00a0\u00bb button_url_new_window=\u00a0\u00bb1&Prime; module_class=\u00a0\u00bbno-pb\u00a0\u00bb _builder_version=\u00a0\u00bb4.27.4&Prime; _dynamic_attributes=\u00a0\u00bbbutton_url\u00a0\u00bb _module_preset=\u00a0\u00bbdefault\u00a0\u00bb body_font_size=\u00a0\u00bb16px\u00a0\u00bb subhead_font=\u00a0\u00bb|600|||||||\u00a0\u00bb custom_button=\u00a0\u00bbon\u00a0\u00bb button_text_size=\u00a0\u00bb17px\u00a0\u00bb button_text_color=\u00a0\u00bb#FFFFFF\u00a0\u00bb button_bg_use_color_gradient=\u00a0\u00bbon\u00a0\u00bb button_bg_color_gradient_stops=\u00a0\u00bb#f08834 49%|#ea6733 51%\u00a0\u00bb button_font=\u00a0\u00bb|700||on|||||\u00a0\u00bb button_use_icon=\u00a0\u00bboff\u00a0\u00bb button_alignment=\u00a0\u00bbcenter\u00a0\u00bb button_custom_padding=\u00a0\u00bb16px|20px|16px|20px|true|true\u00a0\u00bb text_orientation=\u00a0\u00bbcenter\u00a0\u00bb border_width_all=\u00a0\u00bb1px\u00a0\u00bb border_color_all=\u00a0\u00bb#B2B2B2&Prime; global_colors_info=\u00a0\u00bb%91%93&Prime; button_bg_color__hover_enabled=\u00a0\u00bbon|hover\u00a0\u00bb button_bg_color_gradient_stops__hover=\u00a0\u00bb#ea6733 49%|#f08834 51%\u00a0\u00bb button_bg_use_color_gradient__hover=\u00a0\u00bbon\u00a0\u00bb button_bg_color_gradient_direction__hover=\u00a0\u00bb180deg\u00a0\u00bb theme_builder_area=\u00a0\u00bbpost_content\u00a0\u00bb]<\/p>\n<p class=\"has-text-align-center\">D\u00e9couvrez l&rsquo;horaire du parc aquatique Calypso.<\/p>\n<p>[\/dsm_card][\/et_pb_column][et_pb_column type=\u00a0\u00bb1_4&Prime; _builder_version=\u00a0\u00bb4.27.4&Prime; _module_preset=\u00a0\u00bbdefault\u00a0\u00bb global_colors_info=\u00a0\u00bb{}\u00a0\u00bb theme_builder_area=\u00a0\u00bbpost_content\u00a0\u00bb][dsm_card title=\u00a0\u00bbDirections\u00a0\u00bb image=\u00a0\u00bbhttps:\/\/calypsopark.com\/wp-content\/uploads\/2025\/02\/calypso_visionneuse2_vertigo.jpg\u00a0\u00bb image_as_background=\u00a0\u00bboff\u00a0\u00bb button_text=\u00a0\u00bbVoir\u00a0\u00bb button_url=\u00a0\u00bbhttps:\/\/calypsopark.com\/fr\/planifier\/directions\/\u00a0\u00bb button_url_new_window=\u00a0\u00bb1&Prime; module_class=\u00a0\u00bbno-pb\u00a0\u00bb _builder_version=\u00a0\u00bb4.27.4&Prime; _module_preset=\u00a0\u00bbdefault\u00a0\u00bb body_font_size=\u00a0\u00bb16px\u00a0\u00bb subhead_font=\u00a0\u00bb|600|||||||\u00a0\u00bb custom_button=\u00a0\u00bbon\u00a0\u00bb button_text_size=\u00a0\u00bb17px\u00a0\u00bb button_text_color=\u00a0\u00bb#FFFFFF\u00a0\u00bb button_bg_use_color_gradient=\u00a0\u00bbon\u00a0\u00bb button_bg_color_gradient_stops=\u00a0\u00bb#f08834 49%|#ea6733 51%\u00a0\u00bb button_font=\u00a0\u00bb|700||on|||||\u00a0\u00bb button_use_icon=\u00a0\u00bboff\u00a0\u00bb button_alignment=\u00a0\u00bbcenter\u00a0\u00bb button_custom_padding=\u00a0\u00bb16px|20px|16px|20px|true|true\u00a0\u00bb text_orientation=\u00a0\u00bbcenter\u00a0\u00bb hover_enabled=\u00a0\u00bb0&Prime; border_width_all=\u00a0\u00bb1px\u00a0\u00bb border_color_all=\u00a0\u00bb#B2B2B2&Prime; global_colors_info=\u00a0\u00bb%91%93&Prime; button_bg_color__hover_enabled=\u00a0\u00bbon|hover\u00a0\u00bb button_bg_color_gradient_stops__hover=\u00a0\u00bb#ea6733 49%|#f08834 51%\u00a0\u00bb button_bg_use_color_gradient__hover=\u00a0\u00bbon\u00a0\u00bb button_bg_color_gradient_direction__hover=\u00a0\u00bb180deg\u00a0\u00bb theme_builder_area=\u00a0\u00bbpost_content\u00a0\u00bb sticky_enabled=\u00a0\u00bb0&Prime;]<\/p>\n<p>Pour un acc\u00e8s facile au parc aquatique Calypso.<\/p>\n<p>[\/dsm_card][\/et_pb_column][et_pb_column type=\u00a0\u00bb1_4&Prime; _builder_version=\u00a0\u00bb4.27.4&Prime; _module_preset=\u00a0\u00bbdefault\u00a0\u00bb global_colors_info=\u00a0\u00bb{}\u00a0\u00bb theme_builder_area=\u00a0\u00bbpost_content\u00a0\u00bb][dsm_card title=\u00a0\u00bbAchetez vos billets en ligne\u00a0\u00bb image=\u00a0\u00bbhttps:\/\/calypsopark.com\/wp-content\/uploads\/2025\/02\/calypso_2014_audet_photo_8570.jpg\u00a0\u00bb image_as_background=\u00a0\u00bboff\u00a0\u00bb button_text=\u00a0\u00bbAcheter\u00a0\u00bb button_url=\u00a0\u00bbhttps:\/\/calypsopark.com\/fr\/billets\/\u00a0\u00bb button_url_new_window=\u00a0\u00bb1&Prime; module_class=\u00a0\u00bbno-pb\u00a0\u00bb _builder_version=\u00a0\u00bb4.27.4&Prime; _module_preset=\u00a0\u00bbdefault\u00a0\u00bb body_font_size=\u00a0\u00bb16px\u00a0\u00bb subhead_font=\u00a0\u00bb|600|||||||\u00a0\u00bb custom_button=\u00a0\u00bbon\u00a0\u00bb button_text_size=\u00a0\u00bb17px\u00a0\u00bb button_text_color=\u00a0\u00bb#FFFFFF\u00a0\u00bb button_bg_use_color_gradient=\u00a0\u00bbon\u00a0\u00bb button_bg_color_gradient_stops=\u00a0\u00bb#f08834 49%|#ea6733 51%\u00a0\u00bb button_font=\u00a0\u00bb|700||on|||||\u00a0\u00bb button_use_icon=\u00a0\u00bboff\u00a0\u00bb button_alignment=\u00a0\u00bbcenter\u00a0\u00bb button_custom_padding=\u00a0\u00bb16px|20px|16px|20px|true|true\u00a0\u00bb text_orientation=\u00a0\u00bbcenter\u00a0\u00bb border_width_all=\u00a0\u00bb1px\u00a0\u00bb border_color_all=\u00a0\u00bb#B2B2B2&Prime; global_colors_info=\u00a0\u00bb%91%93&Prime; button_bg_color__hover_enabled=\u00a0\u00bbon|hover\u00a0\u00bb button_bg_color_gradient_stops__hover=\u00a0\u00bb#ea6733 49%|#f08834 51%\u00a0\u00bb button_bg_use_color_gradient__hover=\u00a0\u00bbon\u00a0\u00bb button_bg_color_gradient_direction__hover=\u00a0\u00bb180deg\u00a0\u00bb theme_builder_area=\u00a0\u00bbpost_content\u00a0\u00bb]<\/p>\n<p>Devancez la file d&rsquo;attente ! Achetez votre billet \u00e9lectroniquent en ligne avant votre arriv\u00e9e, ce qui vous laissera plus de temps pour profiter de tout ce que le parc aquatique Calypso a \u00e0 offrir !<\/p>\n<p>[\/dsm_card][\/et_pb_column][et_pb_column type=\u00a0\u00bb1_4&Prime; _builder_version=\u00a0\u00bb4.27.4&Prime; _module_preset=\u00a0\u00bbdefault\u00a0\u00bb global_colors_info=\u00a0\u00bb{}\u00a0\u00bb theme_builder_area=\u00a0\u00bbpost_content\u00a0\u00bb][dsm_card title=\u00a0\u00bbCarte du parc\u00a0\u00bb image=\u00a0\u00bbhttps:\/\/calypsopark.com\/wp-content\/uploads\/2025\/02\/al_st_129215456.jpg\u00a0\u00bb image_as_background=\u00a0\u00bboff\u00a0\u00bb button_text=\u00a0\u00bbT\u00e9l\u00e9charger\u00a0\u00bb button_url=\u00a0\u00bbhttps:\/\/calypsopark.com\/wp-content\/uploads\/2025\/06\/CALYPSO-PARK-MAP.pdf\u00a0\u00bb button_url_new_window=\u00a0\u00bbon\u00a0\u00bb module_class=\u00a0\u00bbno-pb\u00a0\u00bb _builder_version=\u00a0\u00bb4.27.4&Prime; _module_preset=\u00a0\u00bbdefault\u00a0\u00bb body_font_size=\u00a0\u00bb16px\u00a0\u00bb subhead_font=\u00a0\u00bb|600|||||||\u00a0\u00bb custom_button=\u00a0\u00bbon\u00a0\u00bb button_text_size=\u00a0\u00bb17px\u00a0\u00bb button_text_color=\u00a0\u00bb#FFFFFF\u00a0\u00bb button_bg_use_color_gradient=\u00a0\u00bbon\u00a0\u00bb button_bg_color_gradient_stops=\u00a0\u00bb#f08834 49%|#ea6733 51%\u00a0\u00bb button_font=\u00a0\u00bb|700||on|||||\u00a0\u00bb button_use_icon=\u00a0\u00bboff\u00a0\u00bb button_alignment=\u00a0\u00bbcenter\u00a0\u00bb button_custom_padding=\u00a0\u00bb16px|20px|16px|20px|true|true\u00a0\u00bb text_orientation=\u00a0\u00bbcenter\u00a0\u00bb border_width_all=\u00a0\u00bb1px\u00a0\u00bb border_color_all=\u00a0\u00bb#B2B2B2&Prime; global_colors_info=\u00a0\u00bb%91%93&Prime; button_bg_color__hover_enabled=\u00a0\u00bbon|hover\u00a0\u00bb button_bg_color_gradient_stops__hover=\u00a0\u00bb#ea6733 49%|#f08834 51%\u00a0\u00bb button_bg_use_color_gradient__hover=\u00a0\u00bbon\u00a0\u00bb button_bg_color_gradient_direction__hover=\u00a0\u00bb180deg\u00a0\u00bb theme_builder_area=\u00a0\u00bbpost_content\u00a0\u00bb]<\/p>\n<p>T\u00e9l\u00e9chargez le plan du parc pour mieux planifier votre visite !<\/p>\n<p>Vous y trouverez toutes les attractions, restaurants et services du parc aquatique Calypso.<\/p>\n<p>[\/dsm_card][\/et_pb_column][\/et_pb_row][et_pb_row column_structure=\u00a0\u00bb1_4,1_4,1_4,1_4&Prime; module_class=\u00a0\u00bbcard-wrapper\u00a0\u00bb _builder_version=\u00a0\u00bb4.27.4&Prime; _module_preset=\u00a0\u00bbdefault\u00a0\u00bb width=\u00a0\u00bb90%\u00a0\u00bb global_colors_info=\u00a0\u00bb{}\u00a0\u00bb theme_builder_area=\u00a0\u00bbpost_content\u00a0\u00bb][et_pb_column type=\u00a0\u00bb1_4&Prime; _builder_version=\u00a0\u00bb4.27.4&Prime; _module_preset=\u00a0\u00bbdefault\u00a0\u00bb global_colors_info=\u00a0\u00bb{}\u00a0\u00bb theme_builder_area=\u00a0\u00bbpost_content\u00a0\u00bb][dsm_card title=\u00a0\u00bbPolitiques du parc\u00a0\u00bb image=\u00a0\u00bbhttps:\/\/calypsopark.com\/wp-content\/uploads\/2025\/02\/zoo_galerie.jpg\u00a0\u00bb image_as_background=\u00a0\u00bboff\u00a0\u00bb button_text=\u00a0\u00bbVoir\u00a0\u00bb button_url=\u00a0\u00bb@ET-DC@eyJkeW5hbWljIjp0cnVlLCJjb250ZW50IjoicG9zdF9saW5rX3VybF9wYWdlIiwic2V0dGluZ3MiOnsicG9zdF9pZCI6IjE4ODY1In19@\u00a0\u00bb button_url_new_window=\u00a0\u00bb1&Prime; module_class=\u00a0\u00bbno-pb\u00a0\u00bb _builder_version=\u00a0\u00bb4.27.4&Prime; _dynamic_attributes=\u00a0\u00bbbutton_url\u00a0\u00bb _module_preset=\u00a0\u00bbdefault\u00a0\u00bb body_font_size=\u00a0\u00bb16px\u00a0\u00bb subhead_font=\u00a0\u00bb|600|||||||\u00a0\u00bb custom_button=\u00a0\u00bbon\u00a0\u00bb button_text_size=\u00a0\u00bb17px\u00a0\u00bb button_text_color=\u00a0\u00bb#FFFFFF\u00a0\u00bb button_bg_use_color_gradient=\u00a0\u00bbon\u00a0\u00bb button_bg_color_gradient_stops=\u00a0\u00bb#f08834 49%|#ea6733 51%\u00a0\u00bb button_font=\u00a0\u00bb|700||on|||||\u00a0\u00bb button_use_icon=\u00a0\u00bboff\u00a0\u00bb button_alignment=\u00a0\u00bbcenter\u00a0\u00bb button_custom_padding=\u00a0\u00bb16px|20px|16px|20px|true|true\u00a0\u00bb text_orientation=\u00a0\u00bbcenter\u00a0\u00bb border_width_all=\u00a0\u00bb1px\u00a0\u00bb border_color_all=\u00a0\u00bb#B2B2B2&Prime; global_colors_info=\u00a0\u00bb%91%93&Prime; button_bg_color__hover_enabled=\u00a0\u00bbon|hover\u00a0\u00bb button_bg_color_gradient_stops__hover=\u00a0\u00bb#ea6733 49%|#f08834 51%\u00a0\u00bb button_bg_use_color_gradient__hover=\u00a0\u00bbon\u00a0\u00bb button_bg_color_gradient_direction__hover=\u00a0\u00bb180deg\u00a0\u00bb theme_builder_area=\u00a0\u00bbpost_content\u00a0\u00bb]<\/p>\n<p>Certaines de nos politiques importantes que tout le monde doit respecter en tout temps.<\/p>\n<p>[\/dsm_card][\/et_pb_column][et_pb_column type=\u00a0\u00bb1_4&Prime; _builder_version=\u00a0\u00bb4.27.4&Prime; _module_preset=\u00a0\u00bbdefault\u00a0\u00bb global_colors_info=\u00a0\u00bb{}\u00a0\u00bb theme_builder_area=\u00a0\u00bbpost_content\u00a0\u00bb][dsm_card title=\u00a0\u00bbStationnement\u00a0\u00bb image=\u00a0\u00bbhttps:\/\/calypsopark.com\/wp-content\/uploads\/2025\/04\/family-parking.jpg\u00a0\u00bb image_as_background=\u00a0\u00bboff\u00a0\u00bb alt=\u00a0\u00bbFamily parking at Calypso Waterpark\u00a0\u00bb button_text=\u00a0\u00bbVoir\u00a0\u00bb button_url=\u00a0\u00bb@ET-DC@eyJkeW5hbWljIjp0cnVlLCJjb250ZW50IjoicG9zdF9saW5rX3VybF9wYWdlIiwic2V0dGluZ3MiOnsicG9zdF9pZCI6IjE3NDcwIn19@\u00a0\u00bb button_url_new_window=\u00a0\u00bb1&Prime; module_class=\u00a0\u00bbno-pb\u00a0\u00bb _builder_version=\u00a0\u00bb4.27.4&Prime; _dynamic_attributes=\u00a0\u00bbbutton_url\u00a0\u00bb _module_preset=\u00a0\u00bbdefault\u00a0\u00bb body_font_size=\u00a0\u00bb16px\u00a0\u00bb subhead_font=\u00a0\u00bb|600|||||||\u00a0\u00bb custom_button=\u00a0\u00bbon\u00a0\u00bb button_text_size=\u00a0\u00bb17px\u00a0\u00bb button_text_color=\u00a0\u00bb#FFFFFF\u00a0\u00bb button_bg_use_color_gradient=\u00a0\u00bbon\u00a0\u00bb button_bg_color_gradient_stops=\u00a0\u00bb#f08834 49%|#ea6733 51%\u00a0\u00bb button_font=\u00a0\u00bb|700||on|||||\u00a0\u00bb button_use_icon=\u00a0\u00bboff\u00a0\u00bb button_alignment=\u00a0\u00bbcenter\u00a0\u00bb button_custom_padding=\u00a0\u00bb16px|20px|16px|20px|true|true\u00a0\u00bb text_orientation=\u00a0\u00bbcenter\u00a0\u00bb border_width_all=\u00a0\u00bb1px\u00a0\u00bb border_color_all=\u00a0\u00bb#B2B2B2&Prime; global_colors_info=\u00a0\u00bb%91%93&Prime; button_bg_color__hover_enabled=\u00a0\u00bbon|hover\u00a0\u00bb button_bg_color_gradient_stops__hover=\u00a0\u00bb#ea6733 49%|#f08834 51%\u00a0\u00bb button_bg_use_color_gradient__hover=\u00a0\u00bbon\u00a0\u00bb button_bg_color_gradient_direction__hover=\u00a0\u00bb180deg\u00a0\u00bb theme_builder_area=\u00a0\u00bbpost_content\u00a0\u00bb]<\/p>\n<p>Cliquez sur voir pour obtenir plus d&rsquo;informations sur notre stationnement.<\/p>\n<p>[\/dsm_card][\/et_pb_column][et_pb_column type=\u00a0\u00bb1_4&Prime; _builder_version=\u00a0\u00bb4.27.4&Prime; _module_preset=\u00a0\u00bbdefault\u00a0\u00bb global_colors_info=\u00a0\u00bb{}\u00a0\u00bb theme_builder_area=\u00a0\u00bbpost_content\u00a0\u00bb][dsm_card title=\u00a0\u00bbQuestions fr\u00e9quemment pos\u00e9es\u00a0\u00bb image=\u00a0\u00bbhttps:\/\/calypsopark.com\/wp-content\/uploads\/2025\/02\/mg_7660.jpg\u00a0\u00bb image_as_background=\u00a0\u00bboff\u00a0\u00bb button_text=\u00a0\u00bbVoir\u00a0\u00bb button_url=\u00a0\u00bbhttps:\/\/calypsopark.com\/fr\/planifer\/foire-aux-questions\/\u00a0\u00bb button_url_new_window=\u00a0\u00bb1&Prime; module_class=\u00a0\u00bbno-pb\u00a0\u00bb _builder_version=\u00a0\u00bb4.27.4&Prime; _module_preset=\u00a0\u00bbdefault\u00a0\u00bb body_font_size=\u00a0\u00bb16px\u00a0\u00bb subhead_font=\u00a0\u00bb|600|||||||\u00a0\u00bb custom_button=\u00a0\u00bbon\u00a0\u00bb button_text_size=\u00a0\u00bb17px\u00a0\u00bb button_text_color=\u00a0\u00bb#FFFFFF\u00a0\u00bb button_bg_use_color_gradient=\u00a0\u00bbon\u00a0\u00bb button_bg_color_gradient_stops=\u00a0\u00bb#f08834 49%|#ea6733 51%\u00a0\u00bb button_font=\u00a0\u00bb|700||on|||||\u00a0\u00bb button_use_icon=\u00a0\u00bboff\u00a0\u00bb button_alignment=\u00a0\u00bbcenter\u00a0\u00bb button_custom_padding=\u00a0\u00bb16px|20px|16px|20px|true|true\u00a0\u00bb text_orientation=\u00a0\u00bbcenter\u00a0\u00bb border_width_all=\u00a0\u00bb1px\u00a0\u00bb border_color_all=\u00a0\u00bb#B2B2B2&Prime; global_colors_info=\u00a0\u00bb%91%93&Prime; button_bg_color__hover_enabled=\u00a0\u00bbon|hover\u00a0\u00bb button_bg_color_gradient_stops__hover=\u00a0\u00bb#ea6733 49%|#f08834 51%\u00a0\u00bb button_bg_use_color_gradient__hover=\u00a0\u00bbon\u00a0\u00bb button_bg_color_gradient_direction__hover=\u00a0\u00bb180deg\u00a0\u00bb theme_builder_area=\u00a0\u00bbpost_content\u00a0\u00bb]<\/p>\n<p>Cliquez sur voir pour consulter les r\u00e9ponses au questions les plus populaires.<\/p>\n<p>[\/dsm_card][\/et_pb_column][et_pb_column type=\u00a0\u00bb1_4&Prime; _builder_version=\u00a0\u00bb4.27.4&Prime; _module_preset=\u00a0\u00bbdefault\u00a0\u00bb global_colors_info=\u00a0\u00bb{}\u00a0\u00bb theme_builder_area=\u00a0\u00bbpost_content\u00a0\u00bb][dsm_card title=\u00a0\u00bbAttractions ouvertes\u00a0\u00bb image=\u00a0\u00bbhttps:\/\/calypsopark.com\/wp-content\/uploads\/2025\/02\/calypso_2014_audet_photo_8474-1.jpg\u00a0\u00bb image_as_background=\u00a0\u00bboff\u00a0\u00bb button_text=\u00a0\u00bbVoir\u00a0\u00bb button_url=\u00a0\u00bb@ET-DC@eyJkeW5hbWljIjp0cnVlLCJjb250ZW50IjoicG9zdF9saW5rX3VybF9wYWdlIiwic2V0dGluZ3MiOnsicG9zdF9pZCI6IjE3NTE2In19@\u00a0\u00bb button_url_new_window=\u00a0\u00bbon\u00a0\u00bb module_class=\u00a0\u00bbno-pb\u00a0\u00bb _builder_version=\u00a0\u00bb4.27.4&Prime; _dynamic_attributes=\u00a0\u00bbbutton_url\u00a0\u00bb _module_preset=\u00a0\u00bbdefault\u00a0\u00bb body_font_size=\u00a0\u00bb16px\u00a0\u00bb subhead_font=\u00a0\u00bb|600|||||||\u00a0\u00bb custom_button=\u00a0\u00bbon\u00a0\u00bb button_text_size=\u00a0\u00bb17px\u00a0\u00bb button_text_color=\u00a0\u00bb#FFFFFF\u00a0\u00bb button_bg_use_color_gradient=\u00a0\u00bbon\u00a0\u00bb button_bg_color_gradient_stops=\u00a0\u00bb#f08834 49%|#ea6733 51%\u00a0\u00bb button_font=\u00a0\u00bb|700||on|||||\u00a0\u00bb button_use_icon=\u00a0\u00bboff\u00a0\u00bb button_alignment=\u00a0\u00bbcenter\u00a0\u00bb button_custom_padding=\u00a0\u00bb16px|20px|16px|20px|true|true\u00a0\u00bb text_orientation=\u00a0\u00bbcenter\u00a0\u00bb border_width_all=\u00a0\u00bb1px\u00a0\u00bb border_color_all=\u00a0\u00bb#B2B2B2&Prime; global_colors_info=\u00a0\u00bb%91%93&Prime; button_bg_color__hover_enabled=\u00a0\u00bbon|hover\u00a0\u00bb button_bg_color_gradient_stops__hover=\u00a0\u00bb#ea6733 49%|#f08834 51%\u00a0\u00bb button_bg_use_color_gradient__hover=\u00a0\u00bbon\u00a0\u00bb button_bg_color_gradient_direction__hover=\u00a0\u00bb180deg\u00a0\u00bb theme_builder_area=\u00a0\u00bbpost_content\u00a0\u00bb]<\/p>\n<p>Cliquez sur voir pour consulter tous les statuts des attractions actuelles.<\/p>\n<p>[\/dsm_card][\/et_pb_column][\/et_pb_row][\/et_pb_section]<\/p>\n","protected":false},"excerpt":{"rendered":"<p><div class=\"et_pb_with_border et_pb_module dsm_card dsm_card_0 no-pb et_pb_bg_layout_light  dsm_card_layout_stacked\">\n\t\t\t\t\n\t\t\t\t\n\t\t\t\t\n\t\t\t\t\n\t\t\t\t\n\t\t\t\t\n\t\t\t\t<div class=\"et_pb_module_inner\">\n\t\t\t\t\t\n\t\t\t\n\t\t\t<figure class=\"dsm_card_image_wrapper dsm_card_badge_top_right\"><img decoding=\"async\" src=\"https:\/\/calypsopark.com\/wp-content\/uploads\/2025\/02\/boom2_galerie.jpg\" alt=\"\" srcset=\"https:\/\/calypsopark.com\/wp-content\/uploads\/2025\/02\/boom2_galerie.jpg 860w, https:\/\/calypsopark.com\/wp-content\/uploads\/2025\/02\/boom2_galerie-480x270.jpg 480w\" sizes=\"(min-width: 0px) and (max-width: 480px) 480px, (min-width: 481px) 860px, 100vw\" class=\"dsm_card_img dsm_card_image_stretch\" \/><\/figure>\n\t\t\t<div class=\"et_pb_module dsm_card_wrapper et_pb_text_align_center\">\n\t\t\t\t\t\n\t\t\t\t\t<h4 class=\"dsm_card_title et_pb_module_header\">Heures d'ouverture<\/h4>\n\t\t\t\t\t\n\t\t\t\t\t<div class=\"dsm_card_description\">D\u00e9couvrez l&rsquo;horaire du parc aquatique Calypso.<\/div>\n\t\t\t\t\t<div class=\"et_pb_button_wrapper\"><a class=\"et_pb_button et_pb_more_button \" href=\"\">Voir<\/a><\/div>\n\t\t\t\t<\/div>\n\t\t\t\n\t\t\t\t<\/div>\n\t\t\t<\/div><div class=\"et_pb_with_border et_pb_module dsm_card dsm_card_1 no-pb et_pb_bg_layout_light  dsm_card_layout_stacked\">\n\t\t\t\t\n\t\t\t\t\n\t\t\t\t\n\t\t\t\t\n\t\t\t\t\n\t\t\t\t\n\t\t\t\t<div class=\"et_pb_module_inner\">\n\t\t\t\t\t\n\t\t\t\n\t\t\t<figure class=\"dsm_card_image_wrapper dsm_card_badge_top_right\"><img decoding=\"async\" src=\"https:\/\/calypsopark.com\/wp-content\/uploads\/2025\/02\/calypso_visionneuse2_vertigo.jpg\" alt=\"\" srcset=\"https:\/\/calypsopark.com\/wp-content\/uploads\/2025\/02\/calypso_visionneuse2_vertigo.jpg 860w, https:\/\/calypsopark.com\/wp-content\/uploads\/2025\/02\/calypso_visionneuse2_vertigo-480x270.jpg 480w\" sizes=\"(min-width: 0px) and (max-width: 480px) 480px, (min-width: 481px) 860px, 100vw\" class=\"dsm_card_img dsm_card_image_stretch\" \/><\/figure>\n\t\t\t<div class=\"et_pb_module dsm_card_wrapper et_pb_text_align_center\">\n\t\t\t\t\t\n\t\t\t\t\t<h4 class=\"dsm_card_title et_pb_module_header\">Directions<\/h4>\n\t\t\t\t\t\n\t\t\t\t\t<div class=\"dsm_card_description\">Pour un acc\u00e8s facile au parc aquatique Calypso.<\/div>\n\t\t\t\t\t<div class=\"et_pb_button_wrapper\"><a class=\"et_pb_button et_pb_more_button \" href=\"https:\/\/calypsopark.com\/fr\/planifier\/directions\/\">Voir<\/a><\/div>\n\t\t\t\t<\/div>\n\t\t\t\n\t\t\t\t<\/div>\n\t\t\t<\/div><div class=\"et_pb_with_border et_pb_module dsm_card dsm_card_2 no-pb et_pb_bg_layout_light  dsm_card_layout_stacked\">\n\t\t\t\t\n\t\t\t\t\n\t\t\t\t\n\t\t\t\t\n\t\t\t\t\n\t\t\t\t\n\t\t\t\t<div class=\"et_pb_module_inner\">\n\t\t\t\t\t\n\t\t\t\n\t\t\t<figure class=\"dsm_card_image_wrapper dsm_card_badge_top_right\"><img decoding=\"async\" src=\"https:\/\/calypsopark.com\/wp-content\/uploads\/2025\/02\/calypso_2014_audet_photo_8570.jpg\" alt=\"\" srcset=\"https:\/\/calypsopark.com\/wp-content\/uploads\/2025\/02\/calypso_2014_audet_photo_8570.jpg 860w, https:\/\/calypsopark.com\/wp-content\/uploads\/2025\/02\/calypso_2014_audet_photo_8570-480x270.jpg 480w\" sizes=\"(min-width: 0px) and (max-width: 480px) 480px, (min-width: 481px) 860px, 100vw\" class=\"dsm_card_img dsm_card_image_stretch\" \/><\/figure>\n\t\t\t<div class=\"et_pb_module dsm_card_wrapper et_pb_text_align_center\">\n\t\t\t\t\t\n\t\t\t\t\t<h4 class=\"dsm_card_title et_pb_module_header\">Achetez vos billets en ligne<\/h4>\n\t\t\t\t\t\n\t\t\t\t\t<div class=\"dsm_card_description\">Devancez la file d&rsquo;attente ! Achetez votre billet \u00e9lectroniquent en ligne avant votre arriv\u00e9e, ce qui vous laissera plus de temps pour profiter de tout ce que le parc aquatique Calypso a \u00e0 offrir !<\/div>\n\t\t\t\t\t<div class=\"et_pb_button_wrapper\"><a class=\"et_pb_button et_pb_more_button \" href=\"https:\/\/calypsopark.com\/fr\/billets\/\">Acheter<\/a><\/div>\n\t\t\t\t<\/div>\n\t\t\t\n\t\t\t\t<\/div>\n\t\t\t<\/div><div class=\"et_pb_with_border et_pb_module dsm_card dsm_card_3 no-pb et_pb_bg_layout_light  dsm_card_layout_stacked\">\n\t\t\t\t\n\t\t\t\t\n\t\t\t\t\n\t\t\t\t\n\t\t\t\t\n\t\t\t\t\n\t\t\t\t<div class=\"et_pb_module_inner\">\n\t\t\t\t\t\n\t\t\t\n\t\t\t<figure class=\"dsm_card_image_wrapper dsm_card_badge_top_right\"><img decoding=\"async\" src=\"https:\/\/calypsopark.com\/wp-content\/uploads\/2025\/02\/al_st_129215456.jpg\" alt=\"\" srcset=\"https:\/\/calypsopark.com\/wp-content\/uploads\/2025\/02\/al_st_129215456.jpg 860w, https:\/\/calypsopark.com\/wp-content\/uploads\/2025\/02\/al_st_129215456-480x270.jpg 480w\" sizes=\"(min-width: 0px) and (max-width: 480px) 480px, (min-width: 481px) 860px, 100vw\" class=\"dsm_card_img dsm_card_image_stretch\" \/><\/figure>\n\t\t\t<div class=\"et_pb_module dsm_card_wrapper et_pb_text_align_center\">\n\t\t\t\t\t\n\t\t\t\t\t<h4 class=\"dsm_card_title et_pb_module_header\">Carte du parc<\/h4>\n\t\t\t\t\t\n\t\t\t\t\t\n\t\t\t\t\t<div class=\"et_pb_button_wrapper\"><a class=\"et_pb_button et_pb_more_button \" href=\"https:\/\/calypsopark.com\/wp-content\/uploads\/2025\/06\/CALYPSO-PARK-MAP.pdf\" target=\"_blank\">T\u00e9l\u00e9charger<\/a><\/div>\n\t\t\t\t<\/div>\n\t\t\t\n\t\t\t\t<\/div>\n\t\t\t<\/div>T\u00e9l\u00e9chargez le plan du parc pour mieux planifier votre visite ! Vous [&hellip;]<\/p>\n","protected":false},"author":62,"featured_media":0,"parent":0,"menu_order":0,"comment_status":"closed","ping_status":"closed","template":"","meta":{"_acf_changed":false,"_et_pb_use_builder":"on","_et_pb_old_content":"","_et_gb_content_width":"","footnotes":""},"class_list":["post-20262","page","type-page","status-publish","hentry"],"acf":[],"_links":{"self":[{"href":"https:\/\/calypsopark.com\/fr\/wp-json\/wp\/v2\/pages\/20262","targetHints":{"allow":["GET"]}}],"collection":[{"href":"https:\/\/calypsopark.com\/fr\/wp-json\/wp\/v2\/pages"}],"about":[{"href":"https:\/\/calypsopark.com\/fr\/wp-json\/wp\/v2\/types\/page"}],"author":[{"embeddable":true,"href":"https:\/\/calypsopark.com\/fr\/wp-json\/wp\/v2\/users\/62"}],"replies":[{"embeddable":true,"href":"https:\/\/calypsopark.com\/fr\/wp-json\/wp\/v2\/comments?post=20262"}],"version-history":[{"count":0,"href":"https:\/\/calypsopark.com\/fr\/wp-json\/wp\/v2\/pages\/20262\/revisions"}],"wp:attachment":[{"href":"https:\/\/calypsopark.com\/fr\/wp-json\/wp\/v2\/media?parent=20262"}],"curies":[{"name":"wp","href":"https:\/\/api.w.org\/{rel}","templated":true}]}}