{"id":20274,"date":"2022-02-28T02:21:52","date_gmt":"2022-02-28T07:21:52","guid":{"rendered":"https:\/\/079ef7049b.nxcli.io\/emploi\/"},"modified":"2026-02-09T15:37:03","modified_gmt":"2026-02-09T20:37:03","slug":"emploi","status":"publish","type":"page","link":"https:\/\/calypsopark.com\/fr\/emploi\/","title":{"rendered":"Emploi"},"content":{"rendered":"<p>[et_pb_section fb_built=\u00a0\u00bb1&Prime; admin_label=\u00a0\u00bbsection\u00a0\u00bb _builder_version=\u00a0\u00bb4.16&Prime; global_colors_info=\u00a0\u00bb{}\u00a0\u00bb theme_builder_area=\u00a0\u00bbpost_content\u00a0\u00bb][et_pb_row admin_label=\u00a0\u00bbrang\u00e9e\u00a0\u00bb _builder_version=\u00a0\u00bb4.27.4&Prime; background_size=\u00a0\u00bbinitial\u00a0\u00bb background_position=\u00a0\u00bbtop_left\u00a0\u00bb background_repeat=\u00a0\u00bbrepeat\u00a0\u00bb max_width=\u00a0\u00bb1200px\u00a0\u00bb custom_padding=\u00a0\u00bb||44px|||\u00a0\u00bb global_colors_info=\u00a0\u00bb{}\u00a0\u00bb theme_builder_area=\u00a0\u00bbpost_content\u00a0\u00bb][et_pb_column type=\u00a0\u00bb4_4&Prime; _builder_version=\u00a0\u00bb4.16&Prime; custom_padding=\u00a0\u00bb|||\u00a0\u00bb global_colors_info=\u00a0\u00bb{}\u00a0\u00bb custom_padding__hover=\u00a0\u00bb|||\u00a0\u00bb theme_builder_area=\u00a0\u00bbpost_content\u00a0\u00bb][et_pb_text admin_label=\u00a0\u00bbText\u00a0\u00bb _builder_version=\u00a0\u00bb4.27.4&Prime; background_size=\u00a0\u00bbinitial\u00a0\u00bb background_position=\u00a0\u00bbtop_left\u00a0\u00bb background_repeat=\u00a0\u00bbrepeat\u00a0\u00bb link_option_url=\u00a0\u00bbhttps:\/\/jobs.dayforcehcm.com\/en-CA\/premierparks\/CalypsoWaterpark\u00a0\u00bb global_colors_info=\u00a0\u00bb{}\u00a0\u00bb theme_builder_area=\u00a0\u00bbpost_content\u00a0\u00bb]<\/p>\n<h2 class=\"tw-data-text tw-text-large tw-ta\" data-placeholder=\"Traduction\" id=\"tw-target-text\" role=\"text\" data-ved=\"2ahUKEwiRy8WOwMKRAxXuATQIHQfUAF8Q3ewLegQIDhAX\" dir=\"ltr\" aria-label=\"Texte traduit\u00a0: Pr\u00eat(e) \u00e0 rejoindre notre \u00e9quipe\u00a0? Cliquez ci-dessous pour consulter nos offres d\u2019emploi actuelles.\" tabindex=\"-1\">Vous \u00eates pr\u00eat \u00e0 venir vous amuser pour une nouvelle saison estivale ?<\/h2>\n<p>Cliquez ci-dessous pour confirmer votre poste ou demander un transfert vers un nouveau poste avant le 28 f\u00e9vrier.\u00a0<\/p>\n<p>[\/et_pb_text][et_pb_button button_url=\u00a0\u00bbhttps:\/\/jobs.dayforcehcm.com\/en-CA\/premierparks\/CalypsoWaterpark%20&Prime; button_text=\u00a0\u00bbRETOUR DU PERSONNEL SAISONNIER\u00a0\u00bb _builder_version=\u00a0\u00bb4.27.4&Prime; _module_preset=\u00a0\u00bbdefault\u00a0\u00bb global_colors_info=\u00a0\u00bb{}\u00a0\u00bb theme_builder_area=\u00a0\u00bbpost_content\u00a0\u00bb][\/et_pb_button][et_pb_text admin_label=\u00a0\u00bbText\u00a0\u00bb _builder_version=\u00a0\u00bb4.27.4&Prime; background_size=\u00a0\u00bbinitial\u00a0\u00bb background_position=\u00a0\u00bbtop_left\u00a0\u00bb background_repeat=\u00a0\u00bbrepeat\u00a0\u00bb link_option_url=\u00a0\u00bbhttps:\/\/jobs.dayforcehcm.com\/en-CA\/premierparks\/CalypsoWaterparkwindeed\u00a0\u00bb hover_enabled=\u00a0\u00bb0&Prime; locked=\u00a0\u00bboff\u00a0\u00bb global_colors_info=\u00a0\u00bb{}\u00a0\u00bb theme_builder_area=\u00a0\u00bbpost_content\u00a0\u00bb sticky_enabled=\u00a0\u00bb0&Prime;]<\/p>\n<h2 class=\"tw-data-text tw-text-large tw-ta\" data-placeholder=\"Traduction\" id=\"tw-target-text\" role=\"text\" data-ved=\"2ahUKEwiRy8WOwMKRAxXuATQIHQfUAF8Q3ewLegQIDhAX\" dir=\"ltr\" aria-label=\"Texte traduit\u00a0: Pr\u00eat(e) \u00e0 rejoindre notre \u00e9quipe\u00a0? Cliquez ci-dessous pour consulter nos offres d\u2019emploi actuelles.\" tabindex=\"-1\">Pr\u00eat \u00e0 vous joindre \u00e0 l&rsquo;\u00e9quipe Calypso ?<span><\/span><\/h2>\n<p>\u2022 Acqu\u00e9rez de nouvelles comp\u00e9tences et travaillez dans une ambiance agr\u00e9able.<br \/>\u2022 \u00c9voluez vers des postes \u00e0 responsabilit\u00e9s.<br \/>\u2022 Horaires flexibles, \u00e0 temps plein ou \u00e0 temps partiel.<\/p>\n<p>Viens joindre l&rsquo;\u00e9quipe dynamique de Calypso ! Cliquez ci-dessous pour consulter nos offres d&#8217;emploi actuelles.<\/p>\n<p><strong>Avantages pour les employ\u00e9s :<\/strong><\/p>\n<p>\u2022 R\u00e9ductions exclusives pour les employ\u00e9s.<br \/>\u2022 Un abonnement au parc pour vous.<br \/>\u2022 Des billets gratuits pour le parc pour vos amis et votre famille.<br \/>\u2022 R\u00e9compenses pour le personnel \u00e0 la fin de la saison.<\/p>\n<p>[\/et_pb_text][et_pb_button button_url=\u00a0\u00bbhttps:\/\/jobs.dayforcehcm.com\/en-CA\/premierparks\/CalypsoWaterparkwindeed\u00a0\u00bb url_new_window=\u00a0\u00bbon\u00a0\u00bb button_text=\u00a0\u00bbCONSULTER LES OFFRES D&rsquo;EMPLOI\u00a0\u00bb _builder_version=\u00a0\u00bb4.27.4&Prime; _module_preset=\u00a0\u00bbdefault\u00a0\u00bb global_colors_info=\u00a0\u00bb{}\u00a0\u00bb theme_builder_area=\u00a0\u00bbpost_content\u00a0\u00bb][\/et_pb_button][\/et_pb_column][\/et_pb_row][et_pb_row column_structure=\u00a0\u00bb1_2,1_2&Prime; _builder_version=\u00a0\u00bb4.27.4&Prime; _module_preset=\u00a0\u00bbdefault\u00a0\u00bb global_colors_info=\u00a0\u00bb{}\u00a0\u00bb theme_builder_area=\u00a0\u00bbpost_content\u00a0\u00bb][et_pb_column type=\u00a0\u00bb1_2&Prime; _builder_version=\u00a0\u00bb4.27.4&Prime; _module_preset=\u00a0\u00bbdefault\u00a0\u00bb global_colors_info=\u00a0\u00bb{}\u00a0\u00bb theme_builder_area=\u00a0\u00bbpost_content\u00a0\u00bb][et_pb_image src=\u00a0\u00bbhttps:\/\/calypsopark.com\/wp-content\/uploads\/2025\/09\/Calypso_July142025_LexinePhotographie-46-scaled.jpg\u00a0\u00bb alt=\u00a0\u00bbCalypso Employee\u00a0\u00bb title_text=\u00a0\u00bbCalypso_July142025_LexinePhotographie-46&Prime; _builder_version=\u00a0\u00bb4.27.4&Prime; _module_preset=\u00a0\u00bbdefault\u00a0\u00bb global_colors_info=\u00a0\u00bb{}\u00a0\u00bb theme_builder_area=\u00a0\u00bbpost_content\u00a0\u00bb][\/et_pb_image][\/et_pb_column][et_pb_column type=\u00a0\u00bb1_2&Prime; _builder_version=\u00a0\u00bb4.27.4&Prime; _module_preset=\u00a0\u00bbdefault\u00a0\u00bb global_colors_info=\u00a0\u00bb{}\u00a0\u00bb theme_builder_area=\u00a0\u00bbpost_content\u00a0\u00bb][et_pb_image src=\u00a0\u00bbhttps:\/\/calypsopark.com\/wp-content\/uploads\/2025\/04\/IMG_2633-scaled.jpg\u00a0\u00bb alt=\u00a0\u00bbCalypso Staff\u00a0\u00bb title_text=\u00a0\u00bbCalypso Staff\u00a0\u00bb _builder_version=\u00a0\u00bb4.27.4&Prime; _module_preset=\u00a0\u00bbdefault\u00a0\u00bb global_colors_info=\u00a0\u00bb{}\u00a0\u00bb theme_builder_area=\u00a0\u00bbpost_content\u00a0\u00bb][\/et_pb_image][\/et_pb_column][\/et_pb_row][\/et_pb_section]<\/p>\n","protected":false},"excerpt":{"rendered":"<p>Vous \u00eates pr\u00eat \u00e0 venir vous amuser pour une nouvelle saison estivale ? Cliquez ci-dessous pour confirmer votre poste ou demander un transfert vers un nouveau poste avant le 28 f\u00e9vrier.\u00a0Pr\u00eat \u00e0 vous joindre \u00e0 l&rsquo;\u00e9quipe Calypso ? \u2022 Acqu\u00e9rez de nouvelles comp\u00e9tences et travaillez dans une ambiance agr\u00e9able.\u2022 \u00c9voluez vers des postes \u00e0 responsabilit\u00e9s.\u2022 Horaires flexibles, \u00e0 temps plein ou \u00e0 temps partiel. Viens joindre l&rsquo;\u00e9quipe dynamique de Calypso ! Cliquez ci-dessous pour consulter nos offres d&#8217;emploi actuelles. Avantages pour les employ\u00e9s : \u2022 R\u00e9ductions exclusives pour les employ\u00e9s.\u2022 Un abonnement au parc pour vous.\u2022 Des billets gratuits pour le parc pour vos amis et votre famille.\u2022 R\u00e9compenses pour le personnel \u00e0 la fin de la saison.<\/p>\n","protected":false},"author":62,"featured_media":20804,"parent":0,"menu_order":2,"comment_status":"closed","ping_status":"closed","template":"","meta":{"_acf_changed":false,"_et_pb_use_builder":"on","_et_pb_old_content":"","_et_gb_content_width":"","footnotes":""},"class_list":["post-20274","page","type-page","status-publish","has-post-thumbnail","hentry"],"acf":[],"_links":{"self":[{"href":"https:\/\/calypsopark.com\/fr\/wp-json\/wp\/v2\/pages\/20274","targetHints":{"allow":["GET"]}}],"collection":[{"href":"https:\/\/calypsopark.com\/fr\/wp-json\/wp\/v2\/pages"}],"about":[{"href":"https:\/\/calypsopark.com\/fr\/wp-json\/wp\/v2\/types\/page"}],"author":[{"embeddable":true,"href":"https:\/\/calypsopark.com\/fr\/wp-json\/wp\/v2\/users\/62"}],"replies":[{"embeddable":true,"href":"https:\/\/calypsopark.com\/fr\/wp-json\/wp\/v2\/comments?post=20274"}],"version-history":[{"count":0,"href":"https:\/\/calypsopark.com\/fr\/wp-json\/wp\/v2\/pages\/20274\/revisions"}],"wp:featuredmedia":[{"embeddable":true,"href":"https:\/\/calypsopark.com\/fr\/wp-json\/wp\/v2\/media\/20804"}],"wp:attachment":[{"href":"https:\/\/calypsopark.com\/fr\/wp-json\/wp\/v2\/media?parent=20274"}],"curies":[{"name":"wp","href":"https:\/\/api.w.org\/{rel}","templated":true}]}}