{"id":20303,"date":"2025-04-01T21:28:59","date_gmt":"2025-04-02T01:28:59","guid":{"rendered":"https:\/\/079ef7049b.nxcli.io\/billets\/traitement-numerique\/"},"modified":"2025-09-09T09:48:06","modified_gmt":"2025-09-09T13:48:06","slug":"traitement-numerique","status":"publish","type":"page","link":"https:\/\/calypsopark.com\/fr\/billets\/traitement-numerique\/","title":{"rendered":"Traitement num\u00e9rique"},"content":{"rendered":"<p>[et_pb_section fb_built=\u00a0\u00bb1&Prime; admin_label=\u00a0\u00bbsection\u00a0\u00bb _builder_version=\u00a0\u00bb4.16&Prime; global_colors_info=\u00a0\u00bb{}\u00a0\u00bb theme_builder_area=\u00a0\u00bbpost_content\u00a0\u00bb][et_pb_row admin_label=\u00a0\u00bbrang\u00e9e\u00a0\u00bb _builder_version=\u00a0\u00bb4.16&Prime; background_size=\u00a0\u00bbinitial\u00a0\u00bb background_position=\u00a0\u00bbtop_left\u00a0\u00bb background_repeat=\u00a0\u00bbrepeat\u00a0\u00bb global_colors_info=\u00a0\u00bb{}\u00a0\u00bb theme_builder_area=\u00a0\u00bbpost_content\u00a0\u00bb][et_pb_column type=\u00a0\u00bb4_4&Prime; _builder_version=\u00a0\u00bb4.16&Prime; custom_padding=\u00a0\u00bb|||\u00a0\u00bb global_colors_info=\u00a0\u00bb{}\u00a0\u00bb custom_padding__hover=\u00a0\u00bb|||\u00a0\u00bb theme_builder_area=\u00a0\u00bbpost_content\u00a0\u00bb][et_pb_text _builder_version=\u00a0\u00bb4.27.4&Prime; _module_preset=\u00a0\u00bbdefault\u00a0\u00bb global_colors_info=\u00a0\u00bb{}\u00a0\u00bb theme_builder_area=\u00a0\u00bbpost_content\u00a0\u00bb]<\/p>\n<h2>Le traitement de la passe de saison est d\u00e9sormais num\u00e9rique<\/h2>\n<p>Profitez de la commodit\u00e9 d&rsquo;avoir votre carte de saison sur votre smartphone, facilement accessible via Apple ou Google Wallet. Il est d\u00e9sormais plus facile d&rsquo;entrer dans le parc, d&rsquo;acc\u00e9der aux r\u00e9ductions accord\u00e9es aux d\u00e9tenteurs de la carte ET de charger de l&rsquo;argent sur votre carte en cr\u00e9ant un compte EZPay. <\/p>\n<p>[\/et_pb_text][\/et_pb_column][\/et_pb_row][et_pb_row column_structure=\u00a0\u00bb1_2,1_2&Prime; _builder_version=\u00a0\u00bb4.27.0&Prime; _module_preset=\u00a0\u00bbdefault\u00a0\u00bb global_colors_info=\u00a0\u00bb{}\u00a0\u00bb theme_builder_area=\u00a0\u00bbpost_content\u00a0\u00bb][et_pb_column type=\u00a0\u00bb1_2&Prime; _builder_version=\u00a0\u00bb4.27.0&Prime; _module_preset=\u00a0\u00bbdefault\u00a0\u00bb global_colors_info=\u00a0\u00bb{}\u00a0\u00bb theme_builder_area=\u00a0\u00bbpost_content\u00a0\u00bb][et_pb_text _builder_version=\u00a0\u00bb4.27.4&Prime; _module_preset=\u00a0\u00bbdefault\u00a0\u00bb global_colors_info=\u00a0\u00bb{}\u00a0\u00bb theme_builder_area=\u00a0\u00bbpost_content\u00a0\u00bb]<\/p>\n<p><strong>Voici ce dont vous aurez besoin pour traiter num\u00e9riquement votre passe :<\/strong><\/p>\n<ul>\n<li>Un smartphone permettant de prendre une photo de t\u00eate de chaque personne recevant une passe d&rsquo;abonnement.<\/li>\n<li>Votre num\u00e9ro de certificat de passe de saison<\/li>\n<li>La personne qui utilise chaque passe de saison doit se trouver \u00e0 proximit\u00e9 pour que vous puissiez la prendre en photo.<\/li>\n<li>Acc\u00e8s \u00e0 votre compte e-mail pour recevoir votre passe de saison num\u00e9rique lorsque vous aurez termin\u00e9.<\/li>\n<\/ul>\n<p>Une fois votre passe de saison trait\u00e9e num\u00e9riquement, passez directement par les tourniquets !<\/p>\n<p>[\/et_pb_text][et_pb_button button_url=\u00a0\u00bbhttps:\/\/calypsomembers.parkezpay.com\/51&Prime; url_new_window=\u00a0\u00bbon\u00a0\u00bb button_text=\u00a0\u00bbCommencez maintenant\u00a0\u00bb _builder_version=\u00a0\u00bb4.27.4&Prime; _module_preset=\u00a0\u00bbdefault\u00a0\u00bb global_colors_info=\u00a0\u00bb%91%93&Prime; theme_builder_area=\u00a0\u00bbpost_content\u00a0\u00bb][\/et_pb_button][\/et_pb_column][et_pb_column type=\u00a0\u00bb1_2&Prime; _builder_version=\u00a0\u00bb4.27.0&Prime; _module_preset=\u00a0\u00bbdefault\u00a0\u00bb global_colors_info=\u00a0\u00bb{}\u00a0\u00bb theme_builder_area=\u00a0\u00bbpost_content\u00a0\u00bb][et_pb_image src=\u00a0\u00bbhttps:\/\/calypsopark.com\/wp-content\/uploads\/2025\/09\/Screenshot-2025-09-09-094126-1.jpg\u00a0\u00bb alt=\u00a0\u00bbPasse num\u00e9rique\u00a0\u00bb title_text=\u00a0\u00bbScreenshot 2025-09-09 094126&Prime; align=\u00a0\u00bbcenter\u00a0\u00bb _builder_version=\u00a0\u00bb4.27.4&Prime; _module_preset=\u00a0\u00bbdefault\u00a0\u00bb hover_enabled=\u00a0\u00bb0&Prime; global_colors_info=\u00a0\u00bb{}\u00a0\u00bb theme_builder_area=\u00a0\u00bbpost_content\u00a0\u00bb sticky_enabled=\u00a0\u00bb0&Prime;][\/et_pb_image][\/et_pb_column][\/et_pb_row][et_pb_row _builder_version=\u00a0\u00bb4.27.0&Prime; _module_preset=\u00a0\u00bbdefault\u00a0\u00bb global_colors_info=\u00a0\u00bb{}\u00a0\u00bb theme_builder_area=\u00a0\u00bbpost_content\u00a0\u00bb][et_pb_column type=\u00a0\u00bb4_4&Prime; _builder_version=\u00a0\u00bb4.27.0&Prime; _module_preset=\u00a0\u00bbdefault\u00a0\u00bb global_colors_info=\u00a0\u00bb{}\u00a0\u00bb theme_builder_area=\u00a0\u00bbpost_content\u00a0\u00bb][et_pb_accordion open_toggle_text_color=\u00a0\u00bb#FFFFFF\u00a0\u00bb open_toggle_background_color=\u00a0\u00bb#0A9CD4&Prime; closed_toggle_text_color=\u00a0\u00bb#FFFFFF\u00a0\u00bb closed_toggle_background_color=\u00a0\u00bb#0A9CD4&Prime; toggle_icon=\u00a0\u00bb&#xf0dd;||fa||900&Prime; icon_color=\u00a0\u00bb#FFFFFF\u00a0\u00bb use_icon_font_size=\u00a0\u00bbon\u00a0\u00bb icon_font_size=\u00a0\u00bb24px\u00a0\u00bb _builder_version=\u00a0\u00bb4.27.4&Prime; _module_preset=\u00a0\u00bbdefault\u00a0\u00bb toggle_text_color=\u00a0\u00bb#FFFFFF\u00a0\u00bb toggle_level=\u00a0\u00bbh3&Prime; toggle_font_size=\u00a0\u00bb18px\u00a0\u00bb toggle_line_height=\u00a0\u00bb1.4em\u00a0\u00bb body_text_color=\u00a0\u00bb#FFFFFF\u00a0\u00bb body_link_font=\u00a0\u00bb|600|||||||\u00a0\u00bb body_link_text_color=\u00a0\u00bb#3F4345&Prime; custom_margin=\u00a0\u00bb0px||||false|false\u00a0\u00bb custom_padding=\u00a0\u00bb0px||||false|false\u00a0\u00bb border_width_all=\u00a0\u00bb0px\u00a0\u00bb global_colors_info=\u00a0\u00bb%91%93&Prime; closed_toggle_background_color__hover_enabled=\u00a0\u00bboff|desktop\u00a0\u00bb closed_toggle_background_color__hover=\u00a0\u00bb#F08834&Prime; theme_builder_area=\u00a0\u00bbpost_content\u00a0\u00bb][et_pb_accordion_item title=\u00a0\u00bbJ&rsquo;ai achet\u00e9 mon abonnement saisonnier, qu&rsquo;est-ce qu&rsquo;on fait ensuite ?\u00a0\u00bb open=\u00a0\u00bbon\u00a0\u00bb _builder_version=\u00a0\u00bb4.27.4&Prime; _module_preset=\u00a0\u00bbdefault\u00a0\u00bb custom_margin=\u00a0\u00bb||20px||false|false\u00a0\u00bb global_colors_info=\u00a0\u00bb{}\u00a0\u00bb theme_builder_area=\u00a0\u00bbpost_content\u00a0\u00bb]Vous devez traiter num\u00e9riquement votre passe de saison avant de pouvoir profiter du parc. Apr\u00e8s avoir achet\u00e9 votre passe de saison en ligne, vous recevrez un courriel contenant des instructions sur la mani\u00e8re de proc\u00e9der au traitement num\u00e9rique de la carte. Si vous n&rsquo;\u00eates pas en mesure de proc\u00e9der au traitement num\u00e9rique avant votre premi\u00e8re visite au parc, veuillez vous rendre \u00e0 la billetterie pour effectuer cette \u00e9tape. Vous ne pourrez pas entrer dans le parc sans votre passe d&rsquo;acc\u00e8s num\u00e9rique.   <\/p>\n<p>Vous n&rsquo;avez pas re\u00e7u les instructions par courrier \u00e9lectronique ? Cliquez <a href=\"https:\/\/calypsomembers.parkezpay.com\/51\" target=\"_blank\" rel=\"noopener\" class=\"keychainify-checked\"><u>ICI<\/u><\/a> pour cr\u00e9er votre passe num\u00e9rique.[\/et_pb_accordion_item][et_pb_accordion_item title=\u00a0\u00bbComment puis-je transf\u00e9rer mon laissez-passer num\u00e9rique dans mon Apple ou Google Wallet ou l&rsquo;enregistrer sur mon appareil mobile ?\u00a0\u00bb _builder_version=\u00a0\u00bb4.27.4&Prime; _module_preset=\u00a0\u00bbdefault\u00a0\u00bb custom_margin=\u00a0\u00bb||20px||false|false\u00a0\u00bb global_colors_info=\u00a0\u00bb{}\u00a0\u00bb theme_builder_area=\u00a0\u00bbpost_content\u00a0\u00bb open=\u00a0\u00bboff\u00a0\u00bb]<\/p>\n<p>S&rsquo;il s&rsquo;agit d&rsquo;une passe non trait\u00e9e, vous devez saisir le num\u00e9ro du certificat. S&rsquo;il s&rsquo;agit d&rsquo;une carte trait\u00e9e, vous devez saisir le num\u00e9ro de la carte de membre. <\/p>\n<p>[\/et_pb_accordion_item][et_pb_accordion_item title=\u00a0\u00bbJ&rsquo;ai voulu m&rsquo;enregistrer pour ma passe num\u00e9rique et mes informations ne sont pas correctes. Comment puis-je les corriger ? \u00a0\u00bb _builder_version=\u00a0\u00bb4.27.4&Prime; _module_preset=\u00a0\u00bbdefault\u00a0\u00bb custom_margin=\u00a0\u00bb||20px||false|false\u00a0\u00bb global_colors_info=\u00a0\u00bb{}\u00a0\u00bb theme_builder_area=\u00a0\u00bbpost_content\u00a0\u00bb open=\u00a0\u00bboff\u00a0\u00bb]<\/p>\n<div class=\"b40-faq-answer\">\n<div class=\"b40-list-block\">\n<p>Les corrections d&rsquo;informations ne peuvent pas \u00eatre effectu\u00e9es en ligne. Vous devrez traiter votre passe de saison en personne \u00e0 la billetterie. Nous serons en mesure de corriger les informations et de vous d\u00e9livrer votre carte d&rsquo;abonnement. Apr\u00e8s avoir re\u00e7u votre passe d&rsquo;abonnement, vous pourrez la traiter num\u00e9riquement sur votre t\u00e9l\u00e9phone.   <\/p>\n<\/div>\n<\/div>\n<p>[\/et_pb_accordion_item][et_pb_accordion_item title=\u00a0\u00bbLorsque j&rsquo;essaie d&rsquo;enregistrer ma passe num\u00e9rique, j&rsquo;obtiens une erreur apr\u00e8s avoir v\u00e9rifi\u00e9 mes informations et cliqu\u00e9 sur %22Looks good%22. Pourquoi est-ce que je re\u00e7ois cette erreur ? \u00a0\u00bb _builder_version=\u00a0\u00bb4.27.4&Prime; _module_preset=\u00a0\u00bbdefault\u00a0\u00bb custom_margin=\u00a0\u00bb||20px||false|false\u00a0\u00bb global_colors_info=\u00a0\u00bb{}\u00a0\u00bb theme_builder_area=\u00a0\u00bbpost_content\u00a0\u00bb open=\u00a0\u00bboff\u00a0\u00bb]<\/p>\n<div class=\"b40-faq-answer\">\n<div class=\"b40-list-block\">\n<p>L&rsquo;enregistrement de votre passe d&rsquo;abonnement num\u00e9rique fonctionne mieux sur un appareil mobile. Si vous obtenez ce message d&rsquo;erreur lors de l&rsquo;enregistrement de votre carte d&rsquo;abonnement, il se peut qu&rsquo;un param\u00e8tre de votre t\u00e9l\u00e9phone ou de votre navigateur emp\u00eache l&rsquo;utilisation de votre appareil photo. Le r\u00e9glage de l&rsquo;appareil photo sur \u00ab\u00a0Demander\u00a0\u00bb dans l&rsquo;application de votre navigateur, comme Safari ou Chrome, peut r\u00e9soudre ce probl\u00e8me.  <\/p>\n<\/div>\n<\/div>\n<p>[\/et_pb_accordion_item][et_pb_accordion_item title=\u00a0\u00bbJ&rsquo;ai essay\u00e9 de prendre ma photo et on m&rsquo;a dit %22Enlevez votre chapeau et vos lunettes de soleil%22, mais je ne porte rien sur la t\u00eate ni sur le visage. Que dois-je faire ? \u00a0\u00bb _builder_version=\u00a0\u00bb4.27.4&Prime; _module_preset=\u00a0\u00bbdefault\u00a0\u00bb custom_margin=\u00a0\u00bb||20px||false|false\u00a0\u00bb global_colors_info=\u00a0\u00bb{}\u00a0\u00bb theme_builder_area=\u00a0\u00bbpost_content\u00a0\u00bb open=\u00a0\u00bboff\u00a0\u00bb]<\/p>\n<div class=\"b40-faq-answer\">\n<div class=\"b40-list-block\">\n<p>Lors de votre prochaine visite au parc, rendez-vous \u00e0 la billetterie et nous prendrons votre photo. Vous pourrez toujours obtenir votre passe num\u00e9rique. <\/p>\n<\/div>\n<\/div>\n<p>[\/et_pb_accordion_item][et_pb_accordion_item title=\u00a0\u00bbQuelqu&rsquo;un d&rsquo;autre emm\u00e8ne mon enfant au parc. Comment envoyer votre passe de saison num\u00e9rique de mon enfant ? \u00a0\u00bb _builder_version=\u00a0\u00bb4.27.4&Prime; _module_preset=\u00a0\u00bbdefault\u00a0\u00bb custom_margin=\u00a0\u00bb||20px||false|false\u00a0\u00bb global_colors_info=\u00a0\u00bb{}\u00a0\u00bb theme_builder_area=\u00a0\u00bbpost_content\u00a0\u00bb open=\u00a0\u00bboff\u00a0\u00bb]<\/p>\n<div class=\"b40-faq-answer\">\n<div class=\"b40-list-block\">\n<p>Vous pouvez soit faire une capture d&rsquo;\u00e9cran de la passe de saison num\u00e9rique et l&rsquo;envoyer par SMS, soit partager l&rsquo;e-mail contenant le num\u00e9ro de membre. Vous pouvez \u00e9galement lui envoyer votre passe num\u00e9rique qu&rsquo;il pourra ajouter \u00e0 son portefeuille Apple ou Google. Les passes num\u00e9riques peuvent \u00eatre ajout\u00e9es \u00e0 plusieurs portefeuilles.  <\/p>\n<\/div>\n<\/div>\n<p>[\/et_pb_accordion_item][et_pb_accordion_item title=\u00a0\u00bbQuelle est la diff\u00e9rence entre le portail My Pass Benefits et le portail des membres utilis\u00e9 pour le traitement num\u00e9rique ?\u00a0\u00bb _builder_version=\u00a0\u00bb4.27.4&Prime; _module_preset=\u00a0\u00bbdefault\u00a0\u00bb custom_margin=\u00a0\u00bb||20px||false|false\u00a0\u00bb global_colors_info=\u00a0\u00bb{}\u00a0\u00bb theme_builder_area=\u00a0\u00bbpost_content\u00a0\u00bb open=\u00a0\u00bboff\u00a0\u00bb]<\/p>\n<div class=\"b40-faq-answer\">\n<div class=\"b40-list-block\">\n<p>Le <a href=\"https:\/\/calypsopark.com\/fr\/billets\/avantages-des-abonnements\/\">portail \u00ab\u00a0My Pass Benefits\u00a0\u00bb<\/a> est l&rsquo;endroit o\u00f9 les visiteurs peuvent consulter les avantages de leur passe de saison. Le portail des membres permet aux d\u00e9tenteurs de laissez-passer de cr\u00e9er leur laissez-passer num\u00e9rique \u00e0 placer sur leur t\u00e9l\u00e9phone. <\/p>\n<\/div>\n<\/div>\n<p>[\/et_pb_accordion_item][\/et_pb_accordion][\/et_pb_column][\/et_pb_row][\/et_pb_section]<\/p>\n","protected":false},"excerpt":{"rendered":"<p>Le traitement de la passe de saison est d\u00e9sormais num\u00e9rique Profitez de la commodit\u00e9 d&rsquo;avoir votre carte de saison sur votre smartphone, facilement accessible via Apple ou Google Wallet. Il est d\u00e9sormais plus facile d&rsquo;entrer dans le parc, d&rsquo;acc\u00e9der aux r\u00e9ductions accord\u00e9es aux d\u00e9tenteurs de la carte ET de charger de l&rsquo;argent sur votre carte en cr\u00e9ant un compte EZPay. Voici ce dont vous aurez besoin pour traiter num\u00e9riquement votre passe : Un smartphone permettant de prendre une photo de t\u00eate de chaque personne recevant une passe d&rsquo;abonnement. Votre num\u00e9ro de certificat de passe de saison La personne qui utilise chaque passe de saison doit se trouver \u00e0 proximit\u00e9 pour que vous puissiez la prendre en photo. Acc\u00e8s \u00e0 votre compte e-mail pour recevoir votre passe de saison num\u00e9rique lorsque vous aurez termin\u00e9. Une fois votre passe de saison trait\u00e9e num\u00e9riquement, passez directement par les tourniquets !Vous devez traiter num\u00e9riquement votre passe de saison avant de pouvoir profiter du parc. Apr\u00e8s avoir achet\u00e9 votre passe de saison en ligne, vous recevrez un courriel contenant des instructions sur la mani\u00e8re de proc\u00e9der au traitement num\u00e9rique de la carte. Si vous n&rsquo;\u00eates pas en mesure de proc\u00e9der au traitement num\u00e9rique avant votre [&hellip;]<\/p>\n","protected":false},"author":62,"featured_media":0,"parent":20212,"menu_order":0,"comment_status":"closed","ping_status":"closed","template":"","meta":{"_acf_changed":false,"_et_pb_use_builder":"on","_et_pb_old_content":"","_et_gb_content_width":"","footnotes":""},"class_list":["post-20303","page","type-page","status-publish","hentry"],"acf":[],"_links":{"self":[{"href":"https:\/\/calypsopark.com\/fr\/wp-json\/wp\/v2\/pages\/20303","targetHints":{"allow":["GET"]}}],"collection":[{"href":"https:\/\/calypsopark.com\/fr\/wp-json\/wp\/v2\/pages"}],"about":[{"href":"https:\/\/calypsopark.com\/fr\/wp-json\/wp\/v2\/types\/page"}],"author":[{"embeddable":true,"href":"https:\/\/calypsopark.com\/fr\/wp-json\/wp\/v2\/users\/62"}],"replies":[{"embeddable":true,"href":"https:\/\/calypsopark.com\/fr\/wp-json\/wp\/v2\/comments?post=20303"}],"version-history":[{"count":0,"href":"https:\/\/calypsopark.com\/fr\/wp-json\/wp\/v2\/pages\/20303\/revisions"}],"up":[{"embeddable":true,"href":"https:\/\/calypsopark.com\/fr\/wp-json\/wp\/v2\/pages\/20212"}],"wp:attachment":[{"href":"https:\/\/calypsopark.com\/fr\/wp-json\/wp\/v2\/media?parent=20303"}],"curies":[{"name":"wp","href":"https:\/\/api.w.org\/{rel}","templated":true}]}}