{"id":21346,"date":"2025-06-02T06:18:23","date_gmt":"2025-06-02T10:18:23","guid":{"rendered":"https:\/\/calypsopark.com\/evenements\/vague-de-nuit\/"},"modified":"2025-07-24T12:16:08","modified_gmt":"2025-07-24T16:16:08","slug":"vague-de-nuit","status":"publish","type":"page","link":"https:\/\/calypsopark.com\/fr\/evenements\/vague-de-nuit\/","title":{"rendered":"Vague de nuit"},"content":{"rendered":"<p>[et_pb_section fb_built=\u00a0\u00bb1&Prime; _builder_version=\u00a0\u00bb4.27.4&Prime; _module_preset=\u00a0\u00bbdefault\u00a0\u00bb global_colors_info=\u00a0\u00bb{}\u00a0\u00bb theme_builder_area=\u00a0\u00bbpost_content\u00a0\u00bb][et_pb_row _builder_version=\u00a0\u00bb4.27.4&Prime; _module_preset=\u00a0\u00bbdefault\u00a0\u00bb global_colors_info=\u00a0\u00bb{}\u00a0\u00bb theme_builder_area=\u00a0\u00bbpost_content\u00a0\u00bb][et_pb_column type=\u00a0\u00bb4_4&Prime; _builder_version=\u00a0\u00bb4.27.4&Prime; _module_preset=\u00a0\u00bbdefault\u00a0\u00bb global_colors_info=\u00a0\u00bb{}\u00a0\u00bb theme_builder_area=\u00a0\u00bbpost_content\u00a0\u00bb][et_pb_text _builder_version=\u00a0\u00bb4.27.4&Prime; _module_preset=\u00a0\u00bbdefault\u00a0\u00bb header_2_font_size=\u00a0\u00bb36px\u00a0\u00bb header_3_text_color=\u00a0\u00bb#0A9CD4&Prime; header_3_font_size=\u00a0\u00bb30px\u00a0\u00bb global_colors_info=\u00a0\u00bb{}\u00a0\u00bb theme_builder_area=\u00a0\u00bbpost_content\u00a0\u00bb]<\/p>\n<h2 style=\"text-align: center;\">Vague de nuit<\/h2>\n<h3 style=\"text-align: center;\">25 juillet<\/h3>\n<p>[\/et_pb_text][\/et_pb_column][\/et_pb_row][et_pb_row _builder_version=\u00a0\u00bb4.27.4&Prime; _module_preset=\u00a0\u00bbdefault\u00a0\u00bb global_colors_info=\u00a0\u00bb{}\u00a0\u00bb theme_builder_area=\u00a0\u00bbpost_content\u00a0\u00bb][et_pb_column type=\u00a0\u00bb4_4&Prime; _builder_version=\u00a0\u00bb4.27.4&Prime; _module_preset=\u00a0\u00bbdefault\u00a0\u00bb global_colors_info=\u00a0\u00bb{}\u00a0\u00bb theme_builder_area=\u00a0\u00bbpost_content\u00a0\u00bb][et_pb_text _builder_version=\u00a0\u00bb4.27.4&Prime; _module_preset=\u00a0\u00bbdefault\u00a0\u00bb global_colors_info=\u00a0\u00bb{}\u00a0\u00bb theme_builder_area=\u00a0\u00bbpost_content\u00a0\u00bb]<\/p>\n<p data-start=\"76\" data-end=\"343\">Pr\u00e9parez-vous pour une soir\u00e9e \u00e9lectrisante sous les \u00e9toiles ! <strong data-start=\"138\" data-end=\"153\">Night Waves<\/strong> est votre sortie ultime, avec un <strong data-start=\"198\" data-end=\"250\">spectacle de drones lumineux<\/strong>, et un <strong data-start=\"277\" data-end=\"291\">DJ en live<\/strong> qui encha\u00eenera les sons \u00e9nergiques toute la soir\u00e9e.<\/p>\n<p data-start=\"345\" data-end=\"520\">Sentez le rythme, laissez-vous porter par l\u2019ambiance, et regardez le ciel s\u2019illuminer dans un spectacle envo\u00fbtant de lumi\u00e8res et de sons. C\u2019est la soir\u00e9e \u00e0 ne pas manquer.<\/p>\n<p data-start=\"522\" data-end=\"642\">Apportez votre \u00e9nergie. Venez avec vos amis. Laissez-vous emporter par les vagues et les lumi\u00e8res dans une nuit magique.<\/p>\n<p data-start=\"644\" data-end=\"691\"><strong>L&rsquo;\u00e9v\u00e9nement est de 19h30 \u00e0 23h00 <\/strong>\u2013 <strong>*R\u00e9serv\u00e9 aux adultes 21+<\/strong><\/p>\n<p data-start=\"644\" data-end=\"691\"><strong>Party de mousse : 20h30<br data-start=\"27\" data-end=\"30\" \/>Musique avec DJ : 19h30 \u00e0 22h30<br data-start=\"65\" data-end=\"68\" \/>Spectacle de drones : 22h00 \u00e0 22h15<\/strong><\/p>\n<p data-start=\"644\" data-end=\"691\"><strong>Ce que vous devez savoir et apporter : <\/strong>Vous devez avoir <strong>21 ans ou plus<\/strong>, avec <strong>une pi\u00e8ce d&rsquo;identit\u00e9 avec photo valide<\/strong> <strong>et un billet ou une r\u00e9servation pour l&rsquo;\u00e9v\u00e9nement<\/strong> (aucune substitution accept\u00e9e). Aucune nourriture ni boisson provenant de l&rsquo;ext\u00e9rieur n&rsquo;est autoris\u00e9e dans le parc. La fouille des sacs est obligatoire. Les glaci\u00e8res et les contenants en verre sont interdits.<\/p>\n<p>[\/et_pb_text][\/et_pb_column][\/et_pb_row][et_pb_row column_structure=\u00a0\u00bb1_3,1_3,1_3&Prime; _builder_version=\u00a0\u00bb4.27.4&Prime; _module_preset=\u00a0\u00bbdefault\u00a0\u00bb global_colors_info=\u00a0\u00bb{}\u00a0\u00bb theme_builder_area=\u00a0\u00bbpost_content\u00a0\u00bb][et_pb_column type=\u00a0\u00bb1_3&Prime; _builder_version=\u00a0\u00bb4.27.4&Prime; _module_preset=\u00a0\u00bbdefault\u00a0\u00bb global_colors_info=\u00a0\u00bb{}\u00a0\u00bb theme_builder_area=\u00a0\u00bbpost_content\u00a0\u00bb][et_pb_image src=\u00a0\u00bbhttps:\/\/calypsopark.com\/wp-content\/uploads\/2025\/07\/RS7657_Couple-Bar-Night-Event-1.jpg\u00a0\u00bb title_text=\u00a0\u00bbRS7657_Couple Bar Night Event (1)\u00a0\u00bb _builder_version=\u00a0\u00bb4.27.4&Prime; _module_preset=\u00a0\u00bbdefault\u00a0\u00bb global_colors_info=\u00a0\u00bb{}\u00a0\u00bb theme_builder_area=\u00a0\u00bbpost_content\u00a0\u00bb][\/et_pb_image][\/et_pb_column][et_pb_column type=\u00a0\u00bb1_3&Prime; _builder_version=\u00a0\u00bb4.27.4&Prime; _module_preset=\u00a0\u00bbdefault\u00a0\u00bb global_colors_info=\u00a0\u00bb{}\u00a0\u00bb theme_builder_area=\u00a0\u00bbpost_content\u00a0\u00bb][et_pb_image src=\u00a0\u00bbhttps:\/\/calypsopark.com\/wp-content\/uploads\/2025\/07\/RS7661_Couple-in-Wave-Pool-Night-Event-1.jpg\u00a0\u00bb title_text=\u00a0\u00bbRS7661_Couple in Wave Pool Night Event (1)\u00a0\u00bb _builder_version=\u00a0\u00bb4.27.4&Prime; _module_preset=\u00a0\u00bbdefault\u00a0\u00bb global_colors_info=\u00a0\u00bb{}\u00a0\u00bb theme_builder_area=\u00a0\u00bbpost_content\u00a0\u00bb][\/et_pb_image][\/et_pb_column][et_pb_column type=\u00a0\u00bb1_3&Prime; _builder_version=\u00a0\u00bb4.27.4&Prime; _module_preset=\u00a0\u00bbdefault\u00a0\u00bb global_colors_info=\u00a0\u00bb{}\u00a0\u00bb theme_builder_area=\u00a0\u00bbpost_content\u00a0\u00bb][et_pb_image src=\u00a0\u00bbhttps:\/\/calypsopark.com\/wp-content\/uploads\/2025\/07\/RS7715_Woman-in-Wave-Pool-Night-Event-scaled.jpg\u00a0\u00bb title_text=\u00a0\u00bbRS7715_Woman in Wave Pool Night Event\u00a0\u00bb _builder_version=\u00a0\u00bb4.27.4&Prime; _module_preset=\u00a0\u00bbdefault\u00a0\u00bb global_colors_info=\u00a0\u00bb{}\u00a0\u00bb theme_builder_area=\u00a0\u00bbpost_content\u00a0\u00bb][\/et_pb_image][\/et_pb_column][\/et_pb_row][\/et_pb_section]<\/p>\n","protected":false},"excerpt":{"rendered":"<p>Vague de nuit 25 juilletPr\u00e9parez-vous pour une soir\u00e9e \u00e9lectrisante sous les \u00e9toiles ! Night Waves est votre sortie ultime, avec un spectacle de drones lumineux, et un DJ en live qui encha\u00eenera les sons \u00e9nergiques toute la soir\u00e9e. Sentez le rythme, laissez-vous porter par l\u2019ambiance, et regardez le ciel s\u2019illuminer dans un spectacle envo\u00fbtant de lumi\u00e8res et de sons. C\u2019est la soir\u00e9e \u00e0 ne pas manquer. Apportez votre \u00e9nergie. Venez avec vos amis. Laissez-vous emporter par les vagues et les lumi\u00e8res dans une nuit magique. L&rsquo;\u00e9v\u00e9nement est de 19h30 \u00e0 23h00 \u2013 *R\u00e9serv\u00e9 aux adultes 21+ Party de mousse : 20h30Musique avec DJ : 19h30 \u00e0 22h30Spectacle de drones : 22h00 \u00e0 22h15 Ce que vous devez savoir et apporter : Vous devez avoir 21 ans ou plus, avec une pi\u00e8ce d&rsquo;identit\u00e9 avec photo valide et un billet ou une r\u00e9servation pour l&rsquo;\u00e9v\u00e9nement (aucune substitution accept\u00e9e). Aucune nourriture ni boisson provenant de l&rsquo;ext\u00e9rieur n&rsquo;est autoris\u00e9e dans le parc. La fouille des sacs est obligatoire. Les glaci\u00e8res et les contenants en verre sont interdits.<\/p>\n","protected":false},"author":62,"featured_media":22123,"parent":20758,"menu_order":0,"comment_status":"closed","ping_status":"closed","template":"","meta":{"_acf_changed":false,"_et_pb_use_builder":"on","_et_pb_old_content":"","_et_gb_content_width":"","footnotes":""},"class_list":["post-21346","page","type-page","status-publish","has-post-thumbnail","hentry"],"acf":[],"_links":{"self":[{"href":"https:\/\/calypsopark.com\/fr\/wp-json\/wp\/v2\/pages\/21346","targetHints":{"allow":["GET"]}}],"collection":[{"href":"https:\/\/calypsopark.com\/fr\/wp-json\/wp\/v2\/pages"}],"about":[{"href":"https:\/\/calypsopark.com\/fr\/wp-json\/wp\/v2\/types\/page"}],"author":[{"embeddable":true,"href":"https:\/\/calypsopark.com\/fr\/wp-json\/wp\/v2\/users\/62"}],"replies":[{"embeddable":true,"href":"https:\/\/calypsopark.com\/fr\/wp-json\/wp\/v2\/comments?post=21346"}],"version-history":[{"count":0,"href":"https:\/\/calypsopark.com\/fr\/wp-json\/wp\/v2\/pages\/21346\/revisions"}],"up":[{"embeddable":true,"href":"https:\/\/calypsopark.com\/fr\/wp-json\/wp\/v2\/pages\/20758"}],"wp:featuredmedia":[{"embeddable":true,"href":"https:\/\/calypsopark.com\/fr\/wp-json\/wp\/v2\/media\/22123"}],"wp:attachment":[{"href":"https:\/\/calypsopark.com\/fr\/wp-json\/wp\/v2\/media?parent=21346"}],"curies":[{"name":"wp","href":"https:\/\/api.w.org\/{rel}","templated":true}]}}