{"id":23352,"date":"2026-02-16T15:36:09","date_gmt":"2026-02-16T20:36:09","guid":{"rendered":"https:\/\/calypsopark.com\/groups-new\/"},"modified":"2026-04-02T11:28:44","modified_gmt":"2026-04-02T15:28:44","slug":"groupes","status":"publish","type":"page","link":"https:\/\/calypsopark.com\/fr\/groupes\/","title":{"rendered":"Groups"},"content":{"rendered":"<p>[et_pb_section fb_built=\u00a0\u00bb1&Prime; fullwidth=\u00a0\u00bbon\u00a0\u00bb _builder_version=\u00a0\u00bb4.27.4&Prime; _module_preset=\u00a0\u00bbdefault\u00a0\u00bb global_colors_info=\u00a0\u00bb{}\u00a0\u00bb theme_builder_area=\u00a0\u00bbpost_content\u00a0\u00bb][et_pb_fullwidth_image src=\u00a0\u00bbhttps:\/\/calypsopark.com\/wp-content\/uploads\/2026\/03\/BILLBOARD-3.png\u00a0\u00bb title_text=\u00a0\u00bb_BILLBOARD (3)\u00a0\u00bb _builder_version=\u00a0\u00bb4.27.4&Prime; _module_preset=\u00a0\u00bbdefault\u00a0\u00bb global_colors_info=\u00a0\u00bb{}\u00a0\u00bb theme_builder_area=\u00a0\u00bbpost_content\u00a0\u00bb][\/et_pb_fullwidth_image][\/et_pb_section][et_pb_section fb_built=\u00a0\u00bb1&Prime; _builder_version=\u00a0\u00bb4.27.4&Prime; _module_preset=\u00a0\u00bbdefault\u00a0\u00bb global_colors_info=\u00a0\u00bb{}\u00a0\u00bb theme_builder_area=\u00a0\u00bbpost_content\u00a0\u00bb][et_pb_row _builder_version=\u00a0\u00bb4.27.4&Prime; _module_preset=\u00a0\u00bbdefault\u00a0\u00bb global_colors_info=\u00a0\u00bb{}\u00a0\u00bb theme_builder_area=\u00a0\u00bbpost_content\u00a0\u00bb][et_pb_column type=\u00a0\u00bb4_4&Prime; _builder_version=\u00a0\u00bb4.27.4&Prime; _module_preset=\u00a0\u00bbdefault\u00a0\u00bb global_colors_info=\u00a0\u00bb{}\u00a0\u00bb theme_builder_area=\u00a0\u00bbpost_content\u00a0\u00bb][et_pb_heading title=\u00a0\u00bbFaites sensation avec votre \u00e9v\u00e9nement de groupe\u00a0\u00bb _builder_version=\u00a0\u00bb4.27.4&Prime; _module_preset=\u00a0\u00bbdefault\u00a0\u00bb title_font=\u00a0\u00bb&#8211;et_global_heading_font|800|||||||\u00a0\u00bb title_text_align=\u00a0\u00bbcenter\u00a0\u00bb title_text_color=\u00a0\u00bb#1a4683&Prime; title_font_size=\u00a0\u00bb39px\u00a0\u00bb custom_margin=\u00a0\u00bb0px||0px||true|false\u00a0\u00bb custom_padding=\u00a0\u00bb||0px||false|false\u00a0\u00bb title_font_size_tablet=\u00a0\u00bb39px\u00a0\u00bb title_font_size_phone=\u00a0\u00bb30px\u00a0\u00bb title_font_size_last_edited=\u00a0\u00bbon|tablet\u00a0\u00bb locked=\u00a0\u00bboff\u00a0\u00bb global_colors_info=\u00a0\u00bb{}\u00a0\u00bb theme_builder_area=\u00a0\u00bbpost_content\u00a0\u00bb][\/et_pb_heading][et_pb_text _builder_version=\u00a0\u00bb4.27.4&Prime; _module_preset=\u00a0\u00bbdefault\u00a0\u00bb text_font=\u00a0\u00bb&#8211;et_global_body_font||||||||\u00a0\u00bb text_font_size=\u00a0\u00bb16px\u00a0\u00bb text_orientation=\u00a0\u00bbcenter\u00a0\u00bb custom_margin=\u00a0\u00bb0px||0px||true|false\u00a0\u00bb custom_padding=\u00a0\u00bb0px||0px||true|false\u00a0\u00bb locked=\u00a0\u00bboff\u00a0\u00bb global_colors_info=\u00a0\u00bb{}\u00a0\u00bb theme_builder_area=\u00a0\u00bbpost_content\u00a0\u00bb][\/et_pb_text][\/et_pb_column][\/et_pb_row][et_pb_row column_structure=\u00a0\u00bb1_2,1_2&Prime; _builder_version=\u00a0\u00bb4.27.4&Prime; _module_preset=\u00a0\u00bbdefault\u00a0\u00bb custom_margin=\u00a0\u00bb||30px||false|false\u00a0\u00bb custom_padding=\u00a0\u00bb0px||||false|false\u00a0\u00bb global_colors_info=\u00a0\u00bb{}\u00a0\u00bb theme_builder_area=\u00a0\u00bbpost_content\u00a0\u00bb][et_pb_column type=\u00a0\u00bb1_2&Prime; _builder_version=\u00a0\u00bb4.27.4&Prime; _module_preset=\u00a0\u00bbdefault\u00a0\u00bb global_colors_info=\u00a0\u00bb{}\u00a0\u00bb theme_builder_area=\u00a0\u00bbpost_content\u00a0\u00bb][et_pb_video src=\u00a0\u00bbhttps:\/\/calypsopark.com\/wp-content\/uploads\/2026\/02\/Calypso_Feb102025_PromoVideoFinal.mp4&Prime; image_src=\u00a0\u00bbhttps:\/\/calypsopark.com\/wp-content\/uploads\/2025\/09\/Calypso_July142025_LexinePhotographie-21-Edit-scaled.jpg\u00a0\u00bb _builder_version=\u00a0\u00bb4.27.4&Prime; _module_preset=\u00a0\u00bbdefault\u00a0\u00bb global_colors_info=\u00a0\u00bb{}\u00a0\u00bb theme_builder_area=\u00a0\u00bbpost_content\u00a0\u00bb][\/et_pb_video][\/et_pb_column][et_pb_column type=\u00a0\u00bb1_2&Prime; _builder_version=\u00a0\u00bb4.27.4&Prime; _module_preset=\u00a0\u00bbdefault\u00a0\u00bb global_colors_info=\u00a0\u00bb{}\u00a0\u00bb theme_builder_area=\u00a0\u00bbpost_content\u00a0\u00bb][et_pb_text _builder_version=\u00a0\u00bb4.27.4&Prime; _module_preset=\u00a0\u00bbdefault\u00a0\u00bb text_font=\u00a0\u00bb&#8211;et_global_body_font||||||||\u00a0\u00bb text_font_size=\u00a0\u00bb16px\u00a0\u00bb custom_margin=\u00a0\u00bb0px||0px||true|false\u00a0\u00bb custom_padding=\u00a0\u00bb0px||0px||true|false\u00a0\u00bb hover_enabled=\u00a0\u00bb0&Prime; locked=\u00a0\u00bboff\u00a0\u00bb global_colors_info=\u00a0\u00bb{}\u00a0\u00bb theme_builder_area=\u00a0\u00bbpost_content\u00a0\u00bb sticky_enabled=\u00a0\u00bb0&Prime;]<\/p>\n<p data-start=\"67\" data-end=\"503\">Calypso est un plaisir pour tous les membres de votre groupe, qu&rsquo;il s&rsquo;agisse d&rsquo;\u00e9v\u00e9nements d&rsquo;entreprise, de voyages d&rsquo;\u00e9tudes, de groupes religieux, de sorties en groupe ou de f\u00eates d&rsquo;anniversaire. Calypso vous facilite vos \u00e9v\u00e9nements de groupe en vous lib\u00e9rant de tout stress. Nous nous chargeons de l&rsquo;organisation et de la coordination pour que vous puissiez profiter pleinement de la journ\u00e9e avec votre groupe.<\/p>\n<p data-start=\"67\" data-end=\"503\">Montez sur les toboggans, flottez dans les piscines ou allongez-vous sur une chaise longue et observez le spectacle. Il est tr\u00e8s facile d&rsquo;organiser une journ\u00e9e au parc pour des groupes de 20 \u00e0 15,000 personnes.<\/p>\n<p>[\/et_pb_text][\/et_pb_column][\/et_pb_row][et_pb_row column_structure=\u00a0\u00bb1_4,1_4,1_4,1_4&Prime; _builder_version=\u00a0\u00bb4.27.4&Prime; _module_preset=\u00a0\u00bbdefault\u00a0\u00bb custom_margin=\u00a0\u00bb||30px||false|false\u00a0\u00bb global_colors_info=\u00a0\u00bb{}\u00a0\u00bb theme_builder_area=\u00a0\u00bbpost_content\u00a0\u00bb][et_pb_column type=\u00a0\u00bb1_4&Prime; _builder_version=\u00a0\u00bb4.27.4&Prime; _module_preset=\u00a0\u00bbdefault\u00a0\u00bb global_colors_info=\u00a0\u00bb{}\u00a0\u00bb theme_builder_area=\u00a0\u00bbpost_content\u00a0\u00bb][et_pb_image src=\u00a0\u00bbhttps:\/\/calypsopark.com\/wp-content\/uploads\/2026\/02\/Website-Group-Photos.png\u00a0\u00bb title_text=\u00a0\u00bbWebsite &#8211; Photos de groupe\u00a0\u00bb url=\u00a0\u00bbhttps:\/\/calypsopark.com\/fr\/billets-groupe\/\u00a0\u00bb _builder_version=\u00a0\u00bb4.27.4&Prime; _module_preset=\u00a0\u00bbdefault\u00a0\u00bb border_radii=\u00a0\u00bbon|15px|15px|15px|15px\u00a0\u00bb global_colors_info=\u00a0\u00bb{}\u00a0\u00bb theme_builder_area=\u00a0\u00bbpost_content\u00a0\u00bb][\/et_pb_image][et_pb_heading title=\u00a0\u00bbGROUPES\u00a0\u00bb _builder_version=\u00a0\u00bb4.27.4&Prime; _module_preset=\u00a0\u00bbdefault\u00a0\u00bb title_level=\u00a0\u00bbh3&Prime; title_font=\u00a0\u00bb|800|||||||\u00a0\u00bb title_text_align=\u00a0\u00bbcenter\u00a0\u00bb title_text_color=\u00a0\u00bb#000080&Prime; title_font_size=\u00a0\u00bb25px\u00a0\u00bb custom_margin=\u00a0\u00bb0px||0px||true|false\u00a0\u00bb global_colors_info=\u00a0\u00bb{}\u00a0\u00bb theme_builder_area=\u00a0\u00bbpost_content\u00a0\u00bb][\/et_pb_heading][et_pb_text _builder_version=\u00a0\u00bb4.27.4&Prime; _module_preset=\u00a0\u00bbdefault\u00a0\u00bb text_font=\u00a0\u00bb&#8211;et_global_body_font||||||||\u00a0\u00bb text_font_size=\u00a0\u00bb16px\u00a0\u00bb custom_margin=\u00a0\u00bb0px||0px||true|false\u00a0\u00bb custom_padding=\u00a0\u00bb0px||0px||true|false\u00a0\u00bb hover_enabled=\u00a0\u00bb0&Prime; locked=\u00a0\u00bboff\u00a0\u00bb global_colors_info=\u00a0\u00bb{}\u00a0\u00bb theme_builder_area=\u00a0\u00bbpost_content\u00a0\u00bb sticky_enabled=\u00a0\u00bb0&Prime;]<\/p>\n<p data-start=\"67\" data-end=\"309\" style=\"text-align: center;\"><span data-olk-copy-source=\"MessageBody\">Id\u00e9al pour les groupes d&rsquo;amis, les groupes religieux, les \u00e9quipes, les clubs et les sorties d\u00e9contract\u00e9es. Profitez d&rsquo;une entr\u00e9e \u00e0 tarif r\u00e9duit pour les groupes et d&rsquo;un processus de planification simple qui permet \u00e0 tout le monde de rentrer rapidement et sans tracas dans le parc.<\/span><\/p>\n<p>[\/et_pb_text][et_pb_button button_url=\u00a0\u00bbhttps:\/\/calypsopark.com\/fr\/billets-groupe\/\u00a0\u00bb button_text=\u00a0\u00bb20-99 invit\u00e9s\u00a0\u00bb button_alignment=\u00a0\u00bbcenter\u00a0\u00bb _builder_version=\u00a0\u00bb4.27.4&Prime; _module_preset=\u00a0\u00bbdefault\u00a0\u00bb button_text_size=\u00a0\u00bb22px\u00a0\u00bb button_text_color=\u00a0\u00bb#FFFFFF\u00a0\u00bb button_bg_color=\u00a0\u00bb#1a4683&Prime; button_font=\u00a0\u00bb|600||on|||||\u00a0\u00bb custom_margin=\u00a0\u00bb|-1px||||\u00a0\u00bb custom_padding=\u00a0\u00bb6px|20px|6px|20px|true|true\u00a0\u00bb global_colors_info=\u00a0\u00bb{}\u00a0\u00bb theme_builder_area=\u00a0\u00bbpost_content\u00a0\u00bb][\/et_pb_button][et_pb_button button_url=\u00a0\u00bbhttps:\/\/calypsopark.com\/fr\/demande-dinformations-sur-le-groupe\/\u00a0\u00bb button_text=\u00a0\u00bb100+ invit\u00e9s\u00a0\u00bb button_alignment=\u00a0\u00bbcenter\u00a0\u00bb _builder_version=\u00a0\u00bb4.27.4&Prime; _module_preset=\u00a0\u00bbdefault\u00a0\u00bb button_text_size=\u00a0\u00bb22px\u00a0\u00bb button_text_color=\u00a0\u00bb#FFFFFF\u00a0\u00bb button_bg_color=\u00a0\u00bb#1a4683&Prime; button_font=\u00a0\u00bb|600||on|||||\u00a0\u00bb custom_margin=\u00a0\u00bb|-1px||||\u00a0\u00bb custom_padding=\u00a0\u00bb6px|20px|6px|20px|true|true\u00a0\u00bb global_colors_info=\u00a0\u00bb{}\u00a0\u00bb theme_builder_area=\u00a0\u00bbpost_content\u00a0\u00bb][\/et_pb_button][\/et_pb_column][et_pb_column type=\u00a0\u00bb1_4&Prime; _builder_version=\u00a0\u00bb4.27.4&Prime; _module_preset=\u00a0\u00bbdefault\u00a0\u00bb global_colors_info=\u00a0\u00bb{}\u00a0\u00bb theme_builder_area=\u00a0\u00bbpost_content\u00a0\u00bb][et_pb_image src=\u00a0\u00bbhttps:\/\/calypsopark.com\/wp-content\/uploads\/2026\/02\/Website-Group-Photos-3.png\u00a0\u00bb title_text=\u00a0\u00bbWebsite &#8211; Photos de groupe (3)\u00a0\u00bb url=\u00a0\u00bbhttps:\/\/calypsopark.com\/fr\/forfait-groupe\/\u00a0\u00bb _builder_version=\u00a0\u00bb4.27.4&Prime; _module_preset=\u00a0\u00bbdefault\u00a0\u00bb border_radii=\u00a0\u00bbon|15px|15px|15px|15px\u00a0\u00bb locked=\u00a0\u00bboff\u00a0\u00bb global_colors_info=\u00a0\u00bb{}\u00a0\u00bb theme_builder_area=\u00a0\u00bbpost_content\u00a0\u00bb][\/et_pb_image][et_pb_heading title=\u00a0\u00bbGROUPES AVEC BBQ 20+ INVIT\u00c9S\u00a0\u00bb _builder_version=\u00a0\u00bb4.27.4&Prime; _module_preset=\u00a0\u00bbdefault\u00a0\u00bb title_level=\u00a0\u00bbh3&Prime; title_font=\u00a0\u00bb|800|||||||\u00a0\u00bb title_text_align=\u00a0\u00bbcenter\u00a0\u00bb title_text_color=\u00a0\u00bb#000080&Prime; title_font_size=\u00a0\u00bb25px\u00a0\u00bb custom_margin=\u00a0\u00bb0px||0px||true|false\u00a0\u00bb locked=\u00a0\u00bboff\u00a0\u00bb global_colors_info=\u00a0\u00bb{}\u00a0\u00bb theme_builder_area=\u00a0\u00bbpost_content\u00a0\u00bb][\/et_pb_heading][et_pb_text _builder_version=\u00a0\u00bb4.27.4&Prime; _module_preset=\u00a0\u00bbdefault\u00a0\u00bb text_font=\u00a0\u00bb&#8211;et_global_body_font||||||||\u00a0\u00bb text_font_size=\u00a0\u00bb16px\u00a0\u00bb custom_margin=\u00a0\u00bb0px||0px||true|false\u00a0\u00bb custom_padding=\u00a0\u00bb0px||0px||true|false\u00a0\u00bb locked=\u00a0\u00bboff\u00a0\u00bb global_colors_info=\u00a0\u00bb{}\u00a0\u00bb theme_builder_area=\u00a0\u00bbpost_content\u00a0\u00bb]<\/p>\n<p style=\"text-align: center;\"><span data-olk-copy-source=\"MessageBody\">Id\u00e9al pour les sorties d&rsquo;entreprise, les r\u00e9unions de famille et les grandes c\u00e9l\u00e9brations. Profitez de forfaits sp\u00e9ciaux pour les groupes, de repas traiteurs en option et d&rsquo;espaces de rassemblement pendant que nous nous occupons des d\u00e9tails.<\/span><\/p>\n<p>[\/et_pb_text][et_pb_button button_url=\u00a0\u00bbhttps:\/\/calypsopark.com\/fr\/forfait-groupe\/\u00a0\u00bb button_text=\u00a0\u00bbEN SAVOIR PLUS\u00a0\u00bb button_alignment=\u00a0\u00bbcenter\u00a0\u00bb _builder_version=\u00a0\u00bb4.27.4&Prime; _module_preset=\u00a0\u00bbdefault\u00a0\u00bb button_text_size=\u00a0\u00bb22px\u00a0\u00bb button_text_color=\u00a0\u00bb#FFFFFF\u00a0\u00bb button_bg_color=\u00a0\u00bb#1a4683&Prime; button_font=\u00a0\u00bb|600||on|||||\u00a0\u00bb custom_padding=\u00a0\u00bb6px|20px|6px|20px|true|true\u00a0\u00bb locked=\u00a0\u00bboff\u00a0\u00bb global_colors_info=\u00a0\u00bb{}\u00a0\u00bb theme_builder_area=\u00a0\u00bbpost_content\u00a0\u00bb][\/et_pb_button][\/et_pb_column][et_pb_column type=\u00a0\u00bb1_4&Prime; _builder_version=\u00a0\u00bb4.27.4&Prime; _module_preset=\u00a0\u00bbdefault\u00a0\u00bb global_colors_info=\u00a0\u00bb{}\u00a0\u00bb theme_builder_area=\u00a0\u00bbpost_content\u00a0\u00bb][et_pb_image src=\u00a0\u00bbhttps:\/\/calypsopark.com\/wp-content\/uploads\/2026\/02\/Website-Group-Photos-1.png\u00a0\u00bb title_text=\u00a0\u00bbWebsite &#8211; Photos de groupe (1)\u00a0\u00bb url=\u00a0\u00bbhttps:\/\/calypsopark.com\/fr\/fete-anniversaire\/\u00a0\u00bb _builder_version=\u00a0\u00bb4.27.4&Prime; _module_preset=\u00a0\u00bbdefault\u00a0\u00bb border_radii=\u00a0\u00bbon|15px|15px|15px|15px\u00a0\u00bb locked=\u00a0\u00bboff\u00a0\u00bb global_colors_info=\u00a0\u00bb{}\u00a0\u00bb theme_builder_area=\u00a0\u00bbpost_content\u00a0\u00bb][\/et_pb_image][et_pb_heading title=\u00a0\u00bbFORFAIT C\u00c9L\u00c9BRATION 10+ INVIT\u00c9S\u00a0\u00bb _builder_version=\u00a0\u00bb4.27.4&Prime; _module_preset=\u00a0\u00bbdefault\u00a0\u00bb title_level=\u00a0\u00bbh3&Prime; title_font=\u00a0\u00bb|800|||||||\u00a0\u00bb title_text_align=\u00a0\u00bbcenter\u00a0\u00bb title_text_color=\u00a0\u00bb#000080&Prime; title_font_size=\u00a0\u00bb25px\u00a0\u00bb custom_margin=\u00a0\u00bb0px||0px||true|false\u00a0\u00bb locked=\u00a0\u00bboff\u00a0\u00bb global_colors_info=\u00a0\u00bb{}\u00a0\u00bb theme_builder_area=\u00a0\u00bbpost_content\u00a0\u00bb][\/et_pb_heading][et_pb_text _builder_version=\u00a0\u00bb4.27.4&Prime; _module_preset=\u00a0\u00bbdefault\u00a0\u00bb text_font=\u00a0\u00bb&#8211;et_global_body_font||||||||\u00a0\u00bb text_font_size=\u00a0\u00bb16px\u00a0\u00bb custom_margin=\u00a0\u00bb0px||0px||true|false\u00a0\u00bb custom_padding=\u00a0\u00bb0px||0px||true|false\u00a0\u00bb locked=\u00a0\u00bboff\u00a0\u00bb global_colors_info=\u00a0\u00bb{}\u00a0\u00bb theme_builder_area=\u00a0\u00bbpost_content\u00a0\u00bb]<\/p>\n<div role=\"presentation\" data-olk-copy-source=\"MessageBody\" style=\"text-align: center;\">Organisez des anniversaires faciles et inoubliables \u00e0 Calypso. Les forfaits C\u00e9l\u00e9bration comprennent un acc\u00e8s toute la journ\u00e9e aux glissades et attractions et les coupons repas afin que vous puissiez profiter de la journ\u00e9e sans stress.<\/div>\n<p>[\/et_pb_text][et_pb_button button_url=\u00a0\u00bbhttps:\/\/calypsopark.com\/fr\/fete-anniversaire\/\u00a0\u00bb button_text=\u00a0\u00bbEN SAVOIR PLUS\u00a0\u00bb button_alignment=\u00a0\u00bbcenter\u00a0\u00bb _builder_version=\u00a0\u00bb4.27.4&Prime; _module_preset=\u00a0\u00bbdefault\u00a0\u00bb button_text_size=\u00a0\u00bb22px\u00a0\u00bb button_text_color=\u00a0\u00bb#FFFFFF\u00a0\u00bb button_bg_color=\u00a0\u00bb#1a4683&Prime; button_font=\u00a0\u00bb|600||on|||||\u00a0\u00bb custom_padding=\u00a0\u00bb6px|20px|6px|20px|true|true\u00a0\u00bb locked=\u00a0\u00bboff\u00a0\u00bb global_colors_info=\u00a0\u00bb{}\u00a0\u00bb theme_builder_area=\u00a0\u00bbpost_content\u00a0\u00bb][\/et_pb_button][\/et_pb_column][et_pb_column type=\u00a0\u00bb1_4&Prime; _builder_version=\u00a0\u00bb4.27.4&Prime; _module_preset=\u00a0\u00bbdefault\u00a0\u00bb global_colors_info=\u00a0\u00bb{}\u00a0\u00bb theme_builder_area=\u00a0\u00bbpost_content\u00a0\u00bb][et_pb_image src=\u00a0\u00bbhttps:\/\/calypsopark.com\/wp-content\/uploads\/2025\/03\/school-group-by-pool.jpg\u00a0\u00bb alt=\u00a0\u00bbGroupe scolaire au bord d&rsquo;une piscine\u00a0\u00bb title_text=\u00a0\u00bbgroupe scolaire par piscine\u00a0\u00bb url=\u00a0\u00bbhttps:\/\/calypsopark.com\/fr\/sorties-jeunesse\/\u00a0\u00bb _builder_version=\u00a0\u00bb4.27.4&Prime; _module_preset=\u00a0\u00bbdefault\u00a0\u00bb border_radii=\u00a0\u00bbon|15px|15px|15px|15px\u00a0\u00bb locked=\u00a0\u00bboff\u00a0\u00bb global_colors_info=\u00a0\u00bb{}\u00a0\u00bb theme_builder_area=\u00a0\u00bbpost_content\u00a0\u00bb][\/et_pb_image][et_pb_heading title=\u00a0\u00bb\u00c9COLES ET CAMPS\u00a0\u00bb _builder_version=\u00a0\u00bb4.27.4&Prime; _module_preset=\u00a0\u00bbdefault\u00a0\u00bb title_level=\u00a0\u00bbh3&Prime; title_font=\u00a0\u00bb|800|||||||\u00a0\u00bb title_text_align=\u00a0\u00bbcenter\u00a0\u00bb title_text_color=\u00a0\u00bb#000080&Prime; title_font_size=\u00a0\u00bb25px\u00a0\u00bb custom_margin=\u00a0\u00bb0px||0px||true|false\u00a0\u00bb locked=\u00a0\u00bboff\u00a0\u00bb global_colors_info=\u00a0\u00bb{}\u00a0\u00bb theme_builder_area=\u00a0\u00bbpost_content\u00a0\u00bb][\/et_pb_heading][et_pb_text _builder_version=\u00a0\u00bb4.27.4&Prime; _module_preset=\u00a0\u00bbdefault\u00a0\u00bb text_font=\u00a0\u00bb&#8211;et_global_body_font||||||||\u00a0\u00bb text_font_size=\u00a0\u00bb16px\u00a0\u00bb custom_margin=\u00a0\u00bb0px||0px||true|false\u00a0\u00bb custom_padding=\u00a0\u00bb0px||0px||true|false\u00a0\u00bb locked=\u00a0\u00bboff\u00a0\u00bb global_colors_info=\u00a0\u00bb{}\u00a0\u00bb theme_builder_area=\u00a0\u00bbpost_content\u00a0\u00bb]<\/p>\n<div role=\"presentation\" data-olk-copy-source=\"MessageBody\" style=\"text-align: center;\">Profitez de tarifs sp\u00e9ciaux avec des forfaits \u00e9ducatifs disponibles. Acc\u00e8s toute la journ\u00e9e aux man\u00e8ges et attractions.<\/div>\n<p>[\/et_pb_text][et_pb_button button_url=\u00a0\u00bbhttps:\/\/calypsopark.com\/fr\/sorties-jeunesse\/\u00a0\u00bb button_text=\u00a0\u00bb\u00c9coles et camps\u00a0\u00bb button_alignment=\u00a0\u00bbcenter\u00a0\u00bb _builder_version=\u00a0\u00bb4.27.4&Prime; _module_preset=\u00a0\u00bbdefault\u00a0\u00bb button_text_size=\u00a0\u00bb22px\u00a0\u00bb button_text_color=\u00a0\u00bb#FFFFFF\u00a0\u00bb button_bg_color=\u00a0\u00bb#1a4683&Prime; button_font=\u00a0\u00bb|600||on|||||\u00a0\u00bb custom_padding=\u00a0\u00bb6px|20px|6px|20px|true|true\u00a0\u00bb locked=\u00a0\u00bboff\u00a0\u00bb global_colors_info=\u00a0\u00bb{}\u00a0\u00bb theme_builder_area=\u00a0\u00bbpost_content\u00a0\u00bb][\/et_pb_button][et_pb_button button_url=\u00a0\u00bbhttps:\/\/calypsopark.com\/fr\/universites-et-colleges\/\u00a0\u00bb button_text=\u00a0\u00bbUniversit\u00e9 et coll\u00e8ge\u00a0\u00bb button_alignment=\u00a0\u00bbcenter\u00a0\u00bb _builder_version=\u00a0\u00bb4.27.4&Prime; _module_preset=\u00a0\u00bbdefault\u00a0\u00bb button_text_size=\u00a0\u00bb22px\u00a0\u00bb button_text_color=\u00a0\u00bb#FFFFFF\u00a0\u00bb button_bg_color=\u00a0\u00bb#1a4683&Prime; button_font=\u00a0\u00bb|600||on|||||\u00a0\u00bb custom_padding=\u00a0\u00bb6px|20px|6px|20px|true|true\u00a0\u00bb locked=\u00a0\u00bboff\u00a0\u00bb global_colors_info=\u00a0\u00bb{}\u00a0\u00bb theme_builder_area=\u00a0\u00bbpost_content\u00a0\u00bb][\/et_pb_button][\/et_pb_column][\/et_pb_row][et_pb_row _builder_version=\u00a0\u00bb4.27.4&Prime; _module_preset=\u00a0\u00bbdefault\u00a0\u00bb custom_padding=\u00a0\u00bb30px||||false|false\u00a0\u00bb locked=\u00a0\u00bboff\u00a0\u00bb global_colors_info=\u00a0\u00bb{}\u00a0\u00bb theme_builder_area=\u00a0\u00bbpost_content\u00a0\u00bb][et_pb_column type=\u00a0\u00bb4_4&Prime; _builder_version=\u00a0\u00bb4.27.4&Prime; _module_preset=\u00a0\u00bbdefault\u00a0\u00bb global_colors_info=\u00a0\u00bb{}\u00a0\u00bb theme_builder_area=\u00a0\u00bbpost_content\u00a0\u00bb][et_pb_heading title=\u00a0\u00bbPlanifions votre journ\u00e9e de groupe remplie d&rsquo;\u00e9claboussures !\u00a0\u00bb _builder_version=\u00a0\u00bb4.27.4&Prime; _module_preset=\u00a0\u00bbdefault\u00a0\u00bb title_font=\u00a0\u00bb&#8211;et_global_heading_font|800|||||||\u00a0\u00bb title_text_align=\u00a0\u00bbcenter\u00a0\u00bb title_text_color=\u00a0\u00bb#000080&Prime; title_font_size=\u00a0\u00bb32px\u00a0\u00bb custom_margin=\u00a0\u00bb0px||0px||true|false\u00a0\u00bb global_colors_info=\u00a0\u00bb{}\u00a0\u00bb theme_builder_area=\u00a0\u00bbpost_content\u00a0\u00bb][\/et_pb_heading][et_pb_text _builder_version=\u00a0\u00bb4.27.4&Prime; _module_preset=\u00a0\u00bbdefault\u00a0\u00bb text_font=\u00a0\u00bb&#8211;et_global_body_font||||||||\u00a0\u00bb text_font_size=\u00a0\u00bb16px\u00a0\u00bb text_orientation=\u00a0\u00bbcenter\u00a0\u00bb custom_margin=\u00a0\u00bb0px||0px||true|false\u00a0\u00bb custom_padding=\u00a0\u00bb||5px||false|false\u00a0\u00bb locked=\u00a0\u00bboff\u00a0\u00bb global_colors_info=\u00a0\u00bb{}\u00a0\u00bb theme_builder_area=\u00a0\u00bbpost_content\u00a0\u00bb]<\/p>\n<p><strong data-start=\"0\" data-end=\"63\">Pas certain quel forfait de groupe vous convient le mieux ? <\/strong>Aucun probl\u00e8me ! Contactez notre \u00e9quipe et nous vous aiderons \u00e0 choisir l\u2019option qui correspond le mieux \u00e0 la taille et aux besoins de votre groupe.<\/p>\n<p>[\/et_pb_text][et_pb_code _builder_version=\u00a0\u00bb4.27.4&Prime; _module_preset=\u00a0\u00bbdefault\u00a0\u00bb global_colors_info=\u00a0\u00bb{}\u00a0\u00bb theme_builder_area=\u00a0\u00bbpost_content\u00a0\u00bb]<iframe src=\"https:\/\/api.leadconnectorhq.com\/widget\/survey\/pLFR0N6GoCHxuRzTIxRP\" style=\"border:none;width:100%;\" scrolling=\"no\" id=\"pLFR0N6GoCHxuRzTIxRP\" title=\"survey\"><\/iframe><!-- [et_pb_line_break_holder] --><script src=\"https:\/\/link.msgsndr.com\/js\/form_embed.js\"><\/script>[\/et_pb_code][et_pb_text _builder_version=\u00a0\u00bb4.27.4&Prime; _module_preset=\u00a0\u00bbdefault\u00a0\u00bb text_font=\u00a0\u00bb&#8211;et_global_body_font||||||||\u00a0\u00bb text_font_size=\u00a0\u00bb15px\u00a0\u00bb text_orientation=\u00a0\u00bbcenter\u00a0\u00bb custom_margin=\u00a0\u00bb0px||0px||true|false\u00a0\u00bb custom_padding=\u00a0\u00bb||0px||false|false\u00a0\u00bb locked=\u00a0\u00bboff\u00a0\u00bb global_colors_info=\u00a0\u00bb{}\u00a0\u00bb theme_builder_area=\u00a0\u00bbpost_content\u00a0\u00bb]<\/p>\n<p>Tous les prix des billets sont soumis \u00e0 la TVH de 13 %. Les achats de billets en ligne peuvent \u00e9galement inclure des frais de traitement par billet. <\/p>\n<p>[\/et_pb_text][\/et_pb_column][\/et_pb_row][\/et_pb_section][et_pb_section fb_built=\u00a0\u00bb1&Prime; fullwidth=\u00a0\u00bbon\u00a0\u00bb _builder_version=\u00a0\u00bb4.27.4&Prime; _module_preset=\u00a0\u00bbdefault\u00a0\u00bb global_colors_info=\u00a0\u00bb{}\u00a0\u00bb theme_builder_area=\u00a0\u00bbpost_content\u00a0\u00bb][et_pb_fullwidth_header title=\u00a0\u00bbEspace priv\u00e9 pour petit groupe &#8211; Max 20 personnes\u00a0\u00bb text_orientation=\u00a0\u00bbcenter\u00a0\u00bb button_one_text=\u00a0\u00bbR\u00e9serve\u00a0\u00bb _builder_version=\u00a0\u00bb4.27.4&Prime; _module_preset=\u00a0\u00bbdefault\u00a0\u00bb global_colors_info=\u00a0\u00bb{}\u00a0\u00bb theme_builder_area=\u00a0\u00bbpost_content\u00a0\u00bb]<\/p>\n<p data-start=\"0\" data-end=\"121\">Un espace priv\u00e9 r\u00e9serv\u00e9 pour les anniversaires, c\u00e9l\u00e9brations, retrouvailles familiales, sorties de groupe et plus encore.<\/p>\n<p data-start=\"123\" data-end=\"240\">R\u00e9servez en ligne et r\u00e9cup\u00e9rez vos bracelets pour acc\u00e9der \u00e0 la zone \u00e0 notre \u00eelot d\u2019information situ\u00e9 sur la rue Principale.<\/p>\n<p data-start=\"242\" data-end=\"279\" data-is-last-node=\"\" data-is-only-node=\"\">Peut accueillir jusqu\u2019\u00e0 20 personnes maximum.<\/p>\n<p>[\/et_pb_fullwidth_header][\/et_pb_section]<\/p>\n","protected":false},"excerpt":{"rendered":"<p>Calypso est un plaisir pour tous les membres de votre groupe, qu&rsquo;il s&rsquo;agisse d&rsquo;\u00e9v\u00e9nements d&rsquo;entreprise, de voyages d&rsquo;\u00e9tudes, de groupes religieux, de sorties en groupe ou de f\u00eates d&rsquo;anniversaire. Calypso vous facilite vos \u00e9v\u00e9nements de groupe en vous lib\u00e9rant de tout stress. Nous nous chargeons de l&rsquo;organisation et de la coordination pour que vous puissiez profiter pleinement de la journ\u00e9e avec votre groupe. Montez sur les toboggans, flottez dans les piscines ou allongez-vous sur une chaise longue et observez le spectacle. Il est tr\u00e8s facile d&rsquo;organiser une journ\u00e9e au parc pour des groupes de 20 \u00e0 15,000 personnes.Id\u00e9al pour les groupes d&rsquo;amis, les groupes religieux, les \u00e9quipes, les clubs et les sorties d\u00e9contract\u00e9es. Profitez d&rsquo;une entr\u00e9e \u00e0 tarif r\u00e9duit pour les groupes et d&rsquo;un processus de planification simple qui permet \u00e0 tout le monde de rentrer rapidement et sans tracas dans le parc.Id\u00e9al pour les sorties d&rsquo;entreprise, les r\u00e9unions de famille et les grandes c\u00e9l\u00e9brations. Profitez de forfaits sp\u00e9ciaux pour les groupes, de repas traiteurs en option et d&rsquo;espaces de rassemblement pendant que nous nous occupons des d\u00e9tails.Organisez des anniversaires faciles et inoubliables \u00e0 Calypso. Les forfaits C\u00e9l\u00e9bration comprennent un acc\u00e8s toute la journ\u00e9e aux glissades et attractions et les [&hellip;]<\/p>\n","protected":false},"author":62,"featured_media":0,"parent":0,"menu_order":0,"comment_status":"closed","ping_status":"closed","template":"","meta":{"_acf_changed":false,"_et_pb_use_builder":"on","_et_pb_old_content":"","_et_gb_content_width":"","footnotes":""},"class_list":["post-23352","page","type-page","status-publish","hentry"],"acf":[],"_links":{"self":[{"href":"https:\/\/calypsopark.com\/fr\/wp-json\/wp\/v2\/pages\/23352","targetHints":{"allow":["GET"]}}],"collection":[{"href":"https:\/\/calypsopark.com\/fr\/wp-json\/wp\/v2\/pages"}],"about":[{"href":"https:\/\/calypsopark.com\/fr\/wp-json\/wp\/v2\/types\/page"}],"author":[{"embeddable":true,"href":"https:\/\/calypsopark.com\/fr\/wp-json\/wp\/v2\/users\/62"}],"replies":[{"embeddable":true,"href":"https:\/\/calypsopark.com\/fr\/wp-json\/wp\/v2\/comments?post=23352"}],"version-history":[{"count":0,"href":"https:\/\/calypsopark.com\/fr\/wp-json\/wp\/v2\/pages\/23352\/revisions"}],"wp:attachment":[{"href":"https:\/\/calypsopark.com\/fr\/wp-json\/wp\/v2\/media?parent=23352"}],"curies":[{"name":"wp","href":"https:\/\/api.w.org\/{rel}","templated":true}]}}