{"id":23355,"date":"2026-02-16T15:31:45","date_gmt":"2026-02-16T20:31:45","guid":{"rendered":"https:\/\/calypsopark.com\/birthday-parties-2\/"},"modified":"2026-03-09T01:05:35","modified_gmt":"2026-03-09T05:05:35","slug":"birthday-parties-2","status":"publish","type":"page","link":"https:\/\/calypsopark.com\/fr\/birthday-parties-2\/","title":{"rendered":"F\u00eate d&rsquo;Anniversaire"},"content":{"rendered":"<p>[et_pb_section fb_built=\u00a0\u00bb1&Prime; fullwidth=\u00a0\u00bbon\u00a0\u00bb _builder_version=\u00a0\u00bb4.27.4&Prime; _module_preset=\u00a0\u00bbdefault\u00a0\u00bb custom_margin=\u00a0\u00bb0px|0px|0px|0px|true|true\u00a0\u00bb custom_padding=\u00a0\u00bb0px|0px|0px|0px|true|true\u00a0\u00bb global_colors_info=\u00a0\u00bb{}\u00a0\u00bb theme_builder_area=\u00a0\u00bbpost_content\u00a0\u00bb][et_pb_fullwidth_image src=\u00a0\u00bbhttps:\/\/calypsopark.com\/wp-content\/uploads\/2026\/02\/SmallGroupsBanner-scaled-1.webp\u00a0\u00bb title_text=\u00a0\u00bbBanni\u00e8re des petits groupes \u00e0 l&#039;\u00e9chelle 1&Prime; _builder_version=\u00a0\u00bb4.27.4&Prime; _module_preset=\u00a0\u00bbdefault\u00a0\u00bb global_colors_info=\u00a0\u00bb{}\u00a0\u00bb theme_builder_area=\u00a0\u00bbpost_content\u00a0\u00bb][\/et_pb_fullwidth_image][\/et_pb_section][et_pb_section fb_built=\u00a0\u00bb1&Prime; _builder_version=\u00a0\u00bb4.27.4&Prime; _module_preset=\u00a0\u00bbdefault\u00a0\u00bb global_colors_info=\u00a0\u00bb{}\u00a0\u00bb theme_builder_area=\u00a0\u00bbpost_content\u00a0\u00bb][et_pb_row _builder_version=\u00a0\u00bb4.27.4&Prime; _module_preset=\u00a0\u00bbdefault\u00a0\u00bb custom_padding=\u00a0\u00bb0px||0px||true|false\u00a0\u00bb global_colors_info=\u00a0\u00bb{}\u00a0\u00bb theme_builder_area=\u00a0\u00bbpost_content\u00a0\u00bb][et_pb_column type=\u00a0\u00bb4_4&Prime; _builder_version=\u00a0\u00bb4.27.4&Prime; _module_preset=\u00a0\u00bbdefault\u00a0\u00bb global_colors_info=\u00a0\u00bb{}\u00a0\u00bb theme_builder_area=\u00a0\u00bbpost_content\u00a0\u00bb][et_pb_heading title=\u00a0\u00bbF\u00eate d&#039;Anniversaire\u00a0\u00bb _builder_version=\u00a0\u00bb4.27.4&Prime; _module_preset=\u00a0\u00bbdefault\u00a0\u00bb title_font=\u00a0\u00bb&#8211;et_global_heading_font|800|||||||\u00a0\u00bb title_text_align=\u00a0\u00bbcenter\u00a0\u00bb title_text_color=\u00a0\u00bb#1a4683&Prime; title_font_size=\u00a0\u00bb39px\u00a0\u00bb custom_margin=\u00a0\u00bb0px||0px||true|false\u00a0\u00bb custom_padding=\u00a0\u00bb||15px||false|false\u00a0\u00bb title_font_size_tablet=\u00a0\u00bb39px\u00a0\u00bb title_font_size_phone=\u00a0\u00bb30px\u00a0\u00bb title_font_size_last_edited=\u00a0\u00bbon|tablet\u00a0\u00bb global_colors_info=\u00a0\u00bb{}\u00a0\u00bb theme_builder_area=\u00a0\u00bbpost_content\u00a0\u00bb][\/et_pb_heading][et_pb_text _builder_version=\u00a0\u00bb4.27.4&Prime; _module_preset=\u00a0\u00bbdefault\u00a0\u00bb text_font=\u00a0\u00bb&#8211;et_global_body_font||||||||\u00a0\u00bb text_font_size=\u00a0\u00bb16px\u00a0\u00bb text_orientation=\u00a0\u00bbcenter\u00a0\u00bb custom_margin=\u00a0\u00bb0px||0px||true|false\u00a0\u00bb custom_padding=\u00a0\u00bb0px||0px||true|false\u00a0\u00bb global_colors_info=\u00a0\u00bb{}\u00a0\u00bb theme_builder_area=\u00a0\u00bbpost_content\u00a0\u00bb]<\/p>\n<p>Votre f\u00eate se d\u00e9roulera au bord du lac, dans l&rsquo;espace anniversaire situ\u00e9 \u00e0 proximit\u00e9 du man\u00e8ge Soaring Eagle. Nous pouvons accueillir de 8 \u00e0 72 invit\u00e9s. <strong>L&rsquo;achat doit \u00eatre effectu\u00e9 au moins 72 heures \u00e0 l&rsquo;avance<\/strong>. <\/p>\n<p>[\/et_pb_text][\/et_pb_column][\/et_pb_row][et_pb_row column_structure=\u00a0\u00bb1_2,1_2&Prime; _builder_version=\u00a0\u00bb4.27.4&Prime; _module_preset=\u00a0\u00bbdefault\u00a0\u00bb global_colors_info=\u00a0\u00bb{}\u00a0\u00bb theme_builder_area=\u00a0\u00bbpost_content\u00a0\u00bb][et_pb_column type=\u00a0\u00bb1_2&Prime; _builder_version=\u00a0\u00bb4.27.4&Prime; _module_preset=\u00a0\u00bbdefault\u00a0\u00bb global_colors_info=\u00a0\u00bb{}\u00a0\u00bb theme_builder_area=\u00a0\u00bbpost_content\u00a0\u00bb][et_pb_image src=\u00a0\u00bbhttps:\/\/calypsopark.com\/wp-content\/uploads\/2026\/02\/birthday-scaled-1.jpg\u00a0\u00bb title_text=\u00a0\u00bbAnniversaire r\u00e9duit\u00a0\u00bb _builder_version=\u00a0\u00bb4.27.4&Prime; _module_preset=\u00a0\u00bbdefault\u00a0\u00bb border_radii=\u00a0\u00bbon|15px|15px|15px|15px\u00a0\u00bb global_colors_info=\u00a0\u00bb{}\u00a0\u00bb theme_builder_area=\u00a0\u00bbpost_content\u00a0\u00bb][\/et_pb_image][et_pb_text _builder_version=\u00a0\u00bb4.27.4&Prime; _module_preset=\u00a0\u00bbdefault\u00a0\u00bb text_font=\u00a0\u00bb&#8211;et_global_body_font||||||||\u00a0\u00bb text_font_size=\u00a0\u00bb15px\u00a0\u00bb custom_margin=\u00a0\u00bb0px||0px||true|false\u00a0\u00bb custom_padding=\u00a0\u00bb||0px||false|false\u00a0\u00bb locked=\u00a0\u00bboff\u00a0\u00bb global_colors_info=\u00a0\u00bb{}\u00a0\u00bb theme_builder_area=\u00a0\u00bbpost_content\u00a0\u00bb]<\/p>\n<p>Le forfait <strong>Mega Wild<\/strong> comprend des billets d&rsquo;entr\u00e9e, des tables r\u00e9serv\u00e9es, un bon pour un g\u00e2teau ET des bons pour un repas pour chaque invit\u00e9.<\/p>\n<p>L&rsquo;invit\u00e9 qui f\u00eate son anniversaire b\u00e9n\u00e9ficie d&rsquo;une entr\u00e9e GRATUITE avec le forfait Big Wild, ou d&rsquo;une entr\u00e9e GRATUITE et d&rsquo;un bon pour un repas avec le forfait Mega Wild.<\/p>\n<p>[\/et_pb_text][\/et_pb_column][et_pb_column type=\u00a0\u00bb1_2&Prime; _builder_version=\u00a0\u00bb4.27.4&Prime; _module_preset=\u00a0\u00bbdefault\u00a0\u00bb global_colors_info=\u00a0\u00bb{}\u00a0\u00bb theme_builder_area=\u00a0\u00bbpost_content\u00a0\u00bb][et_pb_heading title=\u00a0\u00bbAvantages pour les f\u00eates d&#039;anniversaire\u00a0\u00bb _builder_version=\u00a0\u00bb4.27.4&Prime; _module_preset=\u00a0\u00bbdefault\u00a0\u00bb title_font=\u00a0\u00bb&#8211;et_global_heading_font|600|||||||\u00a0\u00bb title_text_color=\u00a0\u00bb#1a4683&Prime; title_font_size=\u00a0\u00bb25px\u00a0\u00bb custom_margin=\u00a0\u00bb0px||0px||true|false\u00a0\u00bb custom_padding=\u00a0\u00bb||5px||false|false\u00a0\u00bb global_colors_info=\u00a0\u00bb{}\u00a0\u00bb theme_builder_area=\u00a0\u00bbpost_content\u00a0\u00bb][\/et_pb_heading][dsm_icon_list icon_color=\u00a0\u00bb#e5b532&Prime; icon_gap_width=\u00a0\u00bb1.7em\u00a0\u00bb icon_padding=\u00a0\u00bb0px\u00a0\u00bb icon_font_size=\u00a0\u00bb22px\u00a0\u00bb list_vertical_alignment=\u00a0\u00bbflex-start\u00a0\u00bb list_space_between=\u00a0\u00bb3px\u00a0\u00bb list_padding=\u00a0\u00bb||||false|false\u00a0\u00bb _builder_version=\u00a0\u00bb4.27.4&Prime; _module_preset=\u00a0\u00bbdefault\u00a0\u00bb custom_padding=\u00a0\u00bb0px|||||\u00a0\u00bb hover_enabled=\u00a0\u00bb0&Prime; global_colors_info=\u00a0\u00bb{}\u00a0\u00bb theme_builder_area=\u00a0\u00bbpost_content\u00a0\u00bb text_font_size=\u00a0\u00bb15px\u00a0\u00bb sticky_enabled=\u00a0\u00bb0&Prime;][dsm_icon_list_child text=\u00a0\u00bbAcc\u00e8s exclusif \u00e0 la zone de f\u00eate disponible de 11 heures \u00e0 la fermeture du parc, tous les jours d&#039;ouverture.\u00a0\u00bb font_icon=\u00a0\u00bb&#xf14a;||fa||900&Prime; _builder_version=\u00a0\u00bb4.25.2&Prime; _module_preset=\u00a0\u00bbdefault\u00a0\u00bb global_colors_info=\u00a0\u00bb{}\u00a0\u00bb theme_builder_area=\u00a0\u00bbpost_content\u00a0\u00bb][\/dsm_icon_list_child][dsm_icon_list_child text=\u00a0\u00bbTables de pique-nique r\u00e9serv\u00e9es avec parasols\u00a0\u00bb font_icon=\u00a0\u00bb&#xf14a;||fa||900&Prime; _builder_version=\u00a0\u00bb4.24.0&Prime; _module_preset=\u00a0\u00bbdefault\u00a0\u00bb global_colors_info=\u00a0\u00bb{}\u00a0\u00bb theme_builder_area=\u00a0\u00bbpost_content\u00a0\u00bb][\/dsm_icon_list_child][dsm_icon_list_child text=\u00a0\u00bbBillet GRATUIT pour l&#039;invit\u00e9 d&#039;anniversaire !\u00a0\u00bb font_icon=\u00a0\u00bb&#xf14a;||fa||900&Prime; _builder_version=\u00a0\u00bb4.24.0&Prime; _module_preset=\u00a0\u00bbdefault\u00a0\u00bb global_colors_info=\u00a0\u00bb{}\u00a0\u00bb theme_builder_area=\u00a0\u00bbpost_content\u00a0\u00bb][\/dsm_icon_list_child][dsm_icon_list_child text=\u00a0\u00bbBon de g\u00e2teau GRATUIT pour apporter votre propre g\u00e2teau dans le parc\u00a0\u00bb font_icon=\u00a0\u00bb&#xf14a;||fa||900&Prime; _builder_version=\u00a0\u00bb4.24.0&Prime; _module_preset=\u00a0\u00bbdefault\u00a0\u00bb global_colors_info=\u00a0\u00bb{}\u00a0\u00bb theme_builder_area=\u00a0\u00bbpost_content\u00a0\u00bb][\/dsm_icon_list_child][dsm_icon_list_child text=\u00a0\u00bbChoisissez le forfait Mega Wild pour inclure des bons de repas, valables pour un plat principal, un plat d&#039;accompagnement et une boisson ordinaire dans les restaurants participants du parc.\u00a0\u00bb font_icon=\u00a0\u00bb&#xf14a;||fa||900&Prime; _builder_version=\u00a0\u00bb4.24.0&Prime; _module_preset=\u00a0\u00bbdefault\u00a0\u00bb global_colors_info=\u00a0\u00bb{}\u00a0\u00bb theme_builder_area=\u00a0\u00bbpost_content\u00a0\u00bb][\/dsm_icon_list_child][\/dsm_icon_list][et_pb_text _builder_version=\u00a0\u00bb4.27.4&Prime; _module_preset=\u00a0\u00bbdefault\u00a0\u00bb text_font=\u00a0\u00bb&#8211;et_global_body_font||||||||\u00a0\u00bb text_font_size=\u00a0\u00bb16px\u00a0\u00bb custom_margin=\u00a0\u00bb0px||0px||true|false\u00a0\u00bb custom_padding=\u00a0\u00bb||5px||false|false\u00a0\u00bb locked=\u00a0\u00bboff\u00a0\u00bb global_colors_info=\u00a0\u00bb{}\u00a0\u00bb theme_builder_area=\u00a0\u00bbpost_content\u00a0\u00bb]<\/p>\n<p><strong>Les r\u00e9servations doivent \u00eatre effectu\u00e9es en ligne au moins 72 heures avant la visite. Les f\u00eates ne peuvent pas \u00eatre r\u00e9serv\u00e9es \u00e0 l&rsquo;entr\u00e9e principale. Aucun ajout n&rsquo;est possible apr\u00e8s l&rsquo;achat.  <\/strong><\/p>\n<p>[\/et_pb_text][et_pb_button button_text=\u00a0\u00bbAcheter\u00a0\u00bb button_alignment=\u00a0\u00bbcenter\u00a0\u00bb _builder_version=\u00a0\u00bb4.27.4&Prime; _module_preset=\u00a0\u00bbdefault\u00a0\u00bb button_text_size=\u00a0\u00bb22px\u00a0\u00bb button_bg_color=\u00a0\u00bb#6baf17&Prime; button_border_radius=\u00a0\u00bb13px\u00a0\u00bb custom_margin=\u00a0\u00bb5px||25px||false|false\u00a0\u00bb custom_padding=\u00a0\u00bb15px|50px|15px|50px|true|true\u00a0\u00bb global_colors_info=\u00a0\u00bb{}\u00a0\u00bb theme_builder_area=\u00a0\u00bbpost_content\u00a0\u00bb][\/et_pb_button][et_pb_text _builder_version=\u00a0\u00bb4.27.4&Prime; _module_preset=\u00a0\u00bbdefault\u00a0\u00bb text_font=\u00a0\u00bb&#8211;et_global_body_font||||||||\u00a0\u00bb text_font_size=\u00a0\u00bb15px\u00a0\u00bb custom_margin=\u00a0\u00bb0px||0px||true|false\u00a0\u00bb custom_padding=\u00a0\u00bb||5px||false|false\u00a0\u00bb hover_enabled=\u00a0\u00bb0&Prime; locked=\u00a0\u00bboff\u00a0\u00bb global_colors_info=\u00a0\u00bb{}\u00a0\u00bb theme_builder_area=\u00a0\u00bbpost_content\u00a0\u00bb sticky_enabled=\u00a0\u00bb0&Prime;]<\/p>\n<p><em>NOTE : L&rsquo;espace anniversaire sera situ\u00e9 \u00e0 c\u00f4t\u00e9 de Disk&rsquo;O \u00e0 partir du 26 ao\u00fbt. L&rsquo;acc\u00e8s \u00e0 la Party Zone est possible les samedis et dimanches d&rsquo;octobre, de 14 h \u00e0 la fermeture du parc. <\/em><\/p>\n<p>[\/et_pb_text][\/et_pb_column][\/et_pb_row][et_pb_row _builder_version=\u00a0\u00bb4.27.4&Prime; _module_preset=\u00a0\u00bbdefault\u00a0\u00bb global_colors_info=\u00a0\u00bb{}\u00a0\u00bb theme_builder_area=\u00a0\u00bbpost_content\u00a0\u00bb][et_pb_column type=\u00a0\u00bb4_4&Prime; _builder_version=\u00a0\u00bb4.27.4&Prime; _module_preset=\u00a0\u00bbdefault\u00a0\u00bb global_colors_info=\u00a0\u00bb{}\u00a0\u00bb theme_builder_area=\u00a0\u00bbpost_content\u00a0\u00bb][et_pb_heading title=\u00a0\u00bbD\u00e9bloquez votre meilleur tarif de groupe\u00a0\u00bb _builder_version=\u00a0\u00bb4.27.4&Prime; _module_preset=\u00a0\u00bbdefault\u00a0\u00bb title_font=\u00a0\u00bb&#8211;et_global_heading_font|800|||||||\u00a0\u00bb title_text_align=\u00a0\u00bbcenter\u00a0\u00bb title_text_color=\u00a0\u00bb#000080&Prime; title_font_size=\u00a0\u00bb32px\u00a0\u00bb custom_margin=\u00a0\u00bb0px||0px||true|false\u00a0\u00bb global_colors_info=\u00a0\u00bb{}\u00a0\u00bb theme_builder_area=\u00a0\u00bbpost_content\u00a0\u00bb][\/et_pb_heading][et_pb_text _builder_version=\u00a0\u00bb4.27.4&Prime; _module_preset=\u00a0\u00bbdefault\u00a0\u00bb text_font=\u00a0\u00bb&#8211;et_global_body_font||||||||\u00a0\u00bb text_font_size=\u00a0\u00bb16px\u00a0\u00bb text_orientation=\u00a0\u00bbcenter\u00a0\u00bb custom_margin=\u00a0\u00bb0px||0px||true|false\u00a0\u00bb custom_padding=\u00a0\u00bb||5px||false|false\u00a0\u00bb locked=\u00a0\u00bboff\u00a0\u00bb global_colors_info=\u00a0\u00bb{}\u00a0\u00bb theme_builder_area=\u00a0\u00bbpost_content\u00a0\u00bb]<\/p>\n<p>Donnez-nous quelques d\u00e9tails sur votre groupe et nous vous enverrons des<strong> prix personnalis\u00e9s, des r\u00e9ductions exclusives et des options de planification <\/strong>&#8211; sans obligation.<\/p>\n<p>[\/et_pb_text][et_pb_code _builder_version=\u00a0\u00bb4.27.4&Prime; _module_preset=\u00a0\u00bbdefault\u00a0\u00bb custom_margin=\u00a0\u00bb0px||0px||true|false\u00a0\u00bb global_colors_info=\u00a0\u00bb{}\u00a0\u00bb theme_builder_area=\u00a0\u00bbpost_content\u00a0\u00bb]<iframe src=\"https:\/\/api.leadconnectorhq.com\/widget\/survey\/5nupjiNewtHLNHmZLRTT\" style=\"border: none; width: 100%; height: 1200px;\" scrolling=\"no\" id=\"5nupjiNewtHLNHmZLRTT\" title=\"Groupes de tr\u00e9sorerie\"><!-- [et_pb_line_break_holder] --><!-- [et_pb_line_break_holder] --><\/iframe><!-- [et_pb_line_break_holder] --><!-- [et_pb_line_break_holder] --><script src=\"https:\/\/link.msgsndr.com\/js\/form_embed.js\"><\/script>[\/et_pb_code][et_pb_text _builder_version=\u00a0\u00bb4.27.4&Prime; _module_preset=\u00a0\u00bbdefault\u00a0\u00bb text_font=\u00a0\u00bb&#8211;et_global_body_font||||||||\u00a0\u00bb text_font_size=\u00a0\u00bb15px\u00a0\u00bb text_orientation=\u00a0\u00bbcenter\u00a0\u00bb custom_margin=\u00a0\u00bb0px||0px||true|false\u00a0\u00bb custom_padding=\u00a0\u00bb||0px||false|false\u00a0\u00bb locked=\u00a0\u00bboff\u00a0\u00bb global_colors_info=\u00a0\u00bb{}\u00a0\u00bb theme_builder_area=\u00a0\u00bbpost_content\u00a0\u00bb]<\/p>\n<p>Tous les prix des billets sont major\u00e9s de 10,2 % de taxe d&rsquo;\u00c9tat et de 5 % de taxe d&rsquo;admission de la ville de Federal Way. Les prix des billets en ligne sont soumis \u00e0 des frais de traitement par billet. <\/p>\n<p>[\/et_pb_text][\/et_pb_column][\/et_pb_row][\/et_pb_section]<\/p>\n","protected":false},"excerpt":{"rendered":"<p>Votre f\u00eate se d\u00e9roulera au bord du lac, dans l&rsquo;espace anniversaire situ\u00e9 \u00e0 proximit\u00e9 du man\u00e8ge Soaring Eagle. Nous pouvons accueillir de 8 \u00e0 72 invit\u00e9s. L&rsquo;achat doit \u00eatre effectu\u00e9 au moins 72 heures \u00e0 l&rsquo;avance. Le forfait Mega Wild comprend des billets d&rsquo;entr\u00e9e, des tables r\u00e9serv\u00e9es, un bon pour un g\u00e2teau ET des bons pour un repas pour chaque invit\u00e9. L&rsquo;invit\u00e9 qui f\u00eate son anniversaire b\u00e9n\u00e9ficie d&rsquo;une entr\u00e9e GRATUITE avec le forfait Big Wild, ou d&rsquo;une entr\u00e9e GRATUITE et d&rsquo;un bon pour un repas avec le forfait Mega Wild.<div class=\"et_pb_module dsm_icon_list dsm_icon_list_0\">\n\t\t\t\t\n\t\t\t\t\n\t\t\t\t\n\t\t\t\t\n\t\t\t\t\n\t\t\t\t\n\t\t\t\t<div class=\"et_pb_module_inner\">\n\t\t\t\t\t<ul class=\"dsm_icon_list_items dsm_icon_list_ltr_direction dsm_icon_list_layout_vertical\"><\/ul>\n\t\t\t\t<\/div>\n\t\t\t<\/div><li class=\"dsm_icon_list_child dsm_icon_list_child_0\">\n\t\t\t\t\n\t\t\t\t\n\t\t\t\t\n\t\t\t\t\n\t\t\t\t<span class=\"dsm_icon_list_wrapper\"><span class=\"dsm_icon_list_icon\">\uf14a<\/span><\/span><span class=\"dsm_icon_list_text\">Acc\u00e8s exclusif \u00e0 la zone de f\u00eate disponible de 11 heures \u00e0 la fermeture du parc, tous les jours d&#039;ouverture.<\/span>\n\t\t\t<\/li><li class=\"dsm_icon_list_child dsm_icon_list_child_1\">\n\t\t\t\t\n\t\t\t\t\n\t\t\t\t\n\t\t\t\t\n\t\t\t\t<span class=\"dsm_icon_list_wrapper\"><span class=\"dsm_icon_list_icon\">\uf14a<\/span><\/span><span class=\"dsm_icon_list_text\">Tables de pique-nique r\u00e9serv\u00e9es avec parasols<\/span>\n\t\t\t<\/li><li class=\"dsm_icon_list_child dsm_icon_list_child_2\">\n\t\t\t\t\n\t\t\t\t\n\t\t\t\t\n\t\t\t\t\n\t\t\t\t<span class=\"dsm_icon_list_wrapper\"><span class=\"dsm_icon_list_icon\">\uf14a<\/span><\/span><span class=\"dsm_icon_list_text\">Billet GRATUIT pour l&#039;invit\u00e9 d&#039;anniversaire !<\/span>\n\t\t\t<\/li><li class=\"dsm_icon_list_child dsm_icon_list_child_3\">\n\t\t\t\t\n\t\t\t\t\n\t\t\t\t\n\t\t\t\t\n\t\t\t\t<span class=\"dsm_icon_list_wrapper\"><span class=\"dsm_icon_list_icon\">\uf14a<\/span><\/span><span class=\"dsm_icon_list_text\">Bon de g\u00e2teau GRATUIT pour apporter votre propre g\u00e2teau dans le parc<\/span>\n\t\t\t<\/li><li class=\"dsm_icon_list_child dsm_icon_list_child_4\">\n\t\t\t\t\n\t\t\t\t\n\t\t\t\t\n\t\t\t\t\n\t\t\t\t<span class=\"dsm_icon_list_wrapper\"><span class=\"dsm_icon_list_icon\"><\/span><\/span><span class=\"dsm_icon_list_text\">\u00bbChoisissez<\/span>\n\t\t\t<\/li><\/p>\n","protected":false},"author":62,"featured_media":0,"parent":0,"menu_order":0,"comment_status":"closed","ping_status":"closed","template":"","meta":{"_acf_changed":false,"_et_pb_use_builder":"on","_et_pb_old_content":"","_et_gb_content_width":"","footnotes":""},"class_list":["post-23355","page","type-page","status-publish","hentry"],"acf":[],"_links":{"self":[{"href":"https:\/\/calypsopark.com\/fr\/wp-json\/wp\/v2\/pages\/23355","targetHints":{"allow":["GET"]}}],"collection":[{"href":"https:\/\/calypsopark.com\/fr\/wp-json\/wp\/v2\/pages"}],"about":[{"href":"https:\/\/calypsopark.com\/fr\/wp-json\/wp\/v2\/types\/page"}],"author":[{"embeddable":true,"href":"https:\/\/calypsopark.com\/fr\/wp-json\/wp\/v2\/users\/62"}],"replies":[{"embeddable":true,"href":"https:\/\/calypsopark.com\/fr\/wp-json\/wp\/v2\/comments?post=23355"}],"version-history":[{"count":0,"href":"https:\/\/calypsopark.com\/fr\/wp-json\/wp\/v2\/pages\/23355\/revisions"}],"wp:attachment":[{"href":"https:\/\/calypsopark.com\/fr\/wp-json\/wp\/v2\/media?parent=23355"}],"curies":[{"name":"wp","href":"https:\/\/api.w.org\/{rel}","templated":true}]}}